{"id":22445,"date":"2018-03-15T11:43:26","date_gmt":"2018-03-15T14:43:26","guid":{"rendered":"https:\/\/kpn.com.uy\/web\/?post_type=product&#038;p=22445"},"modified":"2021-01-06T16:47:47","modified_gmt":"2021-01-06T19:47:47","slug":"estacion-c5","status":"publish","type":"product","link":"https:\/\/kpn.com.uy\/web\/producto\/estacion-c5\/","title":{"rendered":"Estaci\u00f3n Trimble C5"},"content":{"rendered":"<a class=\"maxbutton-1 maxbutton maxbutton-descargarpdf\" target=\"_blank\" rel=\"noopener\" href=\"https:\/\/drive.google.com\/file\/d\/13ohzqjkK0hEjXna8MfMpkrIv2HUbS_cS\/view\"><span class='mb-text'>DESCARGAR PDF<\/span><\/a>\n<p>&nbsp;<\/p>\n<p><iframe width=\"1136\" height=\"639\" src=\"https:\/\/www.youtube.com\/embed\/6elS79q3lUw?feature=oembed\" frameborder=\"0\" allow=\"accelerometer; autoplay; clipboard-write; encrypted-media; gyroscope; picture-in-picture\" allowfullscreen><\/iframe><\/p>\n","protected":false},"excerpt":{"rendered":"<p>La nueva estaci\u00f3n total mec\u00e1nica Trimble\u00ae C5 completa el portfolio superior de la industria con funciones que aumentan la productividad, ahorran tiempo, y agilizan y facilitan el trabajo en el campo. La Trimble C5 es robusta y confiable con un dise\u00f1o de f\u00e1cil uso. Limita la fatiga del operador incluso en las condiciones de trabajo m\u00e1s duras. En un amplio rango de proyectos y en distintas configuraciones de todo el mundo, el instrumento C5 trabaja duro, capturando r\u00e1pidamente medidas precisas y eliminando el tiempo de inactividad. Gracias al enfoque autom\u00e1tico de Nikon, la C5 puede enfocar con rapidez y precisi\u00f3n a la distancia anticipada, de forma que los usuarios solo tienen que visar, disparar y seguir con su trabajo. Esto significa que cualquier d\u00eda pasado en el campo puede ser altamente productivo. Los componentes \u00f3pticos Nikon de calidad superior permiten obtener visuales n\u00edtidas y claras incluso en condiciones de poca luz. liviano y compacto, lo cual facilita su almacenamiento, transporte y configuraci\u00f3n. Es f\u00e1cil de trasladar mientras trabaja en el campo. Los usuarios pueden trabajar todo el tiempo que quieran sin cansarse. Dada su construcci\u00f3n robusta puede trabajar en cualquier condici\u00f3n y en cualquier lugar.<\/p>\n<p>CARACTER\u00cdSTICAS PRINCIPALES:<\/p>\n<ul>\n<li><strong>Enfoque autom\u00e1tico que permite enfocar con precisi\u00f3n r\u00e1pidamente<\/strong><\/li>\n<li>Potente MED de largo alcance<\/li>\n<li>Pantallas t\u00e1ctiles a color de alta resoluci\u00f3n dobles<\/li>\n<li>Tecnolog\u00eda de localizaci\u00f3n y seguridad L2P<\/li>\n<li>Dise\u00f1o liviano, compacto y robusto<\/li>\n<\/ul>\n<p>&nbsp;<\/p>\n[embed]https:\/\/www.youtube.com\/watch?v=Fxer-O_9GCc[\/embed]\n","protected":false},"featured_media":22449,"template":"","meta":{"_exactmetrics_skip_tracking":false,"_exactmetrics_sitenote_active":false,"_exactmetrics_sitenote_note":"","_exactmetrics_sitenote_category":0,"_monsterinsights_skip_tracking":false,"_monsterinsights_sitenote_active":false,"_monsterinsights_sitenote_note":"","_monsterinsights_sitenote_category":0},"product_brand":[],"product_cat":[274,75],"product_tag":[],"class_list":{"0":"post-22445","1":"product","2":"type-product","3":"status-publish","4":"has-post-thumbnail","6":"product_cat-estaciones-totales","7":"product_cat-estacionestotales","9":"first","10":"instock","11":"shipping-taxable","12":"product-type-simple","13":"col-xxl","14":"col-xl-4","15":"col-lg-6","16":"col-sm-6"},"_links":{"self":[{"href":"https:\/\/kpn.com.uy\/web\/wp-json\/wp\/v2\/product\/22445","targetHints":{"allow":["GET"]}}],"collection":[{"href":"https:\/\/kpn.com.uy\/web\/wp-json\/wp\/v2\/product"}],"about":[{"href":"https:\/\/kpn.com.uy\/web\/wp-json\/wp\/v2\/types\/product"}],"wp:featuredmedia":[{"embeddable":true,"href":"https:\/\/kpn.com.uy\/web\/wp-json\/wp\/v2\/media\/22449"}],"wp:attachment":[{"href":"https:\/\/kpn.com.uy\/web\/wp-json\/wp\/v2\/media?parent=22445"}],"wp:term":[{"taxonomy":"product_brand","embeddable":true,"href":"https:\/\/kpn.com.uy\/web\/wp-json\/wp\/v2\/product_brand?post=22445"},{"taxonomy":"product_cat","embeddable":true,"href":"https:\/\/kpn.com.uy\/web\/wp-json\/wp\/v2\/product_cat?post=22445"},{"taxonomy":"product_tag","embeddable":true,"href":"https:\/\/kpn.com.uy\/web\/wp-json\/wp\/v2\/product_tag?post=22445"}],"curies":[{"name":"wp","href":"https:\/\/api.w.org\/{rel}","templated":true}]}}