{"id":22447,"date":"2018-03-15T12:29:13","date_gmt":"2018-03-15T15:29:13","guid":{"rendered":"https:\/\/kpn.com.uy\/web\/?post_type=product&#038;p=22447"},"modified":"2021-01-06T16:46:11","modified_gmt":"2021-01-06T19:46:11","slug":"estacion-c3","status":"publish","type":"product","link":"https:\/\/kpn.com.uy\/web\/producto\/estacion-c3\/","title":{"rendered":"Estacion Trimble C3"},"content":{"rendered":"<a class=\"maxbutton-1 maxbutton maxbutton-descargarpdf\" target=\"_blank\" rel=\"noopener\" href=\"https:\/\/drive.google.com\/file\/d\/1h_psByZHBg_0sTzia-KX7PSL6D1eCdQv\/view\"><span class='mb-text'>DESCARGAR PDF<\/span><\/a>\n<p>&nbsp;<\/p>\n<p><iframe width=\"1136\" height=\"639\" src=\"https:\/\/www.youtube.com\/embed\/6elS79q3lUw?feature=oembed\" frameborder=\"0\" allow=\"accelerometer; autoplay; clipboard-write; encrypted-media; gyroscope; picture-in-picture\" allowfullscreen><\/iframe><\/p>\n","protected":false},"excerpt":{"rendered":"<p>Disponible en 1&#8243; 2 &#8221; 3&#8243; y 5&#8243;.<\/p>\n<p>La estaci\u00f3n mec\u00e1nica Trimble C3 ofrece el rango de funciones que necesita, independientemente del proyecto o del terreno. Este instrumento duradero de f\u00e1cil uso es la nueva adici\u00f3n al portfolio superior de la industria, y reduce la fatiga del trabajador incluso cuando se usa en las condiciones de trabajo m\u00e1s duras. Sus prestaciones no solo aumentan la productividad y ahorran tiempo, sino que adem\u00e1s facilitan el trabajo en el campo a top\u00f3grafos de todo el mundo.<\/p>\n<p>Conf\u00ede en la Trimble C3; con ell obtendr\u00e1 medidas precisas, eliminar\u00e1 el tiempo de inactividad, y podr\u00e1 terminar todos los trabajos r\u00e1pida y eficazmente<\/p>\n<p>CARACTER\u00cdSTICAS PRINCIPALES:<\/p>\n<ul>\n<li>Enfoque autom\u00e1tico de Nikon<\/li>\n<li>Potente MED de largo alcance<\/li>\n<li>Dise\u00f1o liviano, compacto y robust<\/li>\n<li>Pantallas de doble cara<\/li>\n<li>Software integrado intuitivo<\/li>\n<\/ul>\n<p>&nbsp;<\/p>\n","protected":false},"featured_media":22448,"template":"","meta":{"_exactmetrics_skip_tracking":false,"_exactmetrics_sitenote_active":false,"_exactmetrics_sitenote_note":"","_exactmetrics_sitenote_category":0,"_monsterinsights_skip_tracking":false,"_monsterinsights_sitenote_active":false,"_monsterinsights_sitenote_note":"","_monsterinsights_sitenote_category":0},"product_brand":[],"product_cat":[75,274],"product_tag":[],"class_list":{"0":"post-22447","1":"product","2":"type-product","3":"status-publish","4":"has-post-thumbnail","6":"product_cat-estacionestotales","7":"product_cat-estaciones-totales","9":"first","10":"instock","11":"shipping-taxable","12":"product-type-simple","13":"col-xxl","14":"col-xl-4","15":"col-lg-6","16":"col-sm-6"},"_links":{"self":[{"href":"https:\/\/kpn.com.uy\/web\/wp-json\/wp\/v2\/product\/22447","targetHints":{"allow":["GET"]}}],"collection":[{"href":"https:\/\/kpn.com.uy\/web\/wp-json\/wp\/v2\/product"}],"about":[{"href":"https:\/\/kpn.com.uy\/web\/wp-json\/wp\/v2\/types\/product"}],"wp:featuredmedia":[{"embeddable":true,"href":"https:\/\/kpn.com.uy\/web\/wp-json\/wp\/v2\/media\/22448"}],"wp:attachment":[{"href":"https:\/\/kpn.com.uy\/web\/wp-json\/wp\/v2\/media?parent=22447"}],"wp:term":[{"taxonomy":"product_brand","embeddable":true,"href":"https:\/\/kpn.com.uy\/web\/wp-json\/wp\/v2\/product_brand?post=22447"},{"taxonomy":"product_cat","embeddable":true,"href":"https:\/\/kpn.com.uy\/web\/wp-json\/wp\/v2\/product_cat?post=22447"},{"taxonomy":"product_tag","embeddable":true,"href":"https:\/\/kpn.com.uy\/web\/wp-json\/wp\/v2\/product_tag?post=22447"}],"curies":[{"name":"wp","href":"https:\/\/api.w.org\/{rel}","templated":true}]}}