{"id":22601,"date":"2018-07-19T16:31:42","date_gmt":"2018-07-19T19:31:42","guid":{"rendered":"https:\/\/kpn.com.uy\/web\/?post_type=product&#038;p=22601"},"modified":"2018-07-19T16:38:02","modified_gmt":"2018-07-19T19:38:02","slug":"gstar-cad-2018","status":"publish","type":"product","link":"https:\/\/kpn.com.uy\/web\/producto\/gstar-cad-2018\/","title":{"rendered":"Gstar CAD 2018"},"content":{"rendered":"<h2 class=\"vc_custom_heading\">\u00a1NUEVAS CARACTER\u00cdSTICAS PARA UN DISE\u00d1O EFICIENTE GSTARCAD 2018!<\/h2>\n<div class=\"col-md-6\">\n<div class=\"cs-column-text\">\n<p><strong>\u00a1Opciones Array!<\/strong><\/p>\n<p>Existen nuevas opciones de matriz disponibles para crear copias de objetos dispuestos en patr\u00f3n RECTANGULAR, POLAR o PATH. El nuevo objeto de matriz es un todo (bloque din\u00e1mico). Se puede ajustar din\u00e1micamente por el n\u00famero de objetos, el espaciado y otros par\u00e1metros relacionados a trav\u00e9s del panel de la cinta y de los pu\u00f1os multifuncionales.<\/p>\n<\/div>\n<\/div>\n<div class=\"col-md-6\">\u00a0<img decoding=\"async\" src=\"https:\/\/www.gstarcad.co\/wp-content\/uploads\/foto1-300x205.jpg\" \/><\/div>\n<div><\/div>\n<div>\n<p><strong>\u00a1CLIP!<\/strong><\/p>\n<p>La nueva orden CLIP pinza un bloque, una referencia externa, una imagen, una ventana de visualizaci\u00f3n y una subyacente (PDF o DGN) a un l\u00edmite especificado. Puede utilizarse para reemplazar los comandos XCLIP, IMAGECLIP, VPCLIP, PDFCLIP, DGNCLIP.<\/p>\n<\/div>\n<p><img decoding=\"async\" src=\"https:\/\/www.gstarcad.co\/wp-content\/uploads\/foto2-300x151.jpg\" \/><\/p>\n<p><strong>DWG CONVERT<\/strong><\/p>\n<p>El comando DWGCONVERT convierte uno o un grupo de archivos de dibujo seleccionados en otra versi\u00f3n de dwg disponible. El archivo reci\u00e9n generado puede sobrescribir el original y tambi\u00e9n se puede comprimir en un archivo EXE autoextra\u00edble o en un archivo ZIP para facilitar la conversi\u00f3n de formato por lotes de todo el dibujo del proyecto.<\/p>\n<p><img decoding=\"async\" src=\"https:\/\/www.gstarcad.co\/wp-content\/uploads\/foto3-300x137.jpg\" \/><\/p>\n<p><strong>PLANO DE SECCI\u00d3N<\/strong><\/p>\n<p>El comando SECTIONPLANE crea un objeto de secci\u00f3n que act\u00faa como plano de corte a trav\u00e9s de objetos 3D y guarda el plano de secci\u00f3n seleccionado como un bloque 2D o 3D. Puede mover el objeto de secci\u00f3n din\u00e1micamente en un modelo 3D o en un \u00e1rea de superficie. Puede utilizar la secci\u00f3n activa en el modelo de an\u00e1lisis moviendo el objeto de secci\u00f3n en el objeto. Crear vistas transversales que se pueden guardar o reutilizar.<\/p>\n<p><img decoding=\"async\" src=\"https:\/\/www.gstarcad.co\/wp-content\/uploads\/foto4-300x137.jpg\" \/><\/p>\n<p><strong>HATCH TO BACK<\/strong><\/p>\n<p>Para evitar que un patr\u00f3n de llenado bloquee cualquier texto, etiqueta u otros gr\u00e1ficos en el dibujo actual, puede establecer el orden de visualizaci\u00f3n de todos los patrones de relleno en la posici\u00f3n posterior de todos los dem\u00e1s objetos con el comando HATCHTOBACK.<\/p>\n<p><img decoding=\"async\" src=\"https:\/\/www.gstarcad.co\/wp-content\/uploads\/foto5-300x149.jpg\" \/><\/p>\n<p><strong>A\u00d1ADIR SELECCIONADOS<\/strong><\/p>\n<p>El comando ADDSELECTED crea un nuevo objeto del mismo tipo y propiedades que el objeto seleccionado pero con valores geom\u00e9tricos diferentes.<\/p>\n<p><img decoding=\"async\" src=\"https:\/\/www.gstarcad.co\/wp-content\/uploads\/foto6-300x181.jpg\" \/><\/p>\n<p><strong>MULTIPLE<\/strong><\/p>\n<p>El comando MULTIPLE ejecuta un comando de forma repetitiva, evitando pulsar enter o tecla de barra espaciadora.<\/p>\n<p><img decoding=\"async\" src=\"https:\/\/www.gstarcad.co\/wp-content\/uploads\/foto7-300x146.jpg\" \/><\/p>\n<p><strong>AREATABLE<\/strong><\/p>\n<p>El comando AREATABLE autom\u00e1ticamente dimensiona y cuenta el \u00e1rea de un objeto cerrado y exporta el resultado a una tabla en el \u00e1rea de dibujo.<\/p>\n<p><img decoding=\"async\" src=\"https:\/\/www.gstarcad.co\/wp-content\/uploads\/foto8-300x146.jpg\" \/><\/p>\n<p>&nbsp;<\/p>\n<p><a href=\"https:\/\/www.youtube.com\/watch?v=tOo-J0EakMo&amp;list=PLn37Qickco51Pdk4qwjmvR2OttCC1td2v\">https:\/\/www.youtube.com\/watch?v=rq9lpKSjHnI<\/a><\/p>\n<p>&nbsp;<\/p>\n<p>&nbsp;<\/p>\n","protected":false},"excerpt":{"rendered":"<p><strong>GstarCAD 2018<\/strong>\u00a0es un potente software de dise\u00f1o en 2D y 3D destinado a\u00a0<strong>ahorrarte innumerables horas de dise\u00f1o y trabajo\u00a0<\/strong>a trav\u00e9s de un sin fin de prestaciones\u00a0sencillas de utilizar.<\/p>\n<p>Esta versi\u00f3n ha sido espec\u00edficamente enfocada en ofrecer al usuario una manera mucho m\u00e1s sencilla e intuitiva de usar el programa y, a su vez,\u00a0<strong>augmentar el rendimiento<\/strong>\u00a0sin necesidad de utilizar ordenadores muy potentes.<\/p>\n<p>Los m\u00e9todos de operaci\u00f3n flexibles sobre una plataforma mucho m\u00e1s optimizada dan al usuario la capacidad de realizar sus<strong>\u00a0dise\u00f1os de una manera mucho m\u00e1s eficiente<\/strong>.<\/p>\n<p>&nbsp;<\/p>\n<p>USUARIOS<\/p>\n<p>Arquitecto \/ Ingeniero independiente<br \/>\nPeque\u00f1o despacho de arquitectura \/ ingenier\u00eda<br \/>\nArquitectura de interiores \/ interiorismo<br \/>\nDespacho de estructuras \/ instalaciones<br \/>\nDespacho de fotorrealismo, animaci\u00f3n y realidad\u00a0virtual<br \/>\nC\u00e1lculo de costos, precios unitarios, concursos<br \/>\nVenta de maquinaria y\/o herramienta<br \/>\nProveedor de la industria (arquitectura \/\u00a0construcci\u00f3n)<br \/>\nContratista \/ constructora<br \/>\nEmpresa de manufactura \/ dise\u00f1o (ind. automotriz)<br \/>\nDespachos de arquitectura medianos \/ grandes<br \/>\nDesarrolladora<br \/>\nConstructora<br \/>\nInmobiliaria<br \/>\nProveedor mayorista<br \/>\nInstituci\u00f3n educativa, escuela, universidad<\/p>\n<p>&nbsp;<\/p>\n","protected":false},"featured_media":22602,"template":"","meta":{"_exactmetrics_skip_tracking":false,"_exactmetrics_sitenote_active":false,"_exactmetrics_sitenote_note":"","_exactmetrics_sitenote_category":0,"_monsterinsights_skip_tracking":false,"_monsterinsights_sitenote_active":false,"_monsterinsights_sitenote_note":"","_monsterinsights_sitenote_category":0},"product_brand":[],"product_cat":[258,109,289,71],"product_tag":[],"class_list":{"0":"post-22601","1":"product","2":"type-product","3":"status-publish","4":"has-post-thumbnail","6":"product_cat-arquitectura","7":"product_cat-ingenieria","8":"product_cat-software-arquitectura","9":"product_cat-softwareingenieria","11":"first","12":"instock","13":"shipping-taxable","14":"product-type-simple","15":"col-xxl","16":"col-xl-4","17":"col-lg-6","18":"col-sm-6"},"_links":{"self":[{"href":"https:\/\/kpn.com.uy\/web\/wp-json\/wp\/v2\/product\/22601","targetHints":{"allow":["GET"]}}],"collection":[{"href":"https:\/\/kpn.com.uy\/web\/wp-json\/wp\/v2\/product"}],"about":[{"href":"https:\/\/kpn.com.uy\/web\/wp-json\/wp\/v2\/types\/product"}],"wp:featuredmedia":[{"embeddable":true,"href":"https:\/\/kpn.com.uy\/web\/wp-json\/wp\/v2\/media\/22602"}],"wp:attachment":[{"href":"https:\/\/kpn.com.uy\/web\/wp-json\/wp\/v2\/media?parent=22601"}],"wp:term":[{"taxonomy":"product_brand","embeddable":true,"href":"https:\/\/kpn.com.uy\/web\/wp-json\/wp\/v2\/product_brand?post=22601"},{"taxonomy":"product_cat","embeddable":true,"href":"https:\/\/kpn.com.uy\/web\/wp-json\/wp\/v2\/product_cat?post=22601"},{"taxonomy":"product_tag","embeddable":true,"href":"https:\/\/kpn.com.uy\/web\/wp-json\/wp\/v2\/product_tag?post=22601"}],"curies":[{"name":"wp","href":"https:\/\/api.w.org\/{rel}","templated":true}]}}