{"id":22606,"date":"2018-07-20T10:01:22","date_gmt":"2018-07-20T13:01:22","guid":{"rendered":"https:\/\/kpn.com.uy\/web\/?post_type=product&#038;p=22606"},"modified":"2019-01-07T12:36:03","modified_gmt":"2019-01-07T15:36:03","slug":"f28x","status":"publish","type":"product","link":"https:\/\/kpn.com.uy\/web\/producto\/f28x\/","title":{"rendered":"NEDO F28x"},"content":{"rendered":"<div class=\"STYLE_12\" align=\"LEFT\"><b>Caracter\u00edsticas t\u00e9cnicas:<\/b><\/div>\n<div class=\"STYLE_12\" align=\"LEFT\">\n<table border=\"0\" cellspacing=\"0\" cellpadding=\"2\">\n<tbody>\n<tr>\n<td class=\"TabelleZeile1\" align=\"LEFT\" valign=\"TOP\" width=\"240\">Modelo<\/td>\n<td class=\"TabelleZeile1\" align=\"RIGHT\" valign=\"TOP\" width=\"120\">F24<\/td>\n<td class=\"TabelleZeile1\" align=\"RIGHT\" valign=\"TOP\" width=\"120\">F28<\/td>\n<td class=\"TabelleZeile1\" align=\"RIGHT\" valign=\"TOP\" width=\"120\">F32<\/td>\n<\/tr>\n<tr>\n<td class=\"TabelleZeile2\" align=\"LEFT\" valign=\"TOP\" width=\"240\">Imagen<\/td>\n<td class=\"TabelleZeile2\" align=\"RIGHT\" valign=\"TOP\" width=\"120\">vertical<\/td>\n<td class=\"TabelleZeile2\" align=\"RIGHT\" valign=\"TOP\" width=\"120\">vertical<\/td>\n<td class=\"TabelleZeile2\" align=\"RIGHT\" valign=\"TOP\" width=\"120\">vertical<\/td>\n<\/tr>\n<tr>\n<td class=\"TabelleZeile3\" align=\"LEFT\" valign=\"TOP\" width=\"240\">Aumentos<\/td>\n<td class=\"TabelleZeile3\" align=\"RIGHT\" valign=\"TOP\" width=\"120\">x24<\/td>\n<td class=\"TabelleZeile3\" align=\"RIGHT\" valign=\"TOP\" width=\"120\">x28<\/td>\n<td class=\"TabelleZeile3\" align=\"RIGHT\" valign=\"TOP\" width=\"120\">x32<\/td>\n<\/tr>\n<tr>\n<td class=\"TabelleZeile2\" align=\"LEFT\" valign=\"TOP\" width=\"240\">Di\u00e1metro del objetivo<\/td>\n<td class=\"TabelleZeile2\" align=\"RIGHT\" valign=\"TOP\" width=\"120\">30 mm<\/td>\n<td class=\"TabelleZeile2\" align=\"RIGHT\" valign=\"TOP\" width=\"120\">30 mm<\/td>\n<td class=\"TabelleZeile2\" align=\"RIGHT\" valign=\"TOP\" width=\"120\">40 mm<\/td>\n<\/tr>\n<tr>\n<td class=\"TabelleZeile3\" align=\"LEFT\" valign=\"TOP\" width=\"240\">Distancia de m\u00ednima de enfoque<\/td>\n<td class=\"TabelleZeile3\" align=\"RIGHT\" valign=\"TOP\" width=\"120\">0,6 m<\/td>\n<td class=\"TabelleZeile3\" align=\"RIGHT\" valign=\"TOP\" width=\"120\">0,6 m<\/td>\n<td class=\"TabelleZeile3\" align=\"RIGHT\" valign=\"TOP\" width=\"120\">0,6 m<\/td>\n<\/tr>\n<tr>\n<td class=\"TabelleZeile2\" align=\"LEFT\" valign=\"TOP\" width=\"240\">Constante de adici\u00f3n<\/td>\n<td class=\"TabelleZeile2\" align=\"RIGHT\" valign=\"TOP\" width=\"120\">0<\/td>\n<td class=\"TabelleZeile2\" align=\"RIGHT\" valign=\"TOP\" width=\"120\">0<\/td>\n<td class=\"TabelleZeile2\" align=\"RIGHT\" valign=\"TOP\" width=\"120\">0<\/td>\n<\/tr>\n<tr>\n<td class=\"TabelleZeile3\" align=\"LEFT\" valign=\"TOP\" width=\"240\">Constante de multiplicaci\u00f3n<\/td>\n<td class=\"TabelleZeile3\" align=\"RIGHT\" valign=\"TOP\" width=\"120\">100<\/td>\n<td class=\"TabelleZeile3\" align=\"RIGHT\" valign=\"TOP\" width=\"120\">100<\/td>\n<td class=\"TabelleZeile3\" align=\"RIGHT\" valign=\"TOP\" width=\"120\">100<\/td>\n<\/tr>\n<tr>\n<td class=\"TabelleZeile2\" align=\"LEFT\" valign=\"TOP\" width=\"240\">Rango del compensador<\/td>\n<td class=\"TabelleZeile2\" align=\"RIGHT\" valign=\"TOP\" width=\"120\">\u00b115&#8242;<\/td>\n<td class=\"TabelleZeile2\" align=\"RIGHT\" valign=\"TOP\" width=\"120\">\u00b115&#8242;<\/td>\n<td class=\"TabelleZeile2\" align=\"RIGHT\" valign=\"TOP\" width=\"120\">\u00b115&#8242;<\/td>\n<\/tr>\n<tr>\n<td class=\"TabelleZeile3\" align=\"LEFT\" valign=\"TOP\" width=\"240\">Precisi\u00f3n de ajuste<\/td>\n<td class=\"TabelleZeile3\" align=\"RIGHT\" valign=\"TOP\" width=\"120\">\u00b10,5&#8243;<\/td>\n<td class=\"TabelleZeile3\" align=\"RIGHT\" valign=\"TOP\" width=\"120\">\u00b10,3&#8243;<\/td>\n<td class=\"TabelleZeile3\" align=\"RIGHT\" valign=\"TOP\" width=\"120\">\u00b10,3&#8243;<\/td>\n<\/tr>\n<tr>\n<td class=\"TabelleZeile2\" align=\"LEFT\" valign=\"TOP\" width=\"240\">Graduaci\u00f3n circular<\/td>\n<td class=\"TabelleZeile2\" align=\"RIGHT\" valign=\"TOP\" width=\"120\">400 gon<\/td>\n<td class=\"TabelleZeile2\" align=\"RIGHT\" valign=\"TOP\" width=\"120\">400 gon<\/td>\n<td class=\"TabelleZeile2\" align=\"RIGHT\" valign=\"TOP\" width=\"120\">400 gon<\/td>\n<\/tr>\n<tr>\n<td class=\"TabelleZeile3\" align=\"LEFT\" valign=\"TOP\" width=\"240\">Sensibilidad del nivel<\/td>\n<td class=\"TabelleZeile3\" align=\"RIGHT\" valign=\"TOP\" width=\"120\">8&#8217;\/2 mm<\/td>\n<td class=\"TabelleZeile3\" align=\"RIGHT\" valign=\"TOP\" width=\"120\">8&#8217;\/2 mm<\/td>\n<td class=\"TabelleZeile3\" align=\"RIGHT\" valign=\"TOP\" width=\"120\">8&#8217;\/2 mm<\/td>\n<\/tr>\n<tr>\n<td class=\"TabelleZeile2\" align=\"LEFT\" valign=\"TOP\" width=\"240\">Desviaci\u00f3n est\u00e1ndar para 1 km<br \/>\nnivelaci\u00f3n doble<\/td>\n<td class=\"TabelleZeile2\" align=\"RIGHT\" valign=\"TOP\" width=\"120\">\u00b12,5 mm<\/td>\n<td class=\"TabelleZeile2\" align=\"RIGHT\" valign=\"TOP\" width=\"120\">\u00b12,0 mm<\/td>\n<td class=\"TabelleZeile2\" align=\"RIGHT\" valign=\"TOP\" width=\"120\">\u00b11,5 mm<\/td>\n<\/tr>\n<tr>\n<td class=\"TabelleZeile3\" align=\"LEFT\" valign=\"TOP\" width=\"240\">Clase de protecci\u00f3n<\/td>\n<td class=\"TabelleZeile3\" align=\"RIGHT\" valign=\"TOP\" width=\"120\">IP 54<\/td>\n<td class=\"TabelleZeile3\" align=\"RIGHT\" valign=\"TOP\" width=\"120\">IP 54<\/td>\n<td class=\"TabelleZeile3\" align=\"RIGHT\" valign=\"TOP\" width=\"120\">IP 54<\/td>\n<\/tr>\n<tr>\n<td class=\"TabelleZeile2\" align=\"LEFT\" valign=\"TOP\" width=\"240\">Peso<\/td>\n<td class=\"TabelleZeile2\" align=\"RIGHT\" valign=\"TOP\" width=\"120\">1,26 kg<\/td>\n<td class=\"TabelleZeile2\" align=\"RIGHT\" valign=\"TOP\" width=\"120\">1,26 kg<\/td>\n<td class=\"TabelleZeile2\" align=\"RIGHT\" valign=\"TOP\" width=\"120\">1,26 kg<\/td>\n<\/tr>\n<tr>\n<td class=\"TabelleZeile3\" align=\"LEFT\" valign=\"TOP\" width=\"240\">Rosca de conexi\u00f3n<\/td>\n<td class=\"TabelleZeile3\" align=\"RIGHT\" valign=\"TOP\" width=\"120\">5\/8&#8243;<\/td>\n<td class=\"TabelleZeile3\" align=\"RIGHT\" valign=\"TOP\" width=\"120\">5\/8&#8243;<\/td>\n<td class=\"TabelleZeile3\" align=\"RIGHT\" valign=\"TOP\" width=\"120\">5\/8&#8243;<\/td>\n<\/tr>\n<tr>\n<td class=\"TabelleZeile2\" align=\"LEFT\" valign=\"TOP\" width=\"240\">N\u00b0 ref.<\/td>\n<td class=\"TabelleZeile2\" align=\"RIGHT\" valign=\"TOP\" width=\"120\">460 777-613<\/td>\n<td class=\"TabelleZeile2\" align=\"RIGHT\" valign=\"TOP\" width=\"120\">460 795-613<\/td>\n<td class=\"TabelleZeile2\" align=\"RIGHT\" valign=\"TOP\" width=\"120\">460 797-613<\/td>\n<\/tr>\n<tr>\n<td class=\"TabelleZeile3\" align=\"LEFT\" valign=\"TOP\" width=\"240\">N\u00b0 ref set de nivelaci\u00f3n*<\/td>\n<td class=\"TabelleZeile3\" align=\"RIGHT\" valign=\"TOP\" width=\"120\">463 105<\/td>\n<td class=\"TabelleZeile3\" align=\"RIGHT\" valign=\"TOP\" width=\"120\">465 105<\/td>\n<td class=\"TabelleZeile3\" align=\"RIGHT\" valign=\"TOP\" width=\"120\">466 105<\/td>\n<\/tr>\n<\/tbody>\n<\/table>\n<\/div>\n<p><a href=\"http:\/\/download.nedo.com\/flyer\/%5Bes%5D%20niveles%20serie%20f.pdf\">http:\/\/download.nedo.com\/flyer\/[es]%20niveles%20serie%20f.pdf<\/a><\/p>\n","protected":false},"excerpt":{"rendered":"<div class=\"STYLE_12\" align=\"LEFT\">La \u00f3ptica de calidad superior con 24, 28 \u00f3 32\u00a0aumentos, el compensador de calidad excelente\u00a0y amortiguaci\u00f3n neum\u00e1tica y el moderno dise\u00f1o<br \/>\ncaracterizan los niveles para la construcci\u00f3n de\u00a0la serie F. \u00d3ptimos para condiciones duras de\u00a0aplicaci\u00f3n.<b>Caracter\u00edsticas:<\/b><\/div>\n<div class=\"STYLE_12\" align=\"LEFT\">\n<ul type=\"square\">\n<li>Nivel autom\u00e1tico para la construcci\u00f3n con 24,\u00a028 \u00f3 32 aumentos<\/li>\n<li>\u00d3ptica luminosa con gran di\u00e1metro del objetivo<\/li>\n<li>Compensador robusto y fiable con amortiguaci\u00f3n\u00a0magn\u00e9tica<\/li>\n<li>Imagen con fuerte contraste<\/li>\n<li>Certificado de ensayo<\/li>\n<li>Completo con plomada, aguja de ajuste y s\u00f3lida\u00a0maleta de transporte<\/li>\n<li>Tambi\u00e9n puede suministrarse como juego<\/li>\n<\/ul>\n<\/div>\n","protected":false},"featured_media":22607,"template":"","meta":{"_exactmetrics_skip_tracking":false,"_exactmetrics_sitenote_active":false,"_exactmetrics_sitenote_note":"","_exactmetrics_sitenote_category":0,"_monsterinsights_skip_tracking":false,"_monsterinsights_sitenote_active":false,"_monsterinsights_sitenote_note":"","_monsterinsights_sitenote_category":0},"product_brand":[],"product_cat":[258,109,99,264,76],"product_tag":[],"class_list":{"0":"post-22606","1":"product","2":"type-product","3":"status-publish","4":"has-post-thumbnail","6":"product_cat-arquitectura","7":"product_cat-ingenieria","8":"product_cat-nedo","9":"product_cat-nivel-optico","10":"product_cat-nivelesopticos","12":"first","13":"instock","14":"shipping-taxable","15":"product-type-simple","16":"col-xxl","17":"col-xl-4","18":"col-lg-6","19":"col-sm-6"},"_links":{"self":[{"href":"https:\/\/kpn.com.uy\/web\/wp-json\/wp\/v2\/product\/22606","targetHints":{"allow":["GET"]}}],"collection":[{"href":"https:\/\/kpn.com.uy\/web\/wp-json\/wp\/v2\/product"}],"about":[{"href":"https:\/\/kpn.com.uy\/web\/wp-json\/wp\/v2\/types\/product"}],"wp:featuredmedia":[{"embeddable":true,"href":"https:\/\/kpn.com.uy\/web\/wp-json\/wp\/v2\/media\/22607"}],"wp:attachment":[{"href":"https:\/\/kpn.com.uy\/web\/wp-json\/wp\/v2\/media?parent=22606"}],"wp:term":[{"taxonomy":"product_brand","embeddable":true,"href":"https:\/\/kpn.com.uy\/web\/wp-json\/wp\/v2\/product_brand?post=22606"},{"taxonomy":"product_cat","embeddable":true,"href":"https:\/\/kpn.com.uy\/web\/wp-json\/wp\/v2\/product_cat?post=22606"},{"taxonomy":"product_tag","embeddable":true,"href":"https:\/\/kpn.com.uy\/web\/wp-json\/wp\/v2\/product_tag?post=22606"}],"curies":[{"name":"wp","href":"https:\/\/api.w.org\/{rel}","templated":true}]}}