{"id":22711,"date":"2018-11-12T11:32:21","date_gmt":"2018-11-12T14:32:21","guid":{"rendered":"https:\/\/kpn.com.uy\/web\/?post_type=product&#038;p=22711"},"modified":"2019-12-06T15:51:01","modified_gmt":"2019-12-06T18:51:01","slug":"compactcube-laser-3","status":"publish","type":"product","link":"https:\/\/kpn.com.uy\/web\/producto\/compactcube-laser-3\/","title":{"rendered":"CompactCube-Laser 3"},"content":{"rendered":"<p><span class=\"fontstyle0\">\u2013 <\/span><span class=\"fontstyle2\">PowerBright-Laser: <\/span><span class=\"fontstyle0\">Diodos l\u00e1ser especiales de\u00a0alta potencia generan l\u00edneas l\u00e1ser muy visibles.<br \/>\n\u2013 Las <\/span><span class=\"fontstyle2\">3 l\u00edneas l\u00e1ser muy visibles <\/span><span class=\"fontstyle0\">son ideales\u00a0para alinear baldosas, montantes, ventanas,\u00a0puertas, etc.<br \/>\n\u2013 Las <\/span><span class=\"fontstyle2\">2 l\u00edneas l\u00e1ser verticales <\/span><span class=\"fontstyle0\">est\u00e1n niveladas\u00a0perpendicularmente.<br \/>\n\u2013 <\/span><span class=\"fontstyle2\">Automatic Level: <\/span><span class=\"fontstyle0\">alineaci\u00f3n autom\u00e1tica\u00a0mediante un sistema de p\u00e9ndulo con\u00a0amortiguaci\u00f3n magn\u00e9tica.<br \/>\n\u2013 L\u00edneas l\u00e1ser <\/span><span class=\"fontstyle2\">de conexi\u00f3n individual\u00a0<\/span><span class=\"fontstyle0\">\u2013 <\/span><span class=\"fontstyle2\">Modo de inclinaci\u00f3n adicional <\/span><span class=\"fontstyle0\">para crear\u00a0planos inclinados.<br \/>\n\u2013 <\/span><span class=\"fontstyle2\">Nivelaci\u00f3n Out-Off: <\/span><span class=\"fontstyle0\">el aparato indica que\u00a0se encuentra fuera del rango de nivelaci\u00f3n\u00a0mediante se\u00f1ales \u00f3pticas.<br \/>\n\u2013 <\/span><span class=\"fontstyle2\">Bloqueo de transporte: <\/span><span class=\"fontstyle0\">el bloqueo del p\u00e9ndulo protege el dispositivo durante el transporte.<br \/>\n\u2013 <\/span><span class=\"fontstyle2\">Modelo peque\u00f1o y compacto <\/span><span class=\"fontstyle0\">\u2013 apropiado\u00a0para todo tipo de cajas de herramientas<br \/>\n\u2013 S\u00f3lida carcasa ergon\u00f3mica con\u00a0<\/span><span class=\"fontstyle2\">goma de protecci\u00f3n<\/span><\/p>\n<p><img fetchpriority=\"high\" decoding=\"async\" class=\"alignnone wp-image-22717 aligncenter\" src=\"https:\/\/kpn.com.uy\/web\/wp-content\/uploads\/2018\/11\/tabla-compactcube.jpg\" alt=\"\" width=\"326\" height=\"480\" srcset=\"https:\/\/kpn.com.uy\/web\/wp-content\/uploads\/2018\/11\/tabla-compactcube.jpg 1469w, https:\/\/kpn.com.uy\/web\/wp-content\/uploads\/2018\/11\/tabla-compactcube-500x736.jpg 500w, https:\/\/kpn.com.uy\/web\/wp-content\/uploads\/2018\/11\/tabla-compactcube-401x590.jpg 401w, https:\/\/kpn.com.uy\/web\/wp-content\/uploads\/2018\/11\/tabla-compactcube-480x706.jpg 480w, https:\/\/kpn.com.uy\/web\/wp-content\/uploads\/2018\/11\/tabla-compactcube-640x942.jpg 640w, https:\/\/kpn.com.uy\/web\/wp-content\/uploads\/2018\/11\/tabla-compactcube-63x92.jpg 63w, https:\/\/kpn.com.uy\/web\/wp-content\/uploads\/2018\/11\/tabla-compactcube-100x147.jpg 100w, https:\/\/kpn.com.uy\/web\/wp-content\/uploads\/2018\/11\/tabla-compactcube-200x294.jpg 200w, https:\/\/kpn.com.uy\/web\/wp-content\/uploads\/2018\/11\/tabla-compactcube-300x442.jpg 300w\" sizes=\"(max-width: 326px) 100vw, 326px\" \/><\/p>\n<p>&nbsp;<\/p>\n<p><iframe width=\"1136\" height=\"639\" src=\"https:\/\/www.youtube.com\/embed\/MgZrNu_B17Q?feature=oembed\" frameborder=\"0\" allow=\"accelerometer; autoplay; encrypted-media; gyroscope; picture-in-picture\" allowfullscreen><\/iframe><\/p>\n","protected":false},"excerpt":{"rendered":"<p><span class=\"fontstyle0\">L\u00e1ser autom\u00e1tico de l\u00edneas cruzadas\u00a0con l\u00e1ser de 90\u00b0 lateral y funci\u00f3n\u00a0de inclinaci\u00f3n<\/span><\/p>\n<p><img decoding=\"async\" class=\"alignnone wp-image-22719\" src=\"https:\/\/kpn.com.uy\/web\/wp-content\/uploads\/2018\/11\/1-1.jpg\" alt=\"\" width=\"359\" height=\"240\" srcset=\"https:\/\/kpn.com.uy\/web\/wp-content\/uploads\/2018\/11\/1-1.jpg 1539w, https:\/\/kpn.com.uy\/web\/wp-content\/uploads\/2018\/11\/1-1-500x335.jpg 500w, https:\/\/kpn.com.uy\/web\/wp-content\/uploads\/2018\/11\/1-1-401x268.jpg 401w, https:\/\/kpn.com.uy\/web\/wp-content\/uploads\/2018\/11\/1-1-480x321.jpg 480w, https:\/\/kpn.com.uy\/web\/wp-content\/uploads\/2018\/11\/1-1-640x428.jpg 640w, https:\/\/kpn.com.uy\/web\/wp-content\/uploads\/2018\/11\/1-1-137x92.jpg 137w, https:\/\/kpn.com.uy\/web\/wp-content\/uploads\/2018\/11\/1-1-100x67.jpg 100w, https:\/\/kpn.com.uy\/web\/wp-content\/uploads\/2018\/11\/1-1-200x134.jpg 200w, https:\/\/kpn.com.uy\/web\/wp-content\/uploads\/2018\/11\/1-1-300x201.jpg 300w\" sizes=\"(max-width: 359px) 100vw, 359px\" \/> <img decoding=\"async\" class=\"alignnone wp-image-22720\" src=\"https:\/\/kpn.com.uy\/web\/wp-content\/uploads\/2018\/11\/2.jpg\" alt=\"\" width=\"505\" height=\"215\" \/><\/p>\n","protected":false},"featured_media":22713,"template":"","meta":{"_exactmetrics_skip_tracking":false,"_exactmetrics_sitenote_active":false,"_exactmetrics_sitenote_note":"","_exactmetrics_sitenote_category":0,"_monsterinsights_skip_tracking":false,"_monsterinsights_sitenote_active":false,"_monsterinsights_sitenote_note":"","_monsterinsights_sitenote_category":0},"product_brand":[],"product_cat":[258,106,266,323],"product_tag":[],"class_list":{"0":"post-22711","1":"product","2":"type-product","3":"status-publish","4":"has-post-thumbnail","6":"product_cat-arquitectura","7":"product_cat-marcas","8":"product_cat-nivel-laser","9":"product_cat-niveles-laser","11":"first","12":"instock","13":"shipping-taxable","14":"product-type-simple","15":"col-xxl","16":"col-xl-4","17":"col-lg-6","18":"col-sm-6"},"_links":{"self":[{"href":"https:\/\/kpn.com.uy\/web\/wp-json\/wp\/v2\/product\/22711","targetHints":{"allow":["GET"]}}],"collection":[{"href":"https:\/\/kpn.com.uy\/web\/wp-json\/wp\/v2\/product"}],"about":[{"href":"https:\/\/kpn.com.uy\/web\/wp-json\/wp\/v2\/types\/product"}],"wp:featuredmedia":[{"embeddable":true,"href":"https:\/\/kpn.com.uy\/web\/wp-json\/wp\/v2\/media\/22713"}],"wp:attachment":[{"href":"https:\/\/kpn.com.uy\/web\/wp-json\/wp\/v2\/media?parent=22711"}],"wp:term":[{"taxonomy":"product_brand","embeddable":true,"href":"https:\/\/kpn.com.uy\/web\/wp-json\/wp\/v2\/product_brand?post=22711"},{"taxonomy":"product_cat","embeddable":true,"href":"https:\/\/kpn.com.uy\/web\/wp-json\/wp\/v2\/product_cat?post=22711"},{"taxonomy":"product_tag","embeddable":true,"href":"https:\/\/kpn.com.uy\/web\/wp-json\/wp\/v2\/product_tag?post=22711"}],"curies":[{"name":"wp","href":"https:\/\/api.w.org\/{rel}","templated":true}]}}