{"id":22774,"date":"2018-12-27T15:48:41","date_gmt":"2018-12-27T18:48:41","guid":{"rendered":"https:\/\/kpn.com.uy\/web\/?post_type=product&#038;p=22774"},"modified":"2025-12-19T13:23:30","modified_gmt":"2025-12-19T16:23:30","slug":"sofware-realworks","status":"publish","type":"product","link":"https:\/\/kpn.com.uy\/web\/producto\/sofware-realworks\/","title":{"rendered":"Trimble Realworks Forensics"},"content":{"rendered":"<p><span style=\"color: #000000; font-family: tahoma, sans-serif;\">Ofrece a los usuarios forenses una herramienta dise\u00f1ada espec\u00edficamente para que el trabajo con datos escaneados sea menos intimidante y menos abrumador. El software est\u00e1 disponible con una licencia Dongle o de red.\u00a0<\/span><\/p>\n<p><span style=\"color: #000000; font-family: tahoma, sans-serif;\">Herramientas automatizadas para:<\/span><\/p>\n<ul>\n<li><span style=\"color: #000000; font-family: tahoma, sans-serif;\"> registro y limpieza de\u00a0<\/span><span style=\"color: #000000; font-family: tahoma, sans-serif;\">nubes de puntos <\/span><\/li>\n<li><span style=\"color: #000000; font-family: tahoma, sans-serif;\">i<\/span><span style=\"color: #000000; font-family: tahoma, sans-serif;\">mporte de datos recopilados con pr\u00e1cticamente cualquier esc\u00e1ner l\u00e1ser, incluidos los datos UAV procesados (formato .las)\u00a0<\/span><\/li>\n<li><span style=\"color: #000000; font-family: tahoma, sans-serif;\">Administrar, procesar y analizar grandes conjuntos de datos<\/span><\/li>\n<li><span style=\"color: #000000; font-family: tahoma, sans-serif;\">Exportar a Trimble Forensics Reveal<\/span><\/li>\n<\/ul>\n","protected":false},"excerpt":{"rendered":"<p>Software de escritorio avanzado para procesamiento, an\u00e1lisis y visualizaci\u00f3n de nubes de puntos 3D capturadas por esc\u00e1neres l\u00e1ser.<br \/>\nSe usa para:<\/p>\n<p>Alinear, limpiar y registrar m\u00faltiples escaneos.<\/p>\n<p>Reconstruir escenas complejas para an\u00e1lisis forense detallado.<\/p>\n<p>Generar planos, cortes, perfiles y modelos 3D para peritajes y documentaci\u00f3n.<\/p>\n<p>Comparar nubes de puntos con CAD u otros datos de referencia.<\/p>\n[maxbutton id=\"1\" url=\"https:\/\/drive.google.com\/file\/d\/1BWo_mejfZ6YjFh3d4OopXmKMN-cRzpsR\/view?usp=sharing\" text=\"HOJA DE DATOS\" window=\"new\" ]\n<p><img fetchpriority=\"high\" decoding=\"async\" class=\"alignnone size-full wp-image-25252\" src=\"https:\/\/kpn.com.uy\/web\/wp-content\/uploads\/2018\/12\/2.png\" alt=\"\" width=\"500\" height=\"500\" srcset=\"https:\/\/kpn.com.uy\/web\/wp-content\/uploads\/2018\/12\/2.png 500w, https:\/\/kpn.com.uy\/web\/wp-content\/uploads\/2018\/12\/2-401x401.png 401w, https:\/\/kpn.com.uy\/web\/wp-content\/uploads\/2018\/12\/2-480x480.png 480w, https:\/\/kpn.com.uy\/web\/wp-content\/uploads\/2018\/12\/2-92x92.png 92w, https:\/\/kpn.com.uy\/web\/wp-content\/uploads\/2018\/12\/2-100x100.png 100w, https:\/\/kpn.com.uy\/web\/wp-content\/uploads\/2018\/12\/2-200x200.png 200w, https:\/\/kpn.com.uy\/web\/wp-content\/uploads\/2018\/12\/2-300x300.png 300w\" sizes=\"(max-width: 500px) 100vw, 500px\" \/><\/p>\n","protected":false},"featured_media":25253,"template":"","meta":{"_exactmetrics_skip_tracking":false,"_exactmetrics_sitenote_active":false,"_exactmetrics_sitenote_note":"","_exactmetrics_sitenote_category":0,"_monsterinsights_skip_tracking":false,"_monsterinsights_sitenote_active":false,"_monsterinsights_sitenote_note":"","_monsterinsights_sitenote_category":0},"product_brand":[],"product_cat":[299,349],"product_tag":[],"class_list":{"0":"post-22774","1":"product","2":"type-product","3":"status-publish","4":"has-post-thumbnail","6":"product_cat-forense","7":"product_cat-software-forense","9":"first","10":"instock","11":"shipping-taxable","12":"product-type-simple","13":"col-xxl","14":"col-xl-4","15":"col-lg-6","16":"col-sm-6"},"_links":{"self":[{"href":"https:\/\/kpn.com.uy\/web\/wp-json\/wp\/v2\/product\/22774","targetHints":{"allow":["GET"]}}],"collection":[{"href":"https:\/\/kpn.com.uy\/web\/wp-json\/wp\/v2\/product"}],"about":[{"href":"https:\/\/kpn.com.uy\/web\/wp-json\/wp\/v2\/types\/product"}],"wp:featuredmedia":[{"embeddable":true,"href":"https:\/\/kpn.com.uy\/web\/wp-json\/wp\/v2\/media\/25253"}],"wp:attachment":[{"href":"https:\/\/kpn.com.uy\/web\/wp-json\/wp\/v2\/media?parent=22774"}],"wp:term":[{"taxonomy":"product_brand","embeddable":true,"href":"https:\/\/kpn.com.uy\/web\/wp-json\/wp\/v2\/product_brand?post=22774"},{"taxonomy":"product_cat","embeddable":true,"href":"https:\/\/kpn.com.uy\/web\/wp-json\/wp\/v2\/product_cat?post=22774"},{"taxonomy":"product_tag","embeddable":true,"href":"https:\/\/kpn.com.uy\/web\/wp-json\/wp\/v2\/product_tag?post=22774"}],"curies":[{"name":"wp","href":"https:\/\/api.w.org\/{rel}","templated":true}]}}