{"id":22813,"date":"2019-01-07T16:50:17","date_gmt":"2019-01-07T19:50:17","guid":{"rendered":"https:\/\/kpn.com.uy\/web\/?post_type=product&#038;p=22813"},"modified":"2019-12-09T12:39:43","modified_gmt":"2019-12-09T15:39:43","slug":"odometro-roll-pilot-s12","status":"publish","type":"product","link":"https:\/\/kpn.com.uy\/web\/producto\/odometro-roll-pilot-s12\/","title":{"rendered":"Odometro ROLL PILOT S12"},"content":{"rendered":"","protected":false},"excerpt":{"rendered":"<p>Od\u00f3metro para la aplicaci\u00f3n en rectas y curvas<br \/>\n-Esta rueda de medici\u00f3n mec\u00e1nica suministra daos exactos en todas las mediciones de distancias hasta 9.999,m<br \/>\n-Pantalla de grande tama\u00f1o con escala adicional de precisi\u00f3n (1-9cm)para realizar mediciones exactas.<br \/>\n-Suma al avanzar, resta al retroceder<br \/>\n-El indicador m\u00f3vil se\u00f1ala la posici\u00f3n exacta de inicio y la posici\u00f3n final<br \/>\n-Modelo plegable y bolsa para facilitar el transporte<br \/>\n-Fijaci\u00f3n de la rueda y posici\u00f3n cero directamente en el mango<br \/>\n-Accionamiento card\u00e1n de la escala, sin desgaste<br \/>\n-Precisi\u00f3n +-0.1%<br \/>\n-Rueda de medici\u00f3n con 1m de per\u00edmetro<\/p>\n<p>&nbsp;<\/p>\n<p>Di\u00e1metro de la rueda\u00a0 \u00a0 \u00a0 \u00a0 \u00a0 \u00a0 \u00a0 \u00a031.4cm<br \/>\nL\u00edmite de medici\u00f3n\u00a0 \u00a0 \u00a0 \u00a0 \u00a0 \u00a0 \u00a0 \u00a0 \u00a0 9.999.9<br \/>\nPrecisi\u00f3n\u00a0 \u00a0 \u00a0 \u00a0 \u00a0 \u00a0 \u00a0 \u00a0 \u00a0 \u00a0 \u00a0 \u00a0 \u00a0 \u00a0 \u00a0 \u00a0 \u00a0 \u00a0 \u00a0+-0.1%<br \/>\nCircunferencia de la rueda\u00a0 \u00a0 \u00a0100cm<br \/>\nPeso\u00a0 \u00a0 \u00a0 \u00a0 \u00a0 \u00a0 \u00a0 \u00a0 \u00a0 \u00a0 \u00a0 \u00a0 \u00a0 \u00a0 \u00a0 \u00a0 \u00a0 \u00a0 \u00a0 \u00a0 \u00a0 \u00a0 \u00a02.0kg<br \/>\nAltura\u00a0 \u00a0 \u00a0 \u00a0 \u00a0 \u00a0 \u00a0 \u00a0 \u00a0 \u00a0 \u00a0 \u00a0 \u00a0 \u00a0 \u00a0 \u00a0 \u00a0 \u00a0 \u00a0 \u00a0 \u00a0 100cm<br \/>\nPeso embalaje\u00a0 \u00a0 \u00a0 \u00a0 \u00a0 \u00a0 \u00a0 \u00a0 \u00a0 \u00a0 \u00a0 \u00a0 \u00a0 \u00a0 2.5kg<br \/>\nDimensi\u00f3n embalaje\u00a0 \u00a0 \u00a0 \u00a0 \u00a0 \u00a0 \u00a0 \u00a0 55x34x18cm<\/p>\n","protected":false},"featured_media":23409,"template":"","meta":{"_exactmetrics_skip_tracking":false,"_exactmetrics_sitenote_active":false,"_exactmetrics_sitenote_note":"","_exactmetrics_sitenote_category":0,"_monsterinsights_skip_tracking":false,"_monsterinsights_sitenote_active":false,"_monsterinsights_sitenote_note":"","_monsterinsights_sitenote_category":0},"product_brand":[],"product_cat":[325],"product_tag":[],"class_list":{"0":"post-22813","1":"product","2":"type-product","3":"status-publish","4":"has-post-thumbnail","6":"product_cat-utiles-de-medicion-laserliner","8":"first","9":"instock","10":"shipping-taxable","11":"product-type-simple","12":"col-xxl","13":"col-xl-4","14":"col-lg-6","15":"col-sm-6"},"_links":{"self":[{"href":"https:\/\/kpn.com.uy\/web\/wp-json\/wp\/v2\/product\/22813","targetHints":{"allow":["GET"]}}],"collection":[{"href":"https:\/\/kpn.com.uy\/web\/wp-json\/wp\/v2\/product"}],"about":[{"href":"https:\/\/kpn.com.uy\/web\/wp-json\/wp\/v2\/types\/product"}],"wp:featuredmedia":[{"embeddable":true,"href":"https:\/\/kpn.com.uy\/web\/wp-json\/wp\/v2\/media\/23409"}],"wp:attachment":[{"href":"https:\/\/kpn.com.uy\/web\/wp-json\/wp\/v2\/media?parent=22813"}],"wp:term":[{"taxonomy":"product_brand","embeddable":true,"href":"https:\/\/kpn.com.uy\/web\/wp-json\/wp\/v2\/product_brand?post=22813"},{"taxonomy":"product_cat","embeddable":true,"href":"https:\/\/kpn.com.uy\/web\/wp-json\/wp\/v2\/product_cat?post=22813"},{"taxonomy":"product_tag","embeddable":true,"href":"https:\/\/kpn.com.uy\/web\/wp-json\/wp\/v2\/product_tag?post=22813"}],"curies":[{"name":"wp","href":"https:\/\/api.w.org\/{rel}","templated":true}]}}