{"id":22822,"date":"2019-01-16T10:06:02","date_gmt":"2019-01-16T13:06:02","guid":{"rendered":"https:\/\/kpn.com.uy\/web\/?post_type=product&#038;p=22822"},"modified":"2019-01-16T10:06:02","modified_gmt":"2019-01-16T13:06:02","slug":"x-liner-360-green","status":"publish","type":"product","link":"https:\/\/kpn.com.uy\/web\/producto\/x-liner-360-green\/","title":{"rendered":"X LINER 360\u00b0 green"},"content":{"rendered":"","protected":false},"excerpt":{"rendered":"<p>L\u00e1ser de l\u00edneas m\u00faltiples con autonivelaci\u00f3n para nivelar,\u00a0alinear, sondear y marcar \u00e1ngulos rectos en el interiorismo.<br \/>\nLa l\u00edneas l\u00e1ser verdes se ven especialmente bien.<br \/>\nCaracter\u00edsticas:<br \/>\n\u2013 L\u00e1ser de l\u00edneas m\u00faltiples con autonivelaci\u00f3n para nivelar,\u00a0alinear, sondear y marcar \u00e1ngulos rectos<br \/>\n\u2013 L\u00edneas l\u00e1ser verdes para una visibilidad sin igual<br \/>\n\u2013 L\u00ednea l\u00e1ser horizontal de 360\u00b0<br \/>\n\u2013 Respectivamente una cruz l\u00e1ser en dos paredes<br \/>\n\u2013 Cruz l\u00e1ser en el techo y punto de plomada en el suelo<br \/>\n\u2013 Las l\u00edneas l\u00e1ser verticales van mucho m\u00e1s all\u00e1 del punto\u00a0de intersecci\u00f3n del techo<br \/>\n\u2013 Amortiguaci\u00f3n magn\u00e9tica fiable<br \/>\n\u2013 Carcasa robusta y compacta, a prueba de salpicaduras\u00a0conforme a IP 54<br \/>\n\u2013 Alineaci\u00f3n de ejes sencilla, ya que el eje de corte de los planos\u00a0l\u00e1ser verticales, el centro de rotaci\u00f3n del tr\u00edpode y el punto de<br \/>\nplomada coinciden<br \/>\n\u2013 Tr\u00edpode desmontable con accionamiento microm\u00e9trico para la\u00a0orientaci\u00f3n r\u00e1pida y exacta de los ejes<br \/>\n\u2013 Rosca de conexi\u00f3n de 1\/4\u201d y 5\/8\u201d<\/p>\n<p>&nbsp;<\/p>\n<p>&nbsp;<\/p>\n<p><a href=\"https:\/\/kpn.com.uy\/web\/wp-content\/uploads\/2019\/01\/X-Liner-360-2-green.pdf\">X-Liner 360 2 green<\/a><\/p>\n","protected":false},"featured_media":22823,"template":"","meta":{"_exactmetrics_skip_tracking":false,"_exactmetrics_sitenote_active":false,"_exactmetrics_sitenote_note":"","_exactmetrics_sitenote_category":0,"_monsterinsights_skip_tracking":false,"_monsterinsights_sitenote_active":false,"_monsterinsights_sitenote_note":"","_monsterinsights_sitenote_category":0},"product_brand":[],"product_cat":[99,266,84],"product_tag":[],"class_list":{"0":"post-22822","1":"product","2":"type-product","3":"status-publish","4":"has-post-thumbnail","6":"product_cat-nedo","7":"product_cat-nivel-laser","8":"product_cat-nivel-laser-ingenieria","10":"first","11":"instock","12":"shipping-taxable","13":"product-type-simple","14":"col-xxl","15":"col-xl-4","16":"col-lg-6","17":"col-sm-6"},"_links":{"self":[{"href":"https:\/\/kpn.com.uy\/web\/wp-json\/wp\/v2\/product\/22822","targetHints":{"allow":["GET"]}}],"collection":[{"href":"https:\/\/kpn.com.uy\/web\/wp-json\/wp\/v2\/product"}],"about":[{"href":"https:\/\/kpn.com.uy\/web\/wp-json\/wp\/v2\/types\/product"}],"wp:featuredmedia":[{"embeddable":true,"href":"https:\/\/kpn.com.uy\/web\/wp-json\/wp\/v2\/media\/22823"}],"wp:attachment":[{"href":"https:\/\/kpn.com.uy\/web\/wp-json\/wp\/v2\/media?parent=22822"}],"wp:term":[{"taxonomy":"product_brand","embeddable":true,"href":"https:\/\/kpn.com.uy\/web\/wp-json\/wp\/v2\/product_brand?post=22822"},{"taxonomy":"product_cat","embeddable":true,"href":"https:\/\/kpn.com.uy\/web\/wp-json\/wp\/v2\/product_cat?post=22822"},{"taxonomy":"product_tag","embeddable":true,"href":"https:\/\/kpn.com.uy\/web\/wp-json\/wp\/v2\/product_tag?post=22822"}],"curies":[{"name":"wp","href":"https:\/\/api.w.org\/{rel}","templated":true}]}}