{"id":22938,"date":"2019-04-22T11:27:39","date_gmt":"2019-04-22T14:27:39","guid":{"rendered":"https:\/\/kpn.com.uy\/web\/?post_type=product&#038;p=22938"},"modified":"2023-09-21T12:43:04","modified_gmt":"2023-09-21T15:43:04","slug":"imajbox-3","status":"publish","type":"product","link":"https:\/\/kpn.com.uy\/web\/producto\/imajbox-3\/","title":{"rendered":"IMAJBOX 3"},"content":{"rendered":"<p>UNA HERRAMIENTA VERS\u00c1TIL<\/p>\n<p>Montado en autom\u00f3viles, camiones, trenes o barcos, imajbox\u00ae puede cubrir distancias desde decenas a miles de kil\u00f3metros.<br \/>\nProyectos puntuales, recurrentes o nacionales, imajbox\u00ae es la soluci\u00f3n para levantar datos actualizados.<\/p>\n<p><img fetchpriority=\"high\" decoding=\"async\" class=\"alignnone size-full wp-image-22939\" src=\"https:\/\/kpn.com.uy\/web\/wp-content\/uploads\/2019\/04\/cadena-de-herramientas.png\" alt=\"\" width=\"1119\" height=\"298\" srcset=\"https:\/\/kpn.com.uy\/web\/wp-content\/uploads\/2019\/04\/cadena-de-herramientas.png 1119w, https:\/\/kpn.com.uy\/web\/wp-content\/uploads\/2019\/04\/cadena-de-herramientas-500x133.png 500w, https:\/\/kpn.com.uy\/web\/wp-content\/uploads\/2019\/04\/cadena-de-herramientas-401x107.png 401w, https:\/\/kpn.com.uy\/web\/wp-content\/uploads\/2019\/04\/cadena-de-herramientas-480x128.png 480w, https:\/\/kpn.com.uy\/web\/wp-content\/uploads\/2019\/04\/cadena-de-herramientas-640x170.png 640w, https:\/\/kpn.com.uy\/web\/wp-content\/uploads\/2019\/04\/cadena-de-herramientas-345x92.png 345w, https:\/\/kpn.com.uy\/web\/wp-content\/uploads\/2019\/04\/cadena-de-herramientas-100x27.png 100w, https:\/\/kpn.com.uy\/web\/wp-content\/uploads\/2019\/04\/cadena-de-herramientas-200x53.png 200w, https:\/\/kpn.com.uy\/web\/wp-content\/uploads\/2019\/04\/cadena-de-herramientas-300x80.png 300w\" sizes=\"(max-width: 1119px) 100vw, 1119px\" \/><\/p>\n<p>TECNOLOG\u00cdA DE POSICIONAMIENTO<\/p>\n<p>imajbox\u00ae fusiona los datos de un conjunto de captores con el fin de asegurar un posicionamiento preciso y continuo \u2013 una central inercial calibrada en fabrica (IMU), un receptor GNSS, usando un algoritmo de auto calibraci\u00f3n patentado basado en el flujo de im\u00e1genes.<\/p>\n<p>&nbsp;<\/p>\n<p><iframe title=\"imajbox 3 TX+\" width=\"1136\" height=\"639\" src=\"https:\/\/www.youtube.com\/embed\/ZMQW0KtYZJw?feature=oembed\" frameborder=\"0\" allow=\"accelerometer; autoplay; clipboard-write; encrypted-media; gyroscope; picture-in-picture; web-share\" allowfullscreen><\/iframe><\/p>\n<p>&nbsp;<\/p>\n<p>&nbsp;<\/p>\n<p>&nbsp;<\/p>\n","protected":false},"excerpt":{"rendered":"<p>Sistema de cartograf\u00eda m\u00f3vil<\/p>\n<p>imajbox\u00ae es un sistema port\u00e1til de cartograf\u00eda m\u00f3vil adaptado a la recogida de datos a gran velocidad para la gesti\u00f3n de infraestructuras de transporte vial, ferroviario, fluvial u otro (redes electricas).<\/p>\n<p>Una soluci\u00f3n a varias problem\u00e1ticas :<br \/>\n-Cartograf\u00eda y GIS<br \/>\n-Inspecci\u00f3n de infraestructuras<br \/>\n-Estudio, seguimiento e inspecci\u00f3n<br \/>\nde obras<br \/>\n-Sistema de Referencial lineal<br \/>\n-Inventario de los equipamientos<br \/>\n-Planificaci\u00f3n de costos<\/p>\n<p>Precisa:\u00a0Posicionamiento preciso gracias a algoritmos propietarios de tratamiento de datos brutos : GNSS, INS, visi\u00f3n.<\/p>\n<p>Sencilla:\u00a0Independiente, aut\u00f3nomo y auto calibrada.<\/p>\n<p>Productiva:\u00a0Levantamiento a alta velocidad para la recogida de datos a gran escala.<\/p>\n<p>Conectada:\u00a0Controlada por Wi-Fi &amp; Conectores para la integraci\u00f3n de captores externos.<\/p>\n<p>Ajustable:\u00a0Montaje con tr\u00edpode de ventosas permitiendo diferentes orientaciones al uso.<\/p>\n<p>&nbsp;<\/p>\n","protected":false},"featured_media":24794,"template":"","meta":{"_exactmetrics_skip_tracking":false,"_exactmetrics_sitenote_active":false,"_exactmetrics_sitenote_note":"","_exactmetrics_sitenote_category":0,"_monsterinsights_skip_tracking":false,"_monsterinsights_sitenote_active":false,"_monsterinsights_sitenote_note":"","_monsterinsights_sitenote_category":0},"product_brand":[],"product_cat":[294,110,281],"product_tag":[],"class_list":{"0":"post-22938","1":"product","2":"type-product","3":"status-publish","4":"has-post-thumbnail","6":"product_cat-imajing","7":"product_cat-mapping-gis","8":"product_cat-sistemasmapeomovil","10":"first","11":"instock","12":"shipping-taxable","13":"product-type-simple","14":"col-xxl","15":"col-xl-4","16":"col-lg-6","17":"col-sm-6"},"_links":{"self":[{"href":"https:\/\/kpn.com.uy\/web\/wp-json\/wp\/v2\/product\/22938","targetHints":{"allow":["GET"]}}],"collection":[{"href":"https:\/\/kpn.com.uy\/web\/wp-json\/wp\/v2\/product"}],"about":[{"href":"https:\/\/kpn.com.uy\/web\/wp-json\/wp\/v2\/types\/product"}],"wp:featuredmedia":[{"embeddable":true,"href":"https:\/\/kpn.com.uy\/web\/wp-json\/wp\/v2\/media\/24794"}],"wp:attachment":[{"href":"https:\/\/kpn.com.uy\/web\/wp-json\/wp\/v2\/media?parent=22938"}],"wp:term":[{"taxonomy":"product_brand","embeddable":true,"href":"https:\/\/kpn.com.uy\/web\/wp-json\/wp\/v2\/product_brand?post=22938"},{"taxonomy":"product_cat","embeddable":true,"href":"https:\/\/kpn.com.uy\/web\/wp-json\/wp\/v2\/product_cat?post=22938"},{"taxonomy":"product_tag","embeddable":true,"href":"https:\/\/kpn.com.uy\/web\/wp-json\/wp\/v2\/product_tag?post=22938"}],"curies":[{"name":"wp","href":"https:\/\/api.w.org\/{rel}","templated":true}]}}