{"id":22944,"date":"2019-04-30T14:13:06","date_gmt":"2019-04-30T17:13:06","guid":{"rendered":"https:\/\/kpn.com.uy\/web\/?post_type=product&#038;p=22944"},"modified":"2021-03-25T16:33:32","modified_gmt":"2021-03-25T19:33:32","slug":"trimble-tdc150","status":"publish","type":"product","link":"https:\/\/kpn.com.uy\/web\/producto\/trimble-tdc150\/","title":{"rendered":"TRIMBLE TDC150"},"content":{"rendered":"<a class=\"maxbutton-1 maxbutton maxbutton-descargarpdf\" target=\"_blank\" rel=\"noopener\" href=\"https:\/\/geospatial.trimble.com\/sites\/geospatial.trimble.com\/files\/2020-05\/Datasheet - Trimble TDC150 Handheld - Spanish (Lat Am).pdf\"><span class='mb-text'>DESCARGAR PDF<\/span><\/a>\n<h2 class=\"text-style-headline\">Datos en los que puedes confiar<\/h2>\n<ul>\n<li>Precisi\u00f3n de posicionamiento escalable, desde 1 metro hasta cent\u00edmetros, incluso en la mano.\u00a0La precisi\u00f3n de cent\u00edmetro horizontal y vertical se puede lograr utilizando una configuraci\u00f3n monopolo<\/li>\n<li>Recopile sus datos de campo de manera f\u00e1cil y confiable utilizando aplicaciones m\u00f3viles GIS profesionales como Trimble TerraFlex \u2122, Trimble Penmap\u00ae para Android \u2122 y Esri\u00ae Collector for ArcGIS\u00ae<\/li>\n<li>El receptor GNSS integrado rastrea m\u00faltiples sistemas satelitales como GPS, GLONASS, BeiDou, Galileo, QZSS y SBAS para el posicionamiento en tiempo real<\/li>\n<\/ul>\n<h2 class=\"text-style-headline\">F\u00e1cil de usar<\/h2>\n<ul>\n<li>El sistema operativo familiar de Android requiere poco o ning\u00fan entrenamiento fuera de la caja<\/li>\n<li>Los servicios m\u00f3viles de Google est\u00e1n certificados para ejecutar aplicaciones de Google Core y acceder a miles de aplicaciones en Google Play Store para que pueda personalizar la computadora de mano de la manera que desee.<\/li>\n<li>Pantalla t\u00e1ctil de 5.3 &#8220;compatible con el funcionamiento de un tel\u00e9fono inteligente<\/li>\n<li>El flujo de trabajo innovador, compatible con TerraFlex y Penmap, utiliza la c\u00e1mara para apuntar y capturar la funci\u00f3n que se est\u00e1 registrando, lo que permite una precisi\u00f3n centim\u00e9trica horizontal en la mano<\/li>\n<\/ul>\n<h2 class=\"text-style-headline\">Dise\u00f1ado para el campo<\/h2>\n<ul>\n<li>El factor de forma ergon\u00f3mico y liviano permite un f\u00e1cil manejo y portabilidad en el campo<\/li>\n<li>El r\u00e1pido procesador Qualcomm\u00ae con 2 GB de RAM y 16 GB de almacenamiento interno maneja grandes conjuntos de datos con facilidad<\/li>\n<li>Dise\u00f1o ultra resistente con clasificaci\u00f3n IP67 con certificaci\u00f3n MIL-STD-810F que lo mantiene trabajando en todas las condiciones y entornos<\/li>\n<li>La bater\u00eda de larga duraci\u00f3n y reemplazable por el usuario permite el trabajo continuo en el sitio de trabajo<\/li>\n<li>La pantalla brillante para una f\u00e1cil visualizaci\u00f3n en luz solar y sombra ayuda a minimizar los errores de entrada de datos<\/li>\n<li>La conectividad de datos m\u00f3viles Wi-Fi, Bluetooth y 4G LTE de alta velocidad le permite colaborar con la oficina desde el campo<\/li>\n<\/ul>\n<h2 class=\"text-style-headline\">Principales caracter\u00edsticas<\/h2>\n<ul>\n<li>Receptor GNSS integrado de alta precisi\u00f3n<\/li>\n<li>Precisi\u00f3n de posicionamiento expansible de metros a cent\u00edmetros<\/li>\n<li>\u00a0Sistema operativo Android\u2122 6.0<\/li>\n<li>\u00a0Pantalla capacitiva multi-touch de 5,3 pulgadas legible a la luz solar<\/li>\n<li>\u00a0Homologado con Google Mobile\u2122 services [Servicio M\u00f3vil de Google] para ejecutar servicios y aplicaciones principales de Google<\/li>\n<li>\u00a0Compatible con aplicaciones de software de Trimble o de otros fabricantes<\/li>\n<li>\u00a0Conectividad de datos telefon\u00eda m\u00f3vil 4G LTE de alta velocidad<\/li>\n<li>\u00a0Dise\u00f1o excepcionalmente robusto homologado con las normas MIL-STD-810 e IP67<\/li>\n<li>\u00a0Bater\u00eda extra\u00edble que dura todo el d\u00eda<\/li>\n<li>\u00a0Procesador Fast Qualcomm\u00ae con 2 GB de RAM y 16 GB de memoria interna<\/li>\n<li>\u00a0Dise\u00f1o ergon\u00f3mico<\/li>\n<li>\u00a0C\u00e1mara frontal y trasera<\/li>\n<\/ul>\n<p>&nbsp;<\/p>\n<p>&nbsp;<\/p>\n<p>&nbsp;<\/p>\n","protected":false},"excerpt":{"rendered":"<p>El receptor de mano Trimble\u00ae TDC150 GNSS est\u00e1 dise\u00f1ado para usuarios de SIG que exigen la m\u00e1xima productividad y precisi\u00f3n de posicionamiento en el trabajo.\u00a0El TDC150 de alto rendimiento es su socio productivo en el campo, ya que ofrece una soluci\u00f3n ultra-robusta totalmente integrada que tiene la flexibilidad de una computadora de mano, una interfaz de usuario intuitiva basada en Android y un posicionamiento escalable de alta precisi\u00f3n.<\/p>\n","protected":false},"featured_media":22945,"template":"","meta":{"_exactmetrics_skip_tracking":false,"_exactmetrics_sitenote_active":false,"_exactmetrics_sitenote_note":"","_exactmetrics_sitenote_category":0,"_monsterinsights_skip_tracking":false,"_monsterinsights_sitenote_active":false,"_monsterinsights_sitenote_note":"","_monsterinsights_sitenote_category":0},"product_brand":[],"product_cat":[363,85,275,87,287,93],"product_tag":[],"class_list":{"0":"post-22944","1":"product","2":"type-product","3":"status-publish","4":"has-post-thumbnail","6":"product_cat-controladoras-trimble","7":"product_cat-equiposdemanocongnss","8":"product_cat-gnss-topograficos","9":"product_cat-receptoresgnss","10":"product_cat-sig-mapping-trimble","11":"product_cat-trimble","13":"first","14":"instock","15":"shipping-taxable","16":"product-type-simple","17":"col-xxl","18":"col-xl-4","19":"col-lg-6","20":"col-sm-6"},"_links":{"self":[{"href":"https:\/\/kpn.com.uy\/web\/wp-json\/wp\/v2\/product\/22944","targetHints":{"allow":["GET"]}}],"collection":[{"href":"https:\/\/kpn.com.uy\/web\/wp-json\/wp\/v2\/product"}],"about":[{"href":"https:\/\/kpn.com.uy\/web\/wp-json\/wp\/v2\/types\/product"}],"wp:featuredmedia":[{"embeddable":true,"href":"https:\/\/kpn.com.uy\/web\/wp-json\/wp\/v2\/media\/22945"}],"wp:attachment":[{"href":"https:\/\/kpn.com.uy\/web\/wp-json\/wp\/v2\/media?parent=22944"}],"wp:term":[{"taxonomy":"product_brand","embeddable":true,"href":"https:\/\/kpn.com.uy\/web\/wp-json\/wp\/v2\/product_brand?post=22944"},{"taxonomy":"product_cat","embeddable":true,"href":"https:\/\/kpn.com.uy\/web\/wp-json\/wp\/v2\/product_cat?post=22944"},{"taxonomy":"product_tag","embeddable":true,"href":"https:\/\/kpn.com.uy\/web\/wp-json\/wp\/v2\/product_tag?post=22944"}],"curies":[{"name":"wp","href":"https:\/\/api.w.org\/{rel}","templated":true}]}}