{"id":23037,"date":"2019-09-05T14:48:54","date_gmt":"2019-09-05T17:48:54","guid":{"rendered":"https:\/\/kpn.com.uy\/web\/?post_type=product&#038;p=23037"},"modified":"2022-04-08T14:15:31","modified_gmt":"2022-04-08T17:15:31","slug":"micasense-altum-2","status":"publish","type":"product","link":"https:\/\/kpn.com.uy\/web\/producto\/micasense-altum-2\/","title":{"rendered":"MicaSense Altum"},"content":{"rendered":"<p>Altum integra una c\u00e1mara t\u00e9rmica radiom\u00e9trica con cinco bandas estrechas de alta resoluci\u00f3n , produciendo im\u00e1genes t\u00e9rmicas, multiespectrales y de alta resoluci\u00f3n avanzadas en un solo vuelo para an\u00e1lisis avanzados.<\/p>\n<p>El kit Altum viene con: sensor Altum, cubierta de lente, dispositivo de almacenamiento externo (USB 3.0) &#8211; 128 GB, panel de reflectancia calibrado, nuevo sensor de luz DLS 2 con GPS integrado, cables, tornillos de montaje, estuche r\u00edgido.<\/p>\n<a class=\"maxbutton-1 maxbutton maxbutton-descargarpdf\" target=\"_blank\" rel=\"noopener\" href=\"https:\/\/kpn.com.uy\/web\/wp-content\/uploads\/2019\/11\/AltumTrifoldSpanish.pdf\"><span class='mb-text'>DESCARGAR PDF<\/span><\/a>\n<p>&nbsp;<\/p>\n<p><iframe width=\"1136\" height=\"639\" src=\"https:\/\/www.youtube.com\/embed\/922CWTKi39M?feature=oembed\" frameborder=\"0\" allow=\"accelerometer; autoplay; encrypted-media; gyroscope; picture-in-picture\" allowfullscreen><\/iframe><\/p>\n","protected":false},"excerpt":{"rendered":"<p>Im\u00e1genes RGB de alta resoluci\u00f3n, t\u00e9rmicas y multiespectrales en un solo vuelo.<\/p>\n","protected":false},"featured_media":23039,"template":"","meta":{"_exactmetrics_skip_tracking":false,"_exactmetrics_sitenote_active":false,"_exactmetrics_sitenote_note":"","_exactmetrics_sitenote_category":0,"_monsterinsights_skip_tracking":false,"_monsterinsights_sitenote_active":false,"_monsterinsights_sitenote_note":"","_monsterinsights_sitenote_category":0},"product_brand":[],"product_cat":[305,389,308,309],"product_tag":[],"class_list":{"0":"post-23037","1":"product","2":"type-product","3":"status-publish","4":"has-post-thumbnail","6":"product_cat-camaras","7":"product_cat-camaras-multiespectrales","8":"product_cat-micasense-marcas","9":"product_cat-multiespectrales","11":"first","12":"instock","13":"shipping-taxable","14":"product-type-simple","15":"col-xxl","16":"col-xl-4","17":"col-lg-6","18":"col-sm-6"},"_links":{"self":[{"href":"https:\/\/kpn.com.uy\/web\/wp-json\/wp\/v2\/product\/23037","targetHints":{"allow":["GET"]}}],"collection":[{"href":"https:\/\/kpn.com.uy\/web\/wp-json\/wp\/v2\/product"}],"about":[{"href":"https:\/\/kpn.com.uy\/web\/wp-json\/wp\/v2\/types\/product"}],"wp:featuredmedia":[{"embeddable":true,"href":"https:\/\/kpn.com.uy\/web\/wp-json\/wp\/v2\/media\/23039"}],"wp:attachment":[{"href":"https:\/\/kpn.com.uy\/web\/wp-json\/wp\/v2\/media?parent=23037"}],"wp:term":[{"taxonomy":"product_brand","embeddable":true,"href":"https:\/\/kpn.com.uy\/web\/wp-json\/wp\/v2\/product_brand?post=23037"},{"taxonomy":"product_cat","embeddable":true,"href":"https:\/\/kpn.com.uy\/web\/wp-json\/wp\/v2\/product_cat?post=23037"},{"taxonomy":"product_tag","embeddable":true,"href":"https:\/\/kpn.com.uy\/web\/wp-json\/wp\/v2\/product_tag?post=23037"}],"curies":[{"name":"wp","href":"https:\/\/api.w.org\/{rel}","templated":true}]}}