{"id":23112,"date":"2019-09-17T14:42:53","date_gmt":"2019-09-17T17:42:53","guid":{"rendered":"https:\/\/kpn.com.uy\/web\/?post_type=product&#038;p=23112"},"modified":"2019-09-18T09:45:23","modified_gmt":"2019-09-18T12:45:23","slug":"zenmuse-x5","status":"publish","type":"product","link":"https:\/\/kpn.com.uy\/web\/producto\/zenmuse-x5\/","title":{"rendered":"Zenmuse X5"},"content":{"rendered":"<p>Conozca la Zenmuse X5, la primera c\u00e1mara Micro Four Thirds compacta y sin espejo del mundo hecha espec\u00edficamente para fotograf\u00eda a\u00e9rea\u00a0y cinematograf\u00eda.\u00a0Dise\u00f1ado para funcionar con la plataforma lista para volar DJI Inspire 1, el Zenmuse X5 incluye un potente sensor\u00a0que es capaz de grabar videos 4K a hasta 30 fps y capturar im\u00e1genes fijas a 16MP.\u00a0Equipado con la montura est\u00e1ndar\u00a0de lente intercambiable MFT, y que permite un control remoto inal\u00e1mbrico completo sobre el enfoque, la apertura y m\u00e1s, el Zenmuse X5 permite\u00a0disparar de la manera que quieras.\u00a0Bienvenido al futuro de la imagen a\u00e9rea.<\/p>\n<p><iframe width=\"1136\" height=\"639\" src=\"https:\/\/www.youtube.com\/embed\/1BjMuMYXPhE?feature=oembed\" frameborder=\"0\" allow=\"accelerometer; autoplay; encrypted-media; gyroscope; picture-in-picture\" allowfullscreen><\/iframe><\/p>\n","protected":false},"excerpt":{"rendered":"<p>Im\u00e1genes a\u00e9reas evolucionadas.<\/p>\n","protected":false},"featured_media":23113,"template":"","meta":{"_exactmetrics_skip_tracking":false,"_exactmetrics_sitenote_active":false,"_exactmetrics_sitenote_note":"","_exactmetrics_sitenote_category":0,"_monsterinsights_skip_tracking":false,"_monsterinsights_sitenote_active":false,"_monsterinsights_sitenote_note":"","_monsterinsights_sitenote_category":0},"product_brand":[],"product_cat":[313],"product_tag":[],"class_list":{"0":"post-23112","1":"product","2":"type-product","3":"status-publish","4":"has-post-thumbnail","6":"product_cat-camaras-dji","8":"first","9":"instock","10":"shipping-taxable","11":"product-type-simple","12":"col-xxl","13":"col-xl-4","14":"col-lg-6","15":"col-sm-6"},"_links":{"self":[{"href":"https:\/\/kpn.com.uy\/web\/wp-json\/wp\/v2\/product\/23112","targetHints":{"allow":["GET"]}}],"collection":[{"href":"https:\/\/kpn.com.uy\/web\/wp-json\/wp\/v2\/product"}],"about":[{"href":"https:\/\/kpn.com.uy\/web\/wp-json\/wp\/v2\/types\/product"}],"wp:featuredmedia":[{"embeddable":true,"href":"https:\/\/kpn.com.uy\/web\/wp-json\/wp\/v2\/media\/23113"}],"wp:attachment":[{"href":"https:\/\/kpn.com.uy\/web\/wp-json\/wp\/v2\/media?parent=23112"}],"wp:term":[{"taxonomy":"product_brand","embeddable":true,"href":"https:\/\/kpn.com.uy\/web\/wp-json\/wp\/v2\/product_brand?post=23112"},{"taxonomy":"product_cat","embeddable":true,"href":"https:\/\/kpn.com.uy\/web\/wp-json\/wp\/v2\/product_cat?post=23112"},{"taxonomy":"product_tag","embeddable":true,"href":"https:\/\/kpn.com.uy\/web\/wp-json\/wp\/v2\/product_tag?post=23112"}],"curies":[{"name":"wp","href":"https:\/\/api.w.org\/{rel}","templated":true}]}}