{"id":23122,"date":"2019-09-17T14:57:20","date_gmt":"2019-09-17T17:57:20","guid":{"rendered":"https:\/\/kpn.com.uy\/web\/?post_type=product&#038;p=23122"},"modified":"2019-09-18T10:02:39","modified_gmt":"2019-09-18T13:02:39","slug":"dji-zenmuse-x5r","status":"publish","type":"product","link":"https:\/\/kpn.com.uy\/web\/producto\/dji-zenmuse-x5r\/","title":{"rendered":"DJI Zenmuse X5R"},"content":{"rendered":"<p>Prep\u00e1rese para experimentar la maravilla de RAW.\u00a0La Zenmuse X5R es la primera c\u00e1mara a\u00e9rea Micro Four Thirds del mundo capaz de grabar\u00a0videos 4K sin p\u00e9rdidas en RAW.\u00a0Con una velocidad de fotogramas de hasta 30 fps y una velocidad de bits promedio de 1.7 Gbps (velocidad de bits m\u00e1xima de 2.4 Gbps), el X5R permite\u00a0capturar im\u00e1genes impresionantes de nivel profesional.\u00a0Equipada con un potente sensor MFT, la c\u00e1mara tambi\u00e9n toma im\u00e1genes de 16MP con detalles deslumbrantes, mientras que el card\u00e1n de estabilizaci\u00f3n integrado de 3 ejes mantiene el nivel de la c\u00e1mara. Una c\u00e1mara a\u00e9rea que es realmente adecuada paralos profesionales.<\/p>\n<p><iframe width=\"1136\" height=\"639\" src=\"https:\/\/www.youtube.com\/embed\/1BjMuMYXPhE?feature=oembed\" frameborder=\"0\" allow=\"accelerometer; autoplay; encrypted-media; gyroscope; picture-in-picture\" allowfullscreen><\/iframe><\/p>\n","protected":false},"excerpt":{"rendered":"<p>Im\u00e1genes a\u00e9reas evolucionadas.<\/p>\n","protected":false},"featured_media":23120,"template":"","meta":{"_exactmetrics_skip_tracking":false,"_exactmetrics_sitenote_active":false,"_exactmetrics_sitenote_note":"","_exactmetrics_sitenote_category":0,"_monsterinsights_skip_tracking":false,"_monsterinsights_sitenote_active":false,"_monsterinsights_sitenote_note":"","_monsterinsights_sitenote_category":0},"product_brand":[],"product_cat":[310],"product_tag":[],"class_list":{"0":"post-23122","1":"product","2":"type-product","3":"status-publish","4":"has-post-thumbnail","6":"product_cat-rgb","8":"first","9":"instock","10":"shipping-taxable","11":"product-type-simple","12":"col-xxl","13":"col-xl-4","14":"col-lg-6","15":"col-sm-6"},"_links":{"self":[{"href":"https:\/\/kpn.com.uy\/web\/wp-json\/wp\/v2\/product\/23122","targetHints":{"allow":["GET"]}}],"collection":[{"href":"https:\/\/kpn.com.uy\/web\/wp-json\/wp\/v2\/product"}],"about":[{"href":"https:\/\/kpn.com.uy\/web\/wp-json\/wp\/v2\/types\/product"}],"wp:featuredmedia":[{"embeddable":true,"href":"https:\/\/kpn.com.uy\/web\/wp-json\/wp\/v2\/media\/23120"}],"wp:attachment":[{"href":"https:\/\/kpn.com.uy\/web\/wp-json\/wp\/v2\/media?parent=23122"}],"wp:term":[{"taxonomy":"product_brand","embeddable":true,"href":"https:\/\/kpn.com.uy\/web\/wp-json\/wp\/v2\/product_brand?post=23122"},{"taxonomy":"product_cat","embeddable":true,"href":"https:\/\/kpn.com.uy\/web\/wp-json\/wp\/v2\/product_cat?post=23122"},{"taxonomy":"product_tag","embeddable":true,"href":"https:\/\/kpn.com.uy\/web\/wp-json\/wp\/v2\/product_tag?post=23122"}],"curies":[{"name":"wp","href":"https:\/\/api.w.org\/{rel}","templated":true}]}}