{"id":23155,"date":"2019-10-30T09:31:17","date_gmt":"2019-10-30T12:31:17","guid":{"rendered":"https:\/\/kpn.com.uy\/web\/?post_type=product&#038;p=23155"},"modified":"2019-11-14T14:33:55","modified_gmt":"2019-11-14T17:33:55","slug":"sp60","status":"publish","type":"product","link":"https:\/\/kpn.com.uy\/web\/producto\/sp60\/","title":{"rendered":"SP60"},"content":{"rendered":"<p>Al combinar la exclusiva tecnolog\u00eda GNSS c\u00e9ntrica de seguimiento y procesamiento integral de se\u00f1ales Z-Blade y la capacidad de banda L para servicios RTX por sat\u00e9lite CenterPoint\u00ae, el receptor SP60 proporciona las medidas m\u00e1s fiables y la m\u00e1xima precisi\u00f3n en cualquier condici\u00f3n y en cualquier lugar del mundo.<\/p>\n<p>Con una gran versatilidad y escalabilidad, el SP60 se adapta a cualquier tipo de trabajo topogr\u00e1fico, desde soluciones sencillas de posprocesamiento GPS L1 hasta su uso como dispositivo m\u00f3vil RTK en red GNSS de doble frecuencia.<\/p>\n<p>El receptor SP60 integra potentes capacidades Bluetooth de largo alcance, ofreciendo nuevas formas de trabajar a los profesionales. Ahora, es posible aprovechar la comunicaci\u00f3n inal\u00e1mbrica por Bluetooth como enlace de radio alternativo entre la base y el m\u00f3vil en un rango de varios cientos de metros.<\/p>\n<p>As\u00ed, esta soluci\u00f3n resulta muy atractiva para levantamientos peque\u00f1os. M\u00e1s simple y f\u00e1cil que la radio UHF y sin necesidad de licencia, este m\u00e9todo permite configurar de forma muy r\u00e1pida y eficaz una soluci\u00f3n de base y m\u00f3vil de corto alcance.<\/p>\n<p>La antena UHF, patentada e integrada en el jal\u00f3n de fibra de vidrio, ampl\u00eda el alcance de la radio RTK al mismo tiempo que la protege. Todas estas mejoras hacen que el dise\u00f1o del receptor GNSS SP60 resulte \u00fanico y muy pr\u00e1ctico.<\/p>\n<p>&nbsp;<\/p>\n<a class=\"maxbutton-1 maxbutton maxbutton-descargarpdf\" target=\"_blank\" rel=\"noopener\" href=\"https:\/\/kpn.com.uy\/web\/wp-content\/uploads\/2019\/10\/SG-SP60-Br-SP-web.pdf\"><span class='mb-text'>DESCARGAR PDF<\/span><\/a>\n<p>&nbsp;<\/p>\n<p><iframe width=\"1136\" height=\"639\" src=\"https:\/\/www.youtube.com\/embed\/MFheidYDlo0?feature=oembed\" frameborder=\"0\" allow=\"accelerometer; autoplay; encrypted-media; gyroscope; picture-in-picture\" allowfullscreen><\/iframe><\/p>\n<p>&nbsp;<\/p>\n","protected":false},"excerpt":{"rendered":"<p>El\u00a0 SP60 es un receptor GNSS de nueva generaci\u00f3n que ofrece un alto nivel de flexibilidad. As\u00ed, cubre cualquier necesidad topogr\u00e1fica, desde el simple posprocesamiento, pasando por los sistemas de base y m\u00f3vil UHF est\u00e1ndar o el exclusivo Bluetooth de largo alcance, hasta las soluciones m\u00f3viles RTK y RTX m\u00e1s sofisticadas.<\/p>\n","protected":false},"featured_media":23160,"template":"","meta":{"_exactmetrics_skip_tracking":false,"_exactmetrics_sitenote_active":false,"_exactmetrics_sitenote_note":"","_exactmetrics_sitenote_category":0,"_monsterinsights_skip_tracking":false,"_monsterinsights_sitenote_active":false,"_monsterinsights_sitenote_note":"","_monsterinsights_sitenote_category":0},"product_brand":[],"product_cat":[316,83,320,87],"product_tag":[],"class_list":{"0":"post-23155","1":"product","2":"type-product","3":"status-publish","4":"has-post-thumbnail","6":"product_cat-gnss-topograficos-spectra-geospatial","7":"product_cat-gpstopografia","8":"product_cat-sig","9":"product_cat-receptoresgnss","11":"first","12":"instock","13":"shipping-taxable","14":"product-type-simple","15":"col-xxl","16":"col-xl-4","17":"col-lg-6","18":"col-sm-6"},"_links":{"self":[{"href":"https:\/\/kpn.com.uy\/web\/wp-json\/wp\/v2\/product\/23155","targetHints":{"allow":["GET"]}}],"collection":[{"href":"https:\/\/kpn.com.uy\/web\/wp-json\/wp\/v2\/product"}],"about":[{"href":"https:\/\/kpn.com.uy\/web\/wp-json\/wp\/v2\/types\/product"}],"wp:featuredmedia":[{"embeddable":true,"href":"https:\/\/kpn.com.uy\/web\/wp-json\/wp\/v2\/media\/23160"}],"wp:attachment":[{"href":"https:\/\/kpn.com.uy\/web\/wp-json\/wp\/v2\/media?parent=23155"}],"wp:term":[{"taxonomy":"product_brand","embeddable":true,"href":"https:\/\/kpn.com.uy\/web\/wp-json\/wp\/v2\/product_brand?post=23155"},{"taxonomy":"product_cat","embeddable":true,"href":"https:\/\/kpn.com.uy\/web\/wp-json\/wp\/v2\/product_cat?post=23155"},{"taxonomy":"product_tag","embeddable":true,"href":"https:\/\/kpn.com.uy\/web\/wp-json\/wp\/v2\/product_tag?post=23155"}],"curies":[{"name":"wp","href":"https:\/\/api.w.org\/{rel}","templated":true}]}}