{"id":23183,"date":"2019-11-07T11:54:11","date_gmt":"2019-11-07T14:54:11","guid":{"rendered":"https:\/\/kpn.com.uy\/web\/?post_type=product&#038;p=23183"},"modified":"2019-11-07T11:54:11","modified_gmt":"2019-11-07T14:54:11","slug":"focus-2","status":"publish","type":"product","link":"https:\/\/kpn.com.uy\/web\/producto\/focus-2\/","title":{"rendered":"Focus 2"},"content":{"rendered":"<p>Disponible en exactitudes angulares de 2\u2033 y 5\u2033 segundos, con la medici\u00f3n m\u00e1s exacta a larga distancia, equipo robusto, pantalla gr\u00e1fica f\u00e1cil de leer y un poderoso y pr\u00e1ctico software a bordo, la serie FOCUS 2 ofrece la versatilidad para acomodar una amplia gama de aplicaciones de topograf\u00eda y construcci\u00f3n.<\/p>\n<p>La serie FOCUS 2 de Spectra Precision constituye una opci\u00f3n econ\u00f3mica que utiliza tecnolog\u00edas bien establecidas para optimizar la eficiencia en el trabajo.<br \/>\nCon la facilidad y la fiabilidad como claves, Spectra Precisi\u00f3n ofrece la mejor relaci\u00f3n calidad-precio.<\/p>\n<p>Todos los modelos FOCUS 2 soportan una amplia gama de opciones de comunicaci\u00f3n, incluyendo el uso de tarjeta SD, USB y puerto serial para la conveniente transferencia de datos.<\/p>\n<p>&nbsp;<\/p>\n<p>CARACTER\u00cdSTICAS Y BENEFICIOS<\/p>\n<ul>\n<li>Vers\u00e1tiles precisiones angulares de 2\u2033 y 5\u2033<\/li>\n<li>Medici\u00f3n de distancias r\u00e1pida (0,3 s) y precisa (2+2 ppm)<\/li>\n<li>Medidas sin prisma (500 m) y con prisma de largo alcance (4.000 m)<\/li>\n<li>Bater\u00eda de larga duraci\u00f3n\u00f3n (hasta 13 h)<\/li>\n<li>Gran pantalla gr\u00e1fica de f\u00e1cil lectura<\/li>\n<li>Software a bordo potente y pr\u00e1ctico<\/li>\n<li>Software de transferencia de datos bidireccional para PC<\/li>\n<li>Dise\u00f1o ergon\u00f3mico del teclado :<\/li>\n<li>\n<ul>\n<li>Entrada num\u00e9rica directa<\/li>\n<li>C\u00f3moda entrada alfanum\u00e9rica<\/li>\n<li>Teclas de funci\u00f3n \u00fanicas<\/li>\n<li>Teclas de usuario personalizables<\/li>\n<\/ul>\n<\/li>\n<\/ul>\n<p>&nbsp;<\/p>\n<a class=\"maxbutton-1 maxbutton maxbutton-descargarpdf\" target=\"_blank\" rel=\"noopener\" href=\"https:\/\/kpn.com.uy\/web\/wp-content\/uploads\/2019\/11\/File-1441368522.pdf\"><span class='mb-text'>DESCARGAR PDF<\/span><\/a>\n","protected":false},"excerpt":{"rendered":"<p>La serie FOCUS 2 de Spectra Precision est\u00e1 formada por nuevas estaciones totales mec\u00e1nicas muy accesibles que ofrecen versatilidad, facilidad de uso y un completo software a bordo de rendimiento y productividad sin precedentes.<\/p>\n","protected":false},"featured_media":23186,"template":"","meta":{"_exactmetrics_skip_tracking":false,"_exactmetrics_sitenote_active":false,"_exactmetrics_sitenote_note":"","_exactmetrics_sitenote_category":0,"_monsterinsights_skip_tracking":false,"_monsterinsights_sitenote_active":false,"_monsterinsights_sitenote_note":"","_monsterinsights_sitenote_category":0},"product_brand":[],"product_cat":[75,317],"product_tag":[],"class_list":{"0":"post-23183","1":"product","2":"type-product","3":"status-publish","4":"has-post-thumbnail","6":"product_cat-estacionestotales","7":"product_cat-estaciones-totales-spectra-geospatial","9":"first","10":"instock","11":"shipping-taxable","12":"product-type-simple","13":"col-xxl","14":"col-xl-4","15":"col-lg-6","16":"col-sm-6"},"_links":{"self":[{"href":"https:\/\/kpn.com.uy\/web\/wp-json\/wp\/v2\/product\/23183","targetHints":{"allow":["GET"]}}],"collection":[{"href":"https:\/\/kpn.com.uy\/web\/wp-json\/wp\/v2\/product"}],"about":[{"href":"https:\/\/kpn.com.uy\/web\/wp-json\/wp\/v2\/types\/product"}],"wp:featuredmedia":[{"embeddable":true,"href":"https:\/\/kpn.com.uy\/web\/wp-json\/wp\/v2\/media\/23186"}],"wp:attachment":[{"href":"https:\/\/kpn.com.uy\/web\/wp-json\/wp\/v2\/media?parent=23183"}],"wp:term":[{"taxonomy":"product_brand","embeddable":true,"href":"https:\/\/kpn.com.uy\/web\/wp-json\/wp\/v2\/product_brand?post=23183"},{"taxonomy":"product_cat","embeddable":true,"href":"https:\/\/kpn.com.uy\/web\/wp-json\/wp\/v2\/product_cat?post=23183"},{"taxonomy":"product_tag","embeddable":true,"href":"https:\/\/kpn.com.uy\/web\/wp-json\/wp\/v2\/product_tag?post=23183"}],"curies":[{"name":"wp","href":"https:\/\/api.w.org\/{rel}","templated":true}]}}