{"id":23202,"date":"2019-11-07T12:49:10","date_gmt":"2019-11-07T15:49:10","guid":{"rendered":"https:\/\/kpn.com.uy\/web\/?post_type=product&#038;p=23202"},"modified":"2019-11-07T12:49:10","modified_gmt":"2019-11-07T15:49:10","slug":"focus-dl-15","status":"publish","type":"product","link":"https:\/\/kpn.com.uy\/web\/producto\/focus-dl-15\/","title":{"rendered":"Focus DL-15"},"content":{"rendered":"<p>El nivel digital FOCUS DL-15 ofrece una precisi\u00f3n uniforme de las medidas de altura gracias a la lectura electr\u00f3nica de una mira de c\u00f3digo de barras con una precisi\u00f3n de 1,5 mm. Con almacenamiento de datos interno y un rango de medici\u00f3n de distancias de 100 m, el nivel digital Spectra Precision es econ\u00f3mico, vers\u00e1til y f\u00e1cil de utilizar. La relaci\u00f3n calidad-precio perfecta.<\/p>\n<p>Potentes funciones de software a bordo<\/p>\n<ul>\n<li>F\u00e1cil de aprender y de utilizar, el FOCUS DL-15 resulta productivo de inmediato y ofrece una precisi\u00f3n uniforme en las medidas. Elimina los errores de lectura y registro, y reduce el cansancio ocular del usuario.<\/li>\n<li>Se puede utilizar en numerosas tareas diferentes que precisan de determinaci\u00f3n de altura. Permite al usuario iniciar una medida y registrar los datos con solo pulsar un bot\u00f3n.<\/li>\n<li>El FOCUS DL-15 contiene rutinas de medici\u00f3n para tareas de nivelaci\u00f3n comunes, como determinaci\u00f3n de altura, c\u00e1lculo de elevaciones, diferencias de altura y replanteo de desmontes y terraplenes.<\/li>\n<li>Los datos se transfieren f\u00e1cilmente desde el FOCUS DL-15 con un cable USB.<\/li>\n<\/ul>\n<a class=\"maxbutton-1 maxbutton maxbutton-descargarpdf\" target=\"_blank\" rel=\"noopener\" href=\"https:\/\/kpn.com.uy\/web\/wp-content\/uploads\/2019\/11\/File-1477297451.pdf\"><span class='mb-text'>DESCARGAR PDF<\/span><\/a>\n","protected":false},"excerpt":{"rendered":"<p>El nuevo nivel digital FOCUS DL-15 de Spectra Precision es un dispositivo muy econ\u00f3mico con un software integrado sencillo y vers\u00e1til que ofrece una precisi\u00f3n, rendimiento y productividad uniformes.<\/p>\n","protected":false},"featured_media":23204,"template":"","meta":{"_exactmetrics_skip_tracking":false,"_exactmetrics_sitenote_active":false,"_exactmetrics_sitenote_note":"","_exactmetrics_sitenote_category":0,"_monsterinsights_skip_tracking":false,"_monsterinsights_sitenote_active":false,"_monsterinsights_sitenote_note":"","_monsterinsights_sitenote_category":0},"product_brand":[],"product_cat":[249,318],"product_tag":[],"class_list":{"0":"post-23202","1":"product","2":"type-product","3":"status-publish","4":"has-post-thumbnail","6":"product_cat-nivel-digital","7":"product_cat-niveles-opticos","9":"first","10":"instock","11":"shipping-taxable","12":"product-type-simple","13":"col-xxl","14":"col-xl-4","15":"col-lg-6","16":"col-sm-6"},"_links":{"self":[{"href":"https:\/\/kpn.com.uy\/web\/wp-json\/wp\/v2\/product\/23202","targetHints":{"allow":["GET"]}}],"collection":[{"href":"https:\/\/kpn.com.uy\/web\/wp-json\/wp\/v2\/product"}],"about":[{"href":"https:\/\/kpn.com.uy\/web\/wp-json\/wp\/v2\/types\/product"}],"wp:featuredmedia":[{"embeddable":true,"href":"https:\/\/kpn.com.uy\/web\/wp-json\/wp\/v2\/media\/23204"}],"wp:attachment":[{"href":"https:\/\/kpn.com.uy\/web\/wp-json\/wp\/v2\/media?parent=23202"}],"wp:term":[{"taxonomy":"product_brand","embeddable":true,"href":"https:\/\/kpn.com.uy\/web\/wp-json\/wp\/v2\/product_brand?post=23202"},{"taxonomy":"product_cat","embeddable":true,"href":"https:\/\/kpn.com.uy\/web\/wp-json\/wp\/v2\/product_cat?post=23202"},{"taxonomy":"product_tag","embeddable":true,"href":"https:\/\/kpn.com.uy\/web\/wp-json\/wp\/v2\/product_tag?post=23202"}],"curies":[{"name":"wp","href":"https:\/\/api.w.org\/{rel}","templated":true}]}}