{"id":23241,"date":"2019-11-12T10:18:35","date_gmt":"2019-11-12T13:18:35","guid":{"rendered":"https:\/\/kpn.com.uy\/web\/?post_type=product&#038;p=23241"},"modified":"2019-11-12T10:40:05","modified_gmt":"2019-11-12T13:40:05","slug":"mobilemapper-60","status":"publish","type":"product","link":"https:\/\/kpn.com.uy\/web\/producto\/mobilemapper-60\/","title":{"rendered":"MobileMapper 60"},"content":{"rendered":"<p>El smartphone y receptor GNSS todo en uno MobileMapper 60 ofrece lo \u00faltimo en precisi\u00f3n (Postprocesamiento) y comodidad para la recogida de datos geoespaciales port\u00e1til. Su dise\u00f1o delgado, ligero y resistente, con correa de mano, presenta una gran pantalla de alta resoluci\u00f3n que facilita la visualizaci\u00f3n y la manipulaci\u00f3n de datos.<\/p>\n<p>Cuenta con la \u00faltima versi\u00f3n de Android 8.0 y con un r\u00e1pido procesador de 2,2 GHz, 4 GB de memoria, 64 GB de almacenamiento y una bater\u00eda que dura toda la jornada, para poder gestionar grandes conjuntos de datos de forma r\u00e1pida y sencilla. MobileMapper 60, con Bluetooth, 4G LTE, y capacidad Wi-Fi, resulta perfecto para una gran variedad de tareas, incluidos trabajos catastrales, topogr\u00e1ficos, de levantamiento, forestales, de infraestructuras y mucho m\u00e1s.<\/p>\n<p>MobileMapper 60 funciona con todas las aplicaciones de Trimble, incluyendo MobileMapper Field y Penmap para Android (una aplicaci\u00f3n h\u00edbrida de encuestas y GIS para la recopilaci\u00f3n y replanteo de datos).<\/p>\n<p>&nbsp;<\/p>\n<p>CARACTER\u00cdSTICAS Y BENEFICIOS<\/p>\n<ul>\n<li>Bater\u00eda de alta capacidad.<\/li>\n<li>Pantalla de 6 pulg. (15,2 cm) brillante y de alta resoluci\u00f3n.<\/li>\n<li>Certificaciones militares,MIL-STD-810G Receptor.<\/li>\n<li>GNSS con soporte SBAS.<\/li>\n<li>Android 8,0.<\/li>\n<li>Wi-Fi, Bluetooth y datos m\u00f3viles 4G LTE.<\/li>\n<li>R\u00e1pido procesador de 2,2 GHz.<\/li>\n<li>Postprocesamiento.<\/li>\n<\/ul>\n<p>&nbsp;<\/p>\n<a class=\"maxbutton-1 maxbutton maxbutton-descargarpdf\" target=\"_blank\" rel=\"noopener\" href=\"https:\/\/kpn.com.uy\/web\/wp-content\/uploads\/2019\/11\/MM60-Datasheet-2018-SP-v6.pdf\"><span class='mb-text'>DESCARGAR PDF<\/span><\/a>\n<p>&nbsp;<\/p>\n<p><iframe width=\"1136\" height=\"639\" src=\"https:\/\/www.youtube.com\/embed\/NPV97GPSDzc?feature=oembed\" frameborder=\"0\" allow=\"accelerometer; autoplay; encrypted-media; gyroscope; picture-in-picture\" allowfullscreen><\/iframe><\/p>\n","protected":false},"excerpt":{"rendered":"<p>Recogida de datos GNSS mediante smartphone m\u00e1s r\u00e1pida, sencilla y clara. El robusto MobileMapper\u00ae 60 ofrece una durabilidad, eficiencia y precisi\u00f3n superiores para la recogida de datos port\u00e1til profesional.<\/p>\n","protected":false},"featured_media":23243,"template":"","meta":{"_exactmetrics_skip_tracking":false,"_exactmetrics_sitenote_active":false,"_exactmetrics_sitenote_note":"","_exactmetrics_sitenote_category":0,"_monsterinsights_skip_tracking":false,"_monsterinsights_sitenote_active":false,"_monsterinsights_sitenote_note":"","_monsterinsights_sitenote_category":0},"product_brand":[],"product_cat":[85,320],"product_tag":[],"class_list":{"0":"post-23241","1":"product","2":"type-product","3":"status-publish","4":"has-post-thumbnail","6":"product_cat-equiposdemanocongnss","7":"product_cat-sig","9":"first","10":"instock","11":"shipping-taxable","12":"product-type-simple","13":"col-xxl","14":"col-xl-4","15":"col-lg-6","16":"col-sm-6"},"_links":{"self":[{"href":"https:\/\/kpn.com.uy\/web\/wp-json\/wp\/v2\/product\/23241","targetHints":{"allow":["GET"]}}],"collection":[{"href":"https:\/\/kpn.com.uy\/web\/wp-json\/wp\/v2\/product"}],"about":[{"href":"https:\/\/kpn.com.uy\/web\/wp-json\/wp\/v2\/types\/product"}],"wp:featuredmedia":[{"embeddable":true,"href":"https:\/\/kpn.com.uy\/web\/wp-json\/wp\/v2\/media\/23243"}],"wp:attachment":[{"href":"https:\/\/kpn.com.uy\/web\/wp-json\/wp\/v2\/media?parent=23241"}],"wp:term":[{"taxonomy":"product_brand","embeddable":true,"href":"https:\/\/kpn.com.uy\/web\/wp-json\/wp\/v2\/product_brand?post=23241"},{"taxonomy":"product_cat","embeddable":true,"href":"https:\/\/kpn.com.uy\/web\/wp-json\/wp\/v2\/product_cat?post=23241"},{"taxonomy":"product_tag","embeddable":true,"href":"https:\/\/kpn.com.uy\/web\/wp-json\/wp\/v2\/product_tag?post=23241"}],"curies":[{"name":"wp","href":"https:\/\/api.w.org\/{rel}","templated":true}]}}