{"id":23255,"date":"2019-11-12T12:48:02","date_gmt":"2019-11-12T15:48:02","guid":{"rendered":"https:\/\/kpn.com.uy\/web\/?post_type=product&#038;p=23255"},"modified":"2019-11-12T12:48:55","modified_gmt":"2019-11-12T15:48:55","slug":"ranger-7","status":"publish","type":"product","link":"https:\/\/kpn.com.uy\/web\/producto\/ranger-7\/","title":{"rendered":"Ranger 7"},"content":{"rendered":"<p>Los principios rectores no han cambiado: productividad, fiabilidad y calidad. Porque un d\u00eda de inactividad no es una opci\u00f3n. El Ranger 7 contin\u00faa el legado de los colectores de datos Ranger y se centra en lo importante.<\/p>\n<ul>\n<li>Tama\u00f1o de pantalla: no se trata de mostrar un mapa m\u00e1s grande, sino de ver resultados y tomar decisiones.<\/li>\n<li>Teclado completo: introducir datos r\u00e1pidamente y sin errores es clave.El teclado QWERTY retroiluminado y el teclado num\u00e9rico completo se han dise\u00f1ado precisamente para eso.<\/li>\n<li>Robusto y fiable: Porque un d\u00eda de inactividad no es una opci\u00f3n. Hay pocas cosas m\u00e1s nocivas para la planificaci\u00f3n y los beneficios que un equipo que no se puede usar. El Ranger 7 es resistente. Basta con probarlo.<\/li>\n<li>Mayor productividad: la pantalla, el teclado, un dise\u00f1o robusto, su s\u00f3lido soporte para poste, las bater\u00edas intercambiables en caliente y un software de campo l\u00edder como Survey Pro se combinan con instrumentos Spectra Precision de alta calidad para sacar el m\u00e1ximo partido a la inversi\u00f3n. Lo que necesita es producir resultados de calidad.<\/li>\n<\/ul>\n<p>&nbsp;<\/p>\n<p>CARACTER\u00cdSTICAS Y BENEFICIOS<\/p>\n<ul>\n<li>Pantalla ta\u0301ctil de vidrio de 7\u2033 \u2013 Datos ma\u0301s fa\u0301ciles de ver y manejar<\/li>\n<li>Dos bateri\u0301as intercambiables en caliente \u2013 Alimentacio\u0301n continua<\/li>\n<li>Sistema operativo Windows 10 Professional \u2013 Para profesionales<\/li>\n<li>Disponible con software Survey Pro y Layout Pro \u2013 El software perfecto para su trabajo<\/li>\n<\/ul>\n<p>&nbsp;<\/p>\n<a class=\"maxbutton-1 maxbutton maxbutton-descargarpdf\" target=\"_blank\" rel=\"noopener\" href=\"https:\/\/kpn.com.uy\/web\/wp-content\/uploads\/2019\/11\/Ranger7-Datasheet-2018-SP-v2.pdf\"><span class='mb-text'>DESCARGAR PDF<\/span><\/a>\n<p>&nbsp;<\/p>\n<p><iframe width=\"1136\" height=\"639\" src=\"https:\/\/www.youtube.com\/embed\/072gruTaw3M?feature=oembed\" frameborder=\"0\" allow=\"accelerometer; autoplay; encrypted-media; gyroscope; picture-in-picture\" allowfullscreen><\/iframe><\/p>\n<p>&nbsp;<\/p>\n","protected":false},"excerpt":{"rendered":"<p>Le damos la bienvenida a la cuarta generaci\u00f3n del colector de datos Ranger. Su dise\u00f1o totalmente nuevo se basa en la experiencia adquirida durante los \u00faltimos 18 a\u00f1os de exigentes operaciones en campo.<\/p>\n","protected":false},"featured_media":23261,"template":"","meta":{"_exactmetrics_skip_tracking":false,"_exactmetrics_sitenote_active":false,"_exactmetrics_sitenote_note":"","_exactmetrics_sitenote_category":0,"_monsterinsights_skip_tracking":false,"_monsterinsights_sitenote_active":false,"_monsterinsights_sitenote_note":"","_monsterinsights_sitenote_category":0},"product_brand":[],"product_cat":[86,321],"product_tag":[],"class_list":{"0":"post-23255","1":"product","2":"type-product","3":"status-publish","4":"has-post-thumbnail","6":"product_cat-controladoras","7":"product_cat-controladoras-spectra-geospatial","9":"first","10":"instock","11":"shipping-taxable","12":"product-type-simple","13":"col-xxl","14":"col-xl-4","15":"col-lg-6","16":"col-sm-6"},"_links":{"self":[{"href":"https:\/\/kpn.com.uy\/web\/wp-json\/wp\/v2\/product\/23255","targetHints":{"allow":["GET"]}}],"collection":[{"href":"https:\/\/kpn.com.uy\/web\/wp-json\/wp\/v2\/product"}],"about":[{"href":"https:\/\/kpn.com.uy\/web\/wp-json\/wp\/v2\/types\/product"}],"wp:featuredmedia":[{"embeddable":true,"href":"https:\/\/kpn.com.uy\/web\/wp-json\/wp\/v2\/media\/23261"}],"wp:attachment":[{"href":"https:\/\/kpn.com.uy\/web\/wp-json\/wp\/v2\/media?parent=23255"}],"wp:term":[{"taxonomy":"product_brand","embeddable":true,"href":"https:\/\/kpn.com.uy\/web\/wp-json\/wp\/v2\/product_brand?post=23255"},{"taxonomy":"product_cat","embeddable":true,"href":"https:\/\/kpn.com.uy\/web\/wp-json\/wp\/v2\/product_cat?post=23255"},{"taxonomy":"product_tag","embeddable":true,"href":"https:\/\/kpn.com.uy\/web\/wp-json\/wp\/v2\/product_tag?post=23255"}],"curies":[{"name":"wp","href":"https:\/\/api.w.org\/{rel}","templated":true}]}}