{"id":23263,"date":"2019-11-12T14:25:10","date_gmt":"2019-11-12T17:25:10","guid":{"rendered":"https:\/\/kpn.com.uy\/web\/?post_type=product&#038;p=23263"},"modified":"2019-11-12T14:25:10","modified_gmt":"2019-11-12T17:25:10","slug":"st10","status":"publish","type":"product","link":"https:\/\/kpn.com.uy\/web\/producto\/st10\/","title":{"rendered":"ST10"},"content":{"rendered":"<p>Adem\u00e1s, la ST10 es robusta. Las tabletas dom\u00e9sticas no sobreviven mucho tiempo en el mundo real. La ST10 est\u00e1 dise\u00f1ada para su uso en exteriores, bajo la lluvia, rodeada de barro, sin inmutarse. Su pantalla brillante y el l\u00e1piz activo incluido permiten trabajar f\u00e1cilmente con precisi\u00f3n, incluso con guantes.As\u00ed usted quedar\u00e1 libre para hacer su trabajo.<\/p>\n<p>Adem\u00e1s, gracias a su sistema operativo Windows\u00a010 completo, puede utilizarse como ordenador. Con el teclado opcional con trackpad integrado, puede ejecutar Survey Office para procesar y controlar la calidad de los datos, escribir y enviar mensajes de correo electr\u00f3nico, y gestionar su trabajo como si se tratara de un port\u00e1til.<\/p>\n<p>Su gran pantalla, su dise\u00f1o resistente y su versatilidad convierten la ST10 en la herramienta perfecta para su trabajo.<\/p>\n<p>&nbsp;<\/p>\n<p>CARACTER\u00cdSTICAS Y BENEFICIOS<\/p>\n<ul>\n<li>Gran pantalla t\u00e1ctil de 10,1 pulgadas (25,6 cm): para ver los datos con mayor facilidad.<\/li>\n<li>Muy resistente: para trabajar en obra.<\/li>\n<li>128 GB de almacenamiento: m\u00e1s espacio para guardar los datos.<\/li>\n<li>M\u00f3dem de datos 4G: conexi\u00f3n y recepci\u00f3n de correcciones continuas.<\/li>\n<li>M\u00f3dulo de radio de 2,4 GHz opcional: levantamiento rob\u00f3tico sin necesidad de equipamiento adicional.<\/li>\n<li>Windows 10: un sistema operativo profesional para profesionales.<\/li>\n<li>Capacidad de ordenador port\u00e1til: uso como ordenador con el teclado opcional.<\/li>\n<li>Compatible con Survey Pro y Layout Pro: la herramienta perfecta para su trabajo.<\/li>\n<\/ul>\n<p>&nbsp;<\/p>\n<a class=\"maxbutton-1 maxbutton maxbutton-descargarpdf\" target=\"_blank\" rel=\"noopener\" href=\"https:\/\/kpn.com.uy\/web\/wp-content\/uploads\/2019\/11\/ST10-Datasheet-2018-SP-1.pdf\"><span class='mb-text'>DESCARGAR PDF<\/span><\/a>\n<p>&nbsp;<\/p>\n<p><iframe width=\"1136\" height=\"639\" src=\"https:\/\/www.youtube.com\/embed\/H4N4aCTXJS8?feature=oembed\" frameborder=\"0\" allow=\"accelerometer; autoplay; encrypted-media; gyroscope; picture-in-picture\" allowfullscreen><\/iframe><\/p>\n","protected":false},"excerpt":{"rendered":"<p>Cuanto m\u00e1s vea, m\u00e1s podr\u00e1 hacer. La Spectra Geospatial ST10 presenta una pantalla de 10\u00a0pulgadas (25,6\u00a0cm) brillante, antirreflectante y de alto contraste con la que podr\u00e1 ver f\u00e1cilmente sus datos y gestionar sus capas de mapas. Ser\u00e1 m\u00e1s productivo y detectar\u00e1 los errores antes de que se produzcan.<\/p>\n","protected":false},"featured_media":23268,"template":"","meta":{"_exactmetrics_skip_tracking":false,"_exactmetrics_sitenote_active":false,"_exactmetrics_sitenote_note":"","_exactmetrics_sitenote_category":0,"_monsterinsights_skip_tracking":false,"_monsterinsights_sitenote_active":false,"_monsterinsights_sitenote_note":"","_monsterinsights_sitenote_category":0},"product_brand":[],"product_cat":[321,86],"product_tag":[],"class_list":{"0":"post-23263","1":"product","2":"type-product","3":"status-publish","4":"has-post-thumbnail","6":"product_cat-controladoras-spectra-geospatial","7":"product_cat-controladoras","9":"first","10":"instock","11":"shipping-taxable","12":"product-type-simple","13":"col-xxl","14":"col-xl-4","15":"col-lg-6","16":"col-sm-6"},"_links":{"self":[{"href":"https:\/\/kpn.com.uy\/web\/wp-json\/wp\/v2\/product\/23263","targetHints":{"allow":["GET"]}}],"collection":[{"href":"https:\/\/kpn.com.uy\/web\/wp-json\/wp\/v2\/product"}],"about":[{"href":"https:\/\/kpn.com.uy\/web\/wp-json\/wp\/v2\/types\/product"}],"wp:featuredmedia":[{"embeddable":true,"href":"https:\/\/kpn.com.uy\/web\/wp-json\/wp\/v2\/media\/23268"}],"wp:attachment":[{"href":"https:\/\/kpn.com.uy\/web\/wp-json\/wp\/v2\/media?parent=23263"}],"wp:term":[{"taxonomy":"product_brand","embeddable":true,"href":"https:\/\/kpn.com.uy\/web\/wp-json\/wp\/v2\/product_brand?post=23263"},{"taxonomy":"product_cat","embeddable":true,"href":"https:\/\/kpn.com.uy\/web\/wp-json\/wp\/v2\/product_cat?post=23263"},{"taxonomy":"product_tag","embeddable":true,"href":"https:\/\/kpn.com.uy\/web\/wp-json\/wp\/v2\/product_tag?post=23263"}],"curies":[{"name":"wp","href":"https:\/\/api.w.org\/{rel}","templated":true}]}}