{"id":23279,"date":"2019-11-12T14:48:47","date_gmt":"2019-11-12T17:48:47","guid":{"rendered":"https:\/\/kpn.com.uy\/web\/?post_type=product&#038;p=23279"},"modified":"2019-11-12T14:48:47","modified_gmt":"2019-11-12T17:48:47","slug":"nomad-1050","status":"publish","type":"product","link":"https:\/\/kpn.com.uy\/web\/producto\/nomad-1050\/","title":{"rendered":"Nomad 1050"},"content":{"rendered":"<p>Proporciona todas las caracter\u00edsticas que necesita, incluida una bater\u00eda de iones de litio de 5200 mAh con m\u00e1s de 15 horas de uso continuo, 8 GB de almacenamiento y una pantalla a color VGA de alta resoluci\u00f3n y legible a la luz del sol para mostrar im\u00e1genes, mapas y datos con detalles n\u00edtidos. .\u00a0Y todo eso en un dispositivo totalmente resistente con clasificaci\u00f3n IP68.\u00a0Est\u00e1 dise\u00f1ado para trabajar duro durante todo el d\u00eda, al igual que t\u00fa.<\/p>\n<p>Para las comunicaciones, Nomad 1050 ofrece una gama completa de capacidades inal\u00e1mbricas integradas que incluyen Bluetooth\u00ae, WiFi 802.11 b \/ g y un m\u00f3dem GSM \/ CDMA de banda dual 3.75G opcional para conectividad a Internet donde sea que se encuentre.\u00a0La expansi\u00f3n integrada a trav\u00e9s de las ranuras para tarjetas SD tambi\u00e9n proporciona un m\u00e9todo sencillo para compartir datos.\u00a0Lo b\u00e1sico tambi\u00e9n est\u00e1 ah\u00ed, incluidas las conexiones seriales RS232 y USB.<\/p>\n<p>El Nomad 1050 cuenta con un dise\u00f1o avanzado de antena del Sistema Global de Navegaci\u00f3n por Sat\u00e9lite (GNSS) que lee la constelaci\u00f3n completa de se\u00f1ales de sat\u00e9lite m\u00e1s SBAS: es un complemento perfecto para la funci\u00f3n Survey Pro GeoLock para la ubicaci\u00f3n rob\u00f3tica del objetivo.\u00a0La c\u00e1mara de 5 megap\u00edxeles captura im\u00e1genes de alta resoluci\u00f3n para documentar su trabajo.\u00a0Las fotograf\u00edas se pueden etiquetar geogr\u00e1ficamente para su uso en diversas aplicaciones.<\/p>\n<p>El teclado num\u00e9rico retroiluminado facilita la entrada de datos, especialmente cuando se usan guantes y una gama de accesorios que incluyen tr\u00edpode y soportes de poste, lo que convierte al Nomad 1050 en un producto con todas las funciones que funcionar\u00e1 para usted.\u00a0El procesador de 1.0 GHz tiene la potencia que necesita para el trabajo avanzado de aplicaciones, con el procesamiento de gr\u00e1ficos optimizado de Nomad, el almacenamiento en cach\u00e9 avanzado y el sistema patentado de registro de alta velocidad.<\/p>\n<p>&nbsp;<\/p>\n<p>CARACTER\u00cdSTICAS Y BENEFICIOS<\/p>\n<ul>\n<li>IP68 resistente para cualquier entorno.<\/li>\n<li>15 horas de duraci\u00f3n de la bater\u00eda.<\/li>\n<li>Teclado num\u00e9rico retroiluminado.<\/li>\n<li>GPS integrado de 2-4 metros.<\/li>\n<li>M\u00f3dem GSM \/ CDMA de banda dual 3.75G.<\/li>\n<li>C\u00e1mara de 5 MP con flash y geoetiquetado.<\/li>\n<li>Bluetooth\u00ae integrado y Wi-Fi.<\/li>\n<li>Pantalla VGA a todo color.<\/li>\n<li>Procesador de 1.0 GHz.<\/li>\n<li>Computadora de mano integrada Microsoft\u00ae Windows\u00ae (WEHH) 6.5.<\/li>\n<\/ul>\n<p>&nbsp;<\/p>\n<a class=\"maxbutton-1 maxbutton maxbutton-descargarpdf\" target=\"_blank\" rel=\"noopener\" href=\"https:\/\/kpn.com.uy\/web\/wp-content\/uploads\/2019\/11\/File-1441187175.pdf\"><span class='mb-text'>DESCARGAR PDF<\/span><\/a>\n","protected":false},"excerpt":{"rendered":"<p>Las\u00a0numerosas\u00a0capacidades integradas de la computadora\u00a0port\u00e1til robusta Nomad 1050\u00a0lo convierten en un recolector de datos de campo optimizado y f\u00e1cil de usar.<\/p>\n","protected":false},"featured_media":23283,"template":"","meta":{"_exactmetrics_skip_tracking":false,"_exactmetrics_sitenote_active":false,"_exactmetrics_sitenote_note":"","_exactmetrics_sitenote_category":0,"_monsterinsights_skip_tracking":false,"_monsterinsights_sitenote_active":false,"_monsterinsights_sitenote_note":"","_monsterinsights_sitenote_category":0},"product_brand":[],"product_cat":[86,321],"product_tag":[],"class_list":{"0":"post-23279","1":"product","2":"type-product","3":"status-publish","4":"has-post-thumbnail","6":"product_cat-controladoras","7":"product_cat-controladoras-spectra-geospatial","9":"first","10":"instock","11":"shipping-taxable","12":"product-type-simple","13":"col-xxl","14":"col-xl-4","15":"col-lg-6","16":"col-sm-6"},"_links":{"self":[{"href":"https:\/\/kpn.com.uy\/web\/wp-json\/wp\/v2\/product\/23279","targetHints":{"allow":["GET"]}}],"collection":[{"href":"https:\/\/kpn.com.uy\/web\/wp-json\/wp\/v2\/product"}],"about":[{"href":"https:\/\/kpn.com.uy\/web\/wp-json\/wp\/v2\/types\/product"}],"wp:featuredmedia":[{"embeddable":true,"href":"https:\/\/kpn.com.uy\/web\/wp-json\/wp\/v2\/media\/23283"}],"wp:attachment":[{"href":"https:\/\/kpn.com.uy\/web\/wp-json\/wp\/v2\/media?parent=23279"}],"wp:term":[{"taxonomy":"product_brand","embeddable":true,"href":"https:\/\/kpn.com.uy\/web\/wp-json\/wp\/v2\/product_brand?post=23279"},{"taxonomy":"product_cat","embeddable":true,"href":"https:\/\/kpn.com.uy\/web\/wp-json\/wp\/v2\/product_cat?post=23279"},{"taxonomy":"product_tag","embeddable":true,"href":"https:\/\/kpn.com.uy\/web\/wp-json\/wp\/v2\/product_tag?post=23279"}],"curies":[{"name":"wp","href":"https:\/\/api.w.org\/{rel}","templated":true}]}}