{"id":23286,"date":"2019-11-12T15:00:14","date_gmt":"2019-11-12T18:00:14","guid":{"rendered":"https:\/\/kpn.com.uy\/web\/?post_type=product&#038;p=23286"},"modified":"2019-11-14T10:31:14","modified_gmt":"2019-11-14T13:31:14","slug":"23286","status":"publish","type":"product","link":"https:\/\/kpn.com.uy\/web\/producto\/23286\/","title":{"rendered":"T41"},"content":{"rendered":"<p>Su dise\u00f1o delgado y ergon\u00f3mico es de manejo f\u00e1cil y puede ser usado el d\u00eda entero. Una nueva pantalla t\u00e1ctil protegida por Gorilla Glass le facilita funcionalidades intuitivas instant\u00e1neas al toque. La T41 tiene conectividad celular 3.75G con redes VRS adem\u00e1s de funcionalidades de voz y mensajes de texto. La c\u00e1mara de 8 megap\u00edxeles puede ser programada para incluir autom\u00e1ticamente la hora y la posici\u00f3n satelital a partir del receptor integrado GPS.<\/p>\n<p>&nbsp;<\/p>\n<p>CARACTER\u00cdSTICAS Y BENEFICIOS<\/p>\n<ul>\n<li>Dise\u00f1o robusto con pantalla 4.3\u201d protegida por Gorilla Glass.<\/li>\n<li>Es port\u00e1til y tienen incorporado el sistema operativo Windows 6.5.<\/li>\n<li>C\u00e1mara de 8 megapixel con doble flash LED.<\/li>\n<li>Conectividad Bluetooth, Wi-fi y 3.75 celular.<\/li>\n<li>CPU de 1 GHz con 512MB de RAM y 16 GB de almacenamiento.<\/li>\n<li>Duraci\u00f3n de bater\u00eda de un d\u00eda entero.<\/li>\n<li>Utiliza 10 idiomas.<\/li>\n<\/ul>\n<p>&nbsp;<\/p>\n<a class=\"maxbutton-1 maxbutton maxbutton-descargarpdf\" target=\"_blank\" rel=\"noopener\" href=\"https:\/\/kpn.com.uy\/web\/wp-content\/uploads\/2019\/11\/File-1517833922.pdf\"><span class='mb-text'>DESCARGAR PDF<\/span><\/a>\n","protected":false},"excerpt":{"rendered":"<p>La libreta de campo Spectra Precision T41 Data Collector es robusta, poderosa, conectada y compacta, ofreciendo un alto rendimiento con una pantalla de alta definici\u00f3n legible en exteriores.<\/p>\n","protected":false},"featured_media":23290,"template":"","meta":{"_exactmetrics_skip_tracking":false,"_exactmetrics_sitenote_active":false,"_exactmetrics_sitenote_note":"","_exactmetrics_sitenote_category":0,"_monsterinsights_skip_tracking":false,"_monsterinsights_sitenote_active":false,"_monsterinsights_sitenote_note":"","_monsterinsights_sitenote_category":0},"product_brand":[],"product_cat":[86,321],"product_tag":[],"class_list":{"0":"post-23286","1":"product","2":"type-product","3":"status-publish","4":"has-post-thumbnail","6":"product_cat-controladoras","7":"product_cat-controladoras-spectra-geospatial","9":"first","10":"instock","11":"shipping-taxable","12":"product-type-simple","13":"col-xxl","14":"col-xl-4","15":"col-lg-6","16":"col-sm-6"},"_links":{"self":[{"href":"https:\/\/kpn.com.uy\/web\/wp-json\/wp\/v2\/product\/23286","targetHints":{"allow":["GET"]}}],"collection":[{"href":"https:\/\/kpn.com.uy\/web\/wp-json\/wp\/v2\/product"}],"about":[{"href":"https:\/\/kpn.com.uy\/web\/wp-json\/wp\/v2\/types\/product"}],"wp:featuredmedia":[{"embeddable":true,"href":"https:\/\/kpn.com.uy\/web\/wp-json\/wp\/v2\/media\/23290"}],"wp:attachment":[{"href":"https:\/\/kpn.com.uy\/web\/wp-json\/wp\/v2\/media?parent=23286"}],"wp:term":[{"taxonomy":"product_brand","embeddable":true,"href":"https:\/\/kpn.com.uy\/web\/wp-json\/wp\/v2\/product_brand?post=23286"},{"taxonomy":"product_cat","embeddable":true,"href":"https:\/\/kpn.com.uy\/web\/wp-json\/wp\/v2\/product_cat?post=23286"},{"taxonomy":"product_tag","embeddable":true,"href":"https:\/\/kpn.com.uy\/web\/wp-json\/wp\/v2\/product_tag?post=23286"}],"curies":[{"name":"wp","href":"https:\/\/api.w.org\/{rel}","templated":true}]}}