{"id":23300,"date":"2019-11-15T10:11:01","date_gmt":"2019-11-15T13:11:01","guid":{"rendered":"https:\/\/kpn.com.uy\/web\/?post_type=product&#038;p=23300"},"modified":"2019-11-15T10:11:01","modified_gmt":"2019-11-15T13:11:01","slug":"spectra-central","status":"publish","type":"product","link":"https:\/\/kpn.com.uy\/web\/producto\/spectra-central\/","title":{"rendered":"Spectra Central"},"content":{"rendered":"<p>Un servicio en la nube o \u201ccloud service\u201d no es m\u00e1s que el acceso a la base de datos almacenada en internet. Lo m\u00e1s importante realmente es la forma de acceder y utilizar los datos. Spectra Precision Central est\u00e1 dise\u00f1ado para los profesionales que ganan su vida trabajando en el terreno, haciendo mediciones y construyendo el mundo.<\/p>\n<p>&nbsp;<\/p>\n<p><strong>Los Portales<\/strong><\/p>\n<p>El portal web proporciona una forma f\u00e1cil de editar, administrar y utilizar sus cuentas centrales y datos. Se puede accesar con cualquier navegador desde su oficina, tableta o tel\u00e9fono inteligente.<\/p>\n<p>&nbsp;<\/p>\n<p><strong>Aplicaciones para Smartphone<\/strong><\/p>\n<p>Survey Pro Central para Android y Survey Pro Central para iOS proporcionan acceso desde tel\u00e9fonos inteligentes y tabletas. Estas aplicaciones proporcionan acceso a los datos y una gama de funcionalidades para ayudarle a manejar sus datos, y por lo tanto mejorar su jornada de trabajo.<\/p>\n<p>&nbsp;<\/p>\n<p><strong>Sincronizaci\u00f3n de Spectra Precision Central<\/strong><\/p>\n<p>La sincronizaci\u00f3n de Central es una herramienta que se ejecuta como un servicio en la computadora y sincroniza los datos que se colocan en las carpetas principales. Esto hace que la gesti\u00f3n de archivos y la sincronizaci\u00f3n de datos con el Survey Central sean muy f\u00e1ciles.<\/p>\n<p>&nbsp;<\/p>\n<p><strong>Integraci\u00f3n Survey Pro<\/strong><\/p>\n<p>Survey Pro est\u00e1 totalmente integrado en Spectra\u00a0 Central. Los archivos se cargan a medida que se crean. Los nuevos datos se env\u00edan a la Central basado en funci\u00f3n de las preferencias del usuario. As\u00ed que ahora no s\u00f3lo son los recolectores de datos ultra-resistentes y el software de campo de Spectra Geospatial los que protegen sus datos, sino que tambi\u00e9n lo hace Survey Central respald\u00e1ndolo en un servidor remoto.<\/p>\n<p>&nbsp;<\/p>\n","protected":false},"excerpt":{"rendered":"<p>Spectra Central proporciona un centro de computaci\u00f3n en la nube o \u201ccloud computing\u201d para que todo su equipo topogr\u00e1fico pueda conectarse e intercambiar informaci\u00f3n desde cualquier lugar donde haya una conexi\u00f3n de datos.<\/p>\n","protected":false},"featured_media":23301,"template":"","meta":{"_exactmetrics_skip_tracking":false,"_exactmetrics_sitenote_active":false,"_exactmetrics_sitenote_note":"","_exactmetrics_sitenote_category":0,"_monsterinsights_skip_tracking":false,"_monsterinsights_sitenote_active":false,"_monsterinsights_sitenote_note":"","_monsterinsights_sitenote_category":0},"product_brand":[],"product_cat":[71,322],"product_tag":[],"class_list":{"0":"post-23300","1":"product","2":"type-product","3":"status-publish","4":"has-post-thumbnail","6":"product_cat-softwareingenieria","7":"product_cat-software","9":"first","10":"instock","11":"shipping-taxable","12":"product-type-simple","13":"col-xxl","14":"col-xl-4","15":"col-lg-6","16":"col-sm-6"},"_links":{"self":[{"href":"https:\/\/kpn.com.uy\/web\/wp-json\/wp\/v2\/product\/23300","targetHints":{"allow":["GET"]}}],"collection":[{"href":"https:\/\/kpn.com.uy\/web\/wp-json\/wp\/v2\/product"}],"about":[{"href":"https:\/\/kpn.com.uy\/web\/wp-json\/wp\/v2\/types\/product"}],"wp:featuredmedia":[{"embeddable":true,"href":"https:\/\/kpn.com.uy\/web\/wp-json\/wp\/v2\/media\/23301"}],"wp:attachment":[{"href":"https:\/\/kpn.com.uy\/web\/wp-json\/wp\/v2\/media?parent=23300"}],"wp:term":[{"taxonomy":"product_brand","embeddable":true,"href":"https:\/\/kpn.com.uy\/web\/wp-json\/wp\/v2\/product_brand?post=23300"},{"taxonomy":"product_cat","embeddable":true,"href":"https:\/\/kpn.com.uy\/web\/wp-json\/wp\/v2\/product_cat?post=23300"},{"taxonomy":"product_tag","embeddable":true,"href":"https:\/\/kpn.com.uy\/web\/wp-json\/wp\/v2\/product_tag?post=23300"}],"curies":[{"name":"wp","href":"https:\/\/api.w.org\/{rel}","templated":true}]}}