{"id":23302,"date":"2019-11-15T10:23:57","date_gmt":"2019-11-15T13:23:57","guid":{"rendered":"https:\/\/kpn.com.uy\/web\/?post_type=product&#038;p=23302"},"modified":"2019-11-15T10:30:22","modified_gmt":"2019-11-15T13:30:22","slug":"spectra-layout-pro","status":"publish","type":"product","link":"https:\/\/kpn.com.uy\/web\/producto\/spectra-layout-pro\/","title":{"rendered":"Spectra Layout Pro"},"content":{"rendered":"<p>El tiempo es dinero, y todo tiempo no utilizado en construir es tiempo mal gastado. Layout Pro le facilita las herramientas que necesita para realizar su trabajo de planificaci\u00f3n con mayor rapidez y m\u00e1s exactitud que nunca. Combinado con una estaci\u00f3n total mecanizada de Spectra Precision o Nikon, usted puede planificar un \u00e1rea de trabajo completa a partir de la instalaci\u00f3n inicial en una fracci\u00f3n de tiempo que le hubiera llevado utilizando l\u00edneas de cuerda y cinta m\u00e9trica. Layout Pro junto con la estaci\u00f3n total robotica Spectra Precision FOCUS 35 har\u00e1 el trabajo mucho m\u00e1s r\u00e1pido y requiere solamente una persona.<\/p>\n<table class=\"introtbl\" cellspacing=\"0\" cellpadding=\"0\">\n<tbody>\n<tr>\n<th>Layout Pro se puede incorporar:<\/th>\n<th>Layout Proen el Nomad conectado a:<\/th>\n<\/tr>\n<tr>\n<td>\n<ul>\n<li>Nikon XF<\/li>\n<li>Nikon Nivo C<\/li>\n<li>FOCUS 8<\/li>\n<\/ul>\n<\/td>\n<td>\n<ul>\n<li>Nikon XS, Nivo M, DTM-322, or NPL-322<\/li>\n<li>FOCUS 6<\/li>\n<li>Estaciones totales de otros tipos<\/li>\n<\/ul>\n<\/td>\n<\/tr>\n<tr>\n<th>Layout Pro se puede conectar en Ranger 3 a:<\/th>\n<th>El software Layout Pro Field le capacita para:<\/th>\n<\/tr>\n<tr>\n<td>\n<ul>\n<li>Estacion total robotica FOCUS 30 con la radio integrada 2.4 GHz<\/li>\n<li>O conectarse con cualquiera de las estaciones totales previamente mencionadas<\/li>\n<\/ul>\n<\/td>\n<td>\n<ul>\n<li>Tomar datos y dise\u00f1os CAD en el terreno<\/li>\n<li>Establecer estructuras de hormig\u00f3n complejas o pernos de anclaje a partir de cualquier ubicaci\u00f3n referenciando dos puntos predeterminados cuales quiera<\/li>\n<li>Establecer puntos de control y centros de referencia con mayor rapidez, eficacia, y menor costo de programaci\u00f3n<\/li>\n<li>Establecer l\u00edneas desde una ubicaci\u00f3n de referencia sin cuerdas, recorridos ni teodolitos<\/li>\n<li>Efectuar ajustes menores a la posici\u00f3n de la construcci\u00f3n a medida que se necesite sin esperar ni tener que pagar honorarios a sub-contratistas<\/li>\n<li>Controlar el trabajo de otros y crear una documentaci\u00f3n para cambiar las instrucciones cuando sea necesario. La capacidad de tomar mediciones antirreflejos hace que una persona sea suficiente para el control del mismo<\/li>\n<li>Establecer l\u00edneas de control para los subcontratistas con mayor rapidez y exactitud que utilizando cintas m\u00e9tricas y teodolitos<\/li>\n<li>Recoger f\u00e1cilmente datos topogr\u00e1ficos y lo importa al software de terceros para la elevaci\u00f3n, corte y relleno del an\u00e1lisis<\/li>\n<\/ul>\n<\/td>\n<\/tr>\n<tr>\n<th>Layout Pro Field<\/th>\n<th>Layout Pro Office<\/th>\n<\/tr>\n<tr>\n<td>Layout Pro le facilita m\u00e9todos sencillos para introducir un plan de construcci\u00f3n desde su primer bosquejo. Controle el dise\u00f1o con herramientas incorporadas tales como computaciones de \u00e1rea y verificaciones de distancias. Empiece la instalaci\u00f3n inicial utilizando solamente dos puntos conocidos en el sitio y comience a establecer otros puntos. Es as\u00ed de sencillo. Inclusive mediciones de larga distancia son f\u00e1ciles cuando se usan las distancias suministradas por la estaci\u00f3n total.Spectra Precision Layout Pro Office.<\/td>\n<td>El software de Spectra Precision Layout Pro Office esta dise\u00f1ado para el topografo que utiliza el software Spectra Precision Layout<\/p>\n<p>Incluyendo una interfaz gr\u00e1fica intuitiva para el usuario, el software de Layout Pro Office hace f\u00e1cil la creaci\u00f3n de una reproducci\u00f3n digital de las l\u00edneas generales de su construccion en su oficina antes de ir a hacer la planificaci\u00f3n sobre el terreno. Mientras usted este todav\u00eda en la oficina, puede utilizar herramientas sencillas para realizar calculo de distancia, \u00e1ngulo, superficie o demolici\u00f3n. Usted puede tambi\u00e9n crear sus puntos de construccion a partir de archivos AutoCAD DXF o DWG y cargarlos en su programa Layout Pro Field. No hay ninguna necesidad de aprender un programa completo de ingenier\u00eda CAD.<\/p>\n<ul>\n<li>La interfaz grafica de usuario facilita acceso directo a las funciones comunes para un aprendizaje a corto plazo y m\u00ednimo de auto-capacitaci\u00f3n<\/li>\n<li>Control est\u00e1ndard de visualizaci\u00f3n, ofrece una interfaz com\u00fan para el usuario dise\u00f1ado para cualquier persona con una comprensi\u00f3n minima de CAD, permite operar r\u00e1pida y f\u00e1cilmente.<\/li>\n<li>La selecci\u00f3n de puntos m\u00faltiples con t\u00e9cnicas de selecci\u00f3n de punto de vista Individual, Window, y Current le dan un control m\u00e1ximo para elegir los puntos<\/li>\n<li>Introduzca informaci\u00f3n y planos en la oficina. Verifique el trabajo con funcionalidad COGO (geometr\u00eda con coordenadas) antes de ir sobre el terreno.<\/li>\n<li>Facilita la introducci\u00f3n de archivos AutoCAD DWG y DXF para crear puntos de planificaci\u00f3n. Establezca su carpeta completa inmediatamente, elija un solo plano, o elija l\u00edneas individuales para crear puntos.<\/li>\n<li>Introduzca y exporte archivos de texto que contengan una lista de puntos y coordenadas para ser usados en otros programas.<\/li>\n<\/ul>\n<\/td>\n<\/tr>\n<\/tbody>\n<\/table>\n<p>&nbsp;<\/p>\n<p>CARACTER\u00cdSTICAS Y BENEFICIOS<\/p>\n<ul>\n<li>Permite ingresar los planos con rapidez y facilidad<\/li>\n<li>Instalaci\u00f3n guiada con instrumentos sencillos<\/li>\n<li>Herramientas de c\u00e1lculo sencillas<\/li>\n<li>Pantallas con mapas claros y manejables<\/li>\n<li>Edici\u00f3n de planos<\/li>\n<li>Trabaja a partir de un cuaderno de campo o incorporado<\/li>\n<\/ul>\n","protected":false},"excerpt":{"rendered":"<p>Las soluciones de posicionamiento para construcci\u00f3n Spectra Precision Layout Pro Field y Spectra Precision Layout Pro Office llevan su productividad a un nivel superior.<\/p>\n","protected":false},"featured_media":23304,"template":"","meta":{"_exactmetrics_skip_tracking":false,"_exactmetrics_sitenote_active":false,"_exactmetrics_sitenote_note":"","_exactmetrics_sitenote_category":0,"_monsterinsights_skip_tracking":false,"_monsterinsights_sitenote_active":false,"_monsterinsights_sitenote_note":"","_monsterinsights_sitenote_category":0},"product_brand":[],"product_cat":[71,322],"product_tag":[],"class_list":{"0":"post-23302","1":"product","2":"type-product","3":"status-publish","4":"has-post-thumbnail","6":"product_cat-softwareingenieria","7":"product_cat-software","9":"first","10":"instock","11":"shipping-taxable","12":"product-type-simple","13":"col-xxl","14":"col-xl-4","15":"col-lg-6","16":"col-sm-6"},"_links":{"self":[{"href":"https:\/\/kpn.com.uy\/web\/wp-json\/wp\/v2\/product\/23302","targetHints":{"allow":["GET"]}}],"collection":[{"href":"https:\/\/kpn.com.uy\/web\/wp-json\/wp\/v2\/product"}],"about":[{"href":"https:\/\/kpn.com.uy\/web\/wp-json\/wp\/v2\/types\/product"}],"wp:featuredmedia":[{"embeddable":true,"href":"https:\/\/kpn.com.uy\/web\/wp-json\/wp\/v2\/media\/23304"}],"wp:attachment":[{"href":"https:\/\/kpn.com.uy\/web\/wp-json\/wp\/v2\/media?parent=23302"}],"wp:term":[{"taxonomy":"product_brand","embeddable":true,"href":"https:\/\/kpn.com.uy\/web\/wp-json\/wp\/v2\/product_brand?post=23302"},{"taxonomy":"product_cat","embeddable":true,"href":"https:\/\/kpn.com.uy\/web\/wp-json\/wp\/v2\/product_cat?post=23302"},{"taxonomy":"product_tag","embeddable":true,"href":"https:\/\/kpn.com.uy\/web\/wp-json\/wp\/v2\/product_tag?post=23302"}],"curies":[{"name":"wp","href":"https:\/\/api.w.org\/{rel}","templated":true}]}}