{"id":23305,"date":"2019-11-15T10:39:30","date_gmt":"2019-11-15T13:39:30","guid":{"rendered":"https:\/\/kpn.com.uy\/web\/?post_type=product&#038;p=23305"},"modified":"2019-11-15T10:39:30","modified_gmt":"2019-11-15T13:39:30","slug":"spectra-fast-survey","status":"publish","type":"product","link":"https:\/\/kpn.com.uy\/web\/producto\/spectra-fast-survey\/","title":{"rendered":"Spectra Fast Survey"},"content":{"rendered":"<p>Fast Survey da soporte flexible, para una amplia gama de instrumentos y de formatos de informaci\u00f3n (incluyendo otros receptores GNSS y marcas de estaciones totales).<\/p>\n<p><strong>Visualizaci\u00f3n Gr\u00e1fica<\/strong><\/p>\n<p>Fast Survey es una solucion grafica de campo de facil uso. Un mapa a escala variable expone los puntos y l\u00edneas que se est\u00e1n observando lo que ofrece controles con caracteres grandes que permiten recopilar los datos de manera r\u00e1pida y confiable. Pueden ser definidos los mapas de fondo y las l\u00edneas en color. Una interfaz intuitiva para el usuario combinando iconos e im\u00e1genes hace que los men\u00fas principales de la misi\u00f3n sean visibles en todas las pantallas y que no se pierda tiempo sobre el terreno navegando los men\u00fas.<\/p>\n<p>El Fast Survey es compatible con todas las libretas de campo de Spectra Precision, incluyendo tambi\u00e9n MM20 DC, ProMark 120 DC, T41 y Ranger 3.<\/p>\n<p><strong>Trabaje con el Poder de los receptores de Spectra Precision GNSS<\/strong><\/p>\n<p>Dise\u00f1ados espec\u00edficamente para optimizar las avanzadas caracter\u00edsticas de los receptores Spectra Precision, FAST Survey presenta controles de radio UHF y operaci\u00f3n con modem GSM\/GPRS. Estas tecnolog\u00edas avanzadas de comunicaci\u00f3n evitan gastar tiempo corrigiendo enlaces con datos RTK y le permiten concentrarse productivamente en la topograf\u00eda. El control inal\u00e1mbrico total le asegura un m\u00f3vil RTK sin cables, reduciendo el costo y la molestia de tener que estar conectado por cable con el equipo. La capacidad de obtener tomas de coordenadas solas, vectores completos RTK, datos brutos GNSS, y todo de informaci\u00f3n le proporciona soluciones flexibles cuando evolucionen sus requerimientos.<\/p>\n<p><strong>Caracteristicas y Opciones Avanzadas<\/strong><\/p>\n<p>El control integrado de sistemas GNSS, estaciones totales convencionales y rob\u00f3ticas (seg\u00fan opciones) se puede hacer en un clic con transiciones fluidas dentro del mismo archivo de trabajo. La estructura modular y flexible de FAST Survey le permite enfrentar las necesidades cambiantes del trabajo de hoy y las oportunidades del d\u00eda de ma\u00f1ana. Con abundancia de propiedades y edici\u00f3n total en campo asi como la capacidad de convertir la informaci\u00f3n a formatos est\u00e1ndar de la profesi\u00f3n le posibilita realmente pasar del terreno al proyecto final, ahorrando tiempo y esfuerzo. Caracter\u00edsticas avanzadas tales como replanteo topogr\u00e1fico, cut-sheet export y modelo de carretera predefinido (en opci\u00f3n) mejoran su productividad para proyectos de construcci\u00f3n de carreteras, y ponen proyectos mayores a su alcance. Formatos est\u00e1ndar de archivo para soporte de normas de la profesi\u00f3n tales como DXF, SHP, LandXML y RW5 le abren v\u00edas de compatibilidad con otros softwares explicativos cliente. Tome el control y trabaje con el mejor instrumento para esta tarea: FAST Survey.<\/p>\n","protected":false},"excerpt":{"rendered":"<p>El software de FAST Survey\u2122 es una soluci\u00f3n gr\u00e1fica de campo dise\u00f1ada para optimizar la funcionalidad, rendimiento, y control de los receptores Spectra Precision para topograf\u00eda y aplicaciones de construcci\u00f3n.<\/p>\n","protected":false},"featured_media":23306,"template":"","meta":{"_exactmetrics_skip_tracking":false,"_exactmetrics_sitenote_active":false,"_exactmetrics_sitenote_note":"","_exactmetrics_sitenote_category":0,"_monsterinsights_skip_tracking":false,"_monsterinsights_sitenote_active":false,"_monsterinsights_sitenote_note":"","_monsterinsights_sitenote_category":0},"product_brand":[],"product_cat":[71,322],"product_tag":[],"class_list":{"0":"post-23305","1":"product","2":"type-product","3":"status-publish","4":"has-post-thumbnail","6":"product_cat-softwareingenieria","7":"product_cat-software","9":"first","10":"instock","11":"shipping-taxable","12":"product-type-simple","13":"col-xxl","14":"col-xl-4","15":"col-lg-6","16":"col-sm-6"},"_links":{"self":[{"href":"https:\/\/kpn.com.uy\/web\/wp-json\/wp\/v2\/product\/23305","targetHints":{"allow":["GET"]}}],"collection":[{"href":"https:\/\/kpn.com.uy\/web\/wp-json\/wp\/v2\/product"}],"about":[{"href":"https:\/\/kpn.com.uy\/web\/wp-json\/wp\/v2\/types\/product"}],"wp:featuredmedia":[{"embeddable":true,"href":"https:\/\/kpn.com.uy\/web\/wp-json\/wp\/v2\/media\/23306"}],"wp:attachment":[{"href":"https:\/\/kpn.com.uy\/web\/wp-json\/wp\/v2\/media?parent=23305"}],"wp:term":[{"taxonomy":"product_brand","embeddable":true,"href":"https:\/\/kpn.com.uy\/web\/wp-json\/wp\/v2\/product_brand?post=23305"},{"taxonomy":"product_cat","embeddable":true,"href":"https:\/\/kpn.com.uy\/web\/wp-json\/wp\/v2\/product_cat?post=23305"},{"taxonomy":"product_tag","embeddable":true,"href":"https:\/\/kpn.com.uy\/web\/wp-json\/wp\/v2\/product_tag?post=23305"}],"curies":[{"name":"wp","href":"https:\/\/api.w.org\/{rel}","templated":true}]}}