{"id":23309,"date":"2019-11-15T12:20:04","date_gmt":"2019-11-15T15:20:04","guid":{"rendered":"https:\/\/kpn.com.uy\/web\/?post_type=product&#038;p=23309"},"modified":"2019-11-15T12:25:41","modified_gmt":"2019-11-15T15:25:41","slug":"spectra-survey-office","status":"publish","type":"product","link":"https:\/\/kpn.com.uy\/web\/producto\/spectra-survey-office\/","title":{"rendered":"Spectra Survey Office"},"content":{"rendered":"<p>El software contiene numerosas propiedades innovadoras y exclusivas, y es de f\u00e1cil aprendizaje y utilizaci\u00f3n. Con software Spectra Precision Survey Office en su PC usted puede trabajar con datos RTK y Static\/PPK para elaborar informes, asi como identificar y corregir errores de campo. Ingrese informaci\u00f3n de topograf\u00edas existentes o directamente desde internet y exporte informaci\u00f3n en forma de puntos, o en formato CAD o XML. Tenga la seguridad de que sus datos est\u00e1n protegidos y son confiables, con garant\u00eda incorporada de calidad y control. El programa intuitivo e integrado de Spectra Precision Survey Office ahorra tiempo gracias a su aprendizaje breve y sus potentes caracter\u00edsticas.<\/p>\n<p>Los datos topogr\u00e1ficos obtenidos en campo utilizando una estaci\u00f3n total y guardados en un archivo de datos pueden ser transferidos al software y ser integrados si es necesario con otros obtenidos como parte de un proyecto topogr\u00e1fico (por ejemplo datos GNSS o de nivel).<\/p>\n<p>El software Spectra Survey Office es potente, configurable y de f\u00e1cil uso. La interfaz del utilizador contiene opciones que son conocidas de los usuarios de Microsoft Office. Desplace archivos compatibles desde su computadora directamente dentro un proyecto abierto y el software Spectra Precision Survey Office analiza cada archivo para determinar su tipo y de qu\u00e9 forma va hacer procesado. Las herramientas visuales tales como vistas de planos, vistas tridimensionales, vistas de datos en funci\u00f3n de tiempo y ediciones de sesi\u00f3n le ayudan a \u201cver\u201d los datos en el contexto del proyecto en su conjunto.<\/p>\n<p>El software Spectra Survey Office suministra a top\u00f3grafos e ingenieros una tecnolog\u00eda avanzada que integra tareas comunes en un solo sistema. Procese y revise las informaciones de RTK, Static, FastStatic, y as\u00ed como las stop-and-go de Kinematic. El software Spectra Survey Office realiza tambi\u00e9n reducci\u00f3n de datos, computaci\u00f3n, QA\/QC (control de calidad) y ajuste de red. Los datos de control pueden ser exportados al software de campo para ser utilizados sobre el terreno.<\/p>\n<p>&nbsp;<\/p>\n<p>CARACTER\u00cdSTICAS Y BENEFICIOS<\/p>\n<ul>\n<li>F\u00e1cil gesti\u00f3n de datos.<\/li>\n<li>Poceso r\u00e1pido y potente.<\/li>\n<li>Garant\u00eda de calidad.<\/li>\n<li>Estudio de control topogr\u00e1fico completo.<\/li>\n<\/ul>\n","protected":false},"excerpt":{"rendered":"<p>El software de Spectra Survey Office es ideal para procesar y analizar GPS y GNSS, informaci\u00f3n \u00f3ptica topogr\u00e1fica obtenida en campo y exportarlas a un paquete de dise\u00f1o.<\/p>\n","protected":false},"featured_media":23310,"template":"","meta":{"_exactmetrics_skip_tracking":false,"_exactmetrics_sitenote_active":false,"_exactmetrics_sitenote_note":"","_exactmetrics_sitenote_category":0,"_monsterinsights_skip_tracking":false,"_monsterinsights_sitenote_active":false,"_monsterinsights_sitenote_note":"","_monsterinsights_sitenote_category":0},"product_brand":[],"product_cat":[71,322],"product_tag":[],"class_list":{"0":"post-23309","1":"product","2":"type-product","3":"status-publish","4":"has-post-thumbnail","6":"product_cat-softwareingenieria","7":"product_cat-software","9":"first","10":"instock","11":"shipping-taxable","12":"product-type-simple","13":"col-xxl","14":"col-xl-4","15":"col-lg-6","16":"col-sm-6"},"_links":{"self":[{"href":"https:\/\/kpn.com.uy\/web\/wp-json\/wp\/v2\/product\/23309","targetHints":{"allow":["GET"]}}],"collection":[{"href":"https:\/\/kpn.com.uy\/web\/wp-json\/wp\/v2\/product"}],"about":[{"href":"https:\/\/kpn.com.uy\/web\/wp-json\/wp\/v2\/types\/product"}],"wp:featuredmedia":[{"embeddable":true,"href":"https:\/\/kpn.com.uy\/web\/wp-json\/wp\/v2\/media\/23310"}],"wp:attachment":[{"href":"https:\/\/kpn.com.uy\/web\/wp-json\/wp\/v2\/media?parent=23309"}],"wp:term":[{"taxonomy":"product_brand","embeddable":true,"href":"https:\/\/kpn.com.uy\/web\/wp-json\/wp\/v2\/product_brand?post=23309"},{"taxonomy":"product_cat","embeddable":true,"href":"https:\/\/kpn.com.uy\/web\/wp-json\/wp\/v2\/product_cat?post=23309"},{"taxonomy":"product_tag","embeddable":true,"href":"https:\/\/kpn.com.uy\/web\/wp-json\/wp\/v2\/product_tag?post=23309"}],"curies":[{"name":"wp","href":"https:\/\/api.w.org\/{rel}","templated":true}]}}