{"id":23313,"date":"2019-11-15T12:50:29","date_gmt":"2019-11-15T15:50:29","guid":{"rendered":"https:\/\/kpn.com.uy\/web\/?post_type=product&#038;p=23313"},"modified":"2019-11-15T12:50:29","modified_gmt":"2019-11-15T15:50:29","slug":"spectra-survce","status":"publish","type":"product","link":"https:\/\/kpn.com.uy\/web\/producto\/spectra-survce\/","title":{"rendered":"Spectra SurvCE"},"content":{"rendered":"<p>SurvCE combina una funcionalidad avanzada, un amplio conjunto de caracter\u00edsticas y compatibilidad con los est\u00e1ndares de la industria para proporcionar una soluci\u00f3n completa.<\/p>\n<p>Las caracter\u00edsticas integrales y potentes lo ayudar\u00e1n a hacer su trabajo m\u00e1s r\u00e1pido y mejor.<\/p>\n<p>&nbsp;<\/p>\n<p>CARACTER\u00cdSTICAS Y BENEFICIOS<\/p>\n<ul>\n<li>Carreteras avanzadas: funcionalidad de vanguardia para replantear intersecciones y callejones sin salida utilizando archivos de Carlson Road Network.<\/li>\n<li>Campo a acabado opcional: cree dibujos de forma intuitiva y autom\u00e1tica mientras trabaja, lo que le ahorrar\u00e1 tiempo en la oficina.<\/li>\n<li>\u00a0F\u00e1cil intercambio de datos debido a la gran compatibilidad de los formatos de archivo CAD y .dwg, .dgn, .shp.<\/li>\n<li>M\u00e1s capacidades de campo con c\u00e1lculo de volumen r\u00e1pido y f\u00e1cil y capacidad para generar puntos a partir de polil\u00edneas.<\/li>\n<li>Cortar \/ rellenar replanteo utilizando archivos de superficie.<\/li>\n<li>Integraci\u00f3n de c\u00e1mara que permite la asignaci\u00f3n de im\u00e1genes a puntos o l\u00edneas.<\/li>\n<li>Exporte directamente en formato KML para un control r\u00e1pido en Google Earth.<\/li>\n<li>SurvCE \/ PC est\u00e1n disponibles en m\u00e1s de dos docenas de idiomas:\u00a0\u00a0ingl\u00e9s, espa\u00f1ol, alem\u00e1n, franc\u00e9s, franc\u00e9s (canadiense), ruso, portugu\u00e9s, checo, holand\u00e9s, chino, coreano, griego, italiano, polaco, h\u00fangaro, sueco, let\u00f3n y m\u00e1s.<\/li>\n<\/ul>\n","protected":false},"excerpt":{"rendered":"<p>SurvCE es un software de recolecci\u00f3n de datos de campo de levantamiento de tierras con todas las funciones que empaqueta toda la potencia y flexibilidad que necesita en una aplicaci\u00f3n f\u00e1cil de usar.<\/p>\n","protected":false},"featured_media":23314,"template":"","meta":{"_exactmetrics_skip_tracking":false,"_exactmetrics_sitenote_active":false,"_exactmetrics_sitenote_note":"","_exactmetrics_sitenote_category":0,"_monsterinsights_skip_tracking":false,"_monsterinsights_sitenote_active":false,"_monsterinsights_sitenote_note":"","_monsterinsights_sitenote_category":0},"product_brand":[],"product_cat":[71,322],"product_tag":[],"class_list":{"0":"post-23313","1":"product","2":"type-product","3":"status-publish","4":"has-post-thumbnail","6":"product_cat-softwareingenieria","7":"product_cat-software","9":"first","10":"instock","11":"shipping-taxable","12":"product-type-simple","13":"col-xxl","14":"col-xl-4","15":"col-lg-6","16":"col-sm-6"},"_links":{"self":[{"href":"https:\/\/kpn.com.uy\/web\/wp-json\/wp\/v2\/product\/23313","targetHints":{"allow":["GET"]}}],"collection":[{"href":"https:\/\/kpn.com.uy\/web\/wp-json\/wp\/v2\/product"}],"about":[{"href":"https:\/\/kpn.com.uy\/web\/wp-json\/wp\/v2\/types\/product"}],"wp:featuredmedia":[{"embeddable":true,"href":"https:\/\/kpn.com.uy\/web\/wp-json\/wp\/v2\/media\/23314"}],"wp:attachment":[{"href":"https:\/\/kpn.com.uy\/web\/wp-json\/wp\/v2\/media?parent=23313"}],"wp:term":[{"taxonomy":"product_brand","embeddable":true,"href":"https:\/\/kpn.com.uy\/web\/wp-json\/wp\/v2\/product_brand?post=23313"},{"taxonomy":"product_cat","embeddable":true,"href":"https:\/\/kpn.com.uy\/web\/wp-json\/wp\/v2\/product_cat?post=23313"},{"taxonomy":"product_tag","embeddable":true,"href":"https:\/\/kpn.com.uy\/web\/wp-json\/wp\/v2\/product_tag?post=23313"}],"curies":[{"name":"wp","href":"https:\/\/api.w.org\/{rel}","templated":true}]}}