{"id":23319,"date":"2019-11-22T08:56:42","date_gmt":"2019-11-22T11:56:42","guid":{"rendered":"https:\/\/kpn.com.uy\/web\/?post_type=product&#038;p=23319"},"modified":"2019-11-22T09:32:38","modified_gmt":"2019-11-22T12:32:38","slug":"laser-geo","status":"publish","type":"product","link":"https:\/\/kpn.com.uy\/web\/producto\/laser-geo\/","title":{"rendered":"Laser Geo"},"content":{"rendered":"<p>CARACTER\u00cdSTICAS Y BENEFICIOS<\/p>\n<ul>\n<li dir=\"LTR\">El Laser Geo presenta mediciones de largo alcance con l\u00e1ser de alta precisi\u00f3n y sensores integrados de inclinaci\u00f3n y br\u00fajula para mediciones 3D precisas.<\/li>\n<li dir=\"LTR\">Los resultados se presentan en una pantalla de visualizaci\u00f3n integrada y una pantalla gr\u00e1fica externa.<\/li>\n<li dir=\"LTR\">El receptor GPS incorporado y un atributo de identificaci\u00f3n num\u00e9rico de 5 posiciones le permiten etiquetar datos importantes con coordenadas con solo presionar una tecla.<\/li>\n<li dir=\"LTR\">Sus datos se almacenan en una unidad SSD incorporada y est\u00e1n disponibles de inmediato para su posterior procesamiento al conectar una interfaz USB 2.0 est\u00e1ndar a cualquier PC o computadora Apple.\u00a0No se necesitan rutinas de instalaci\u00f3n, software de conversi\u00f3n o controladores especiales.<\/li>\n<li dir=\"LTR\">Sus datos de campo se pueden abrir directamente en su aplicaci\u00f3n GIS u hoja de c\u00e1lculo favorita.\u00a0Las operaciones complejas como la medici\u00f3n de \u00e1rea, el mapeo 3D de objetivos y el mapeo Trail tienen funciones integradas que tambi\u00e9n est\u00e1n disponibles para usted sin herramientas externas.<\/li>\n<li dir=\"LTR\">La funci\u00f3n 3D Vector le permite medir objetivos horizontales como el ancho del dosel.<\/li>\n<li dir=\"LTR\">Medici\u00f3n de altura directa o de 3 puntos, 2 puntos o 1 punto: elija el m\u00e9todo preferido para trabajar en el sistema de men\u00fa f\u00e1cil de seguir.<\/li>\n<li dir=\"LTR\">Una vista de punto sin aumento le ayuda a identificar objetivos individuales como copas de \u00e1rboles y l\u00edneas el\u00e9ctricas.<\/li>\n<li dir=\"LTR\">El transceptor Bluetooth V4 de baja energ\u00eda incorporado permite la transferencia inal\u00e1mbrica de datos de largo alcance a su dispositivo port\u00e1til favorito.\u00a0Los instrumentos tienen una bater\u00eda de iones de litio de larga duraci\u00f3n incorporada y la carga se realiza con una interfaz mini USB.<\/li>\n<\/ul>\n<p>&nbsp;<\/p>\n<p><iframe width=\"1136\" height=\"639\" src=\"https:\/\/www.youtube.com\/embed\/CcbR2yQ0vOs?feature=oembed\" frameborder=\"0\" allow=\"accelerometer; autoplay; encrypted-media; gyroscope; picture-in-picture\" allowfullscreen><\/iframe><\/p>\n","protected":false},"excerpt":{"rendered":"<p>El instrumento Laser Geo es un tel\u00e9metro l\u00e1ser de alta precisi\u00f3n con GPS incorporado, br\u00fajula, Bluetooth y USB 2.0 para la comunicaci\u00f3n.\u00a0Precisi\u00f3n extrema, utilidad extrema.<\/p>\n","protected":false},"featured_media":23327,"template":"","meta":{"_exactmetrics_skip_tracking":false,"_exactmetrics_sitenote_active":false,"_exactmetrics_sitenote_note":"","_exactmetrics_sitenote_category":0,"_monsterinsights_skip_tracking":false,"_monsterinsights_sitenote_active":false,"_monsterinsights_sitenote_note":"","_monsterinsights_sitenote_category":0},"product_brand":[],"product_cat":[283],"product_tag":[],"class_list":{"0":"post-23319","1":"product","2":"type-product","3":"status-publish","4":"has-post-thumbnail","6":"product_cat-haglof","8":"first","9":"instock","10":"shipping-taxable","11":"product-type-simple","12":"col-xxl","13":"col-xl-4","14":"col-lg-6","15":"col-sm-6"},"_links":{"self":[{"href":"https:\/\/kpn.com.uy\/web\/wp-json\/wp\/v2\/product\/23319","targetHints":{"allow":["GET"]}}],"collection":[{"href":"https:\/\/kpn.com.uy\/web\/wp-json\/wp\/v2\/product"}],"about":[{"href":"https:\/\/kpn.com.uy\/web\/wp-json\/wp\/v2\/types\/product"}],"wp:featuredmedia":[{"embeddable":true,"href":"https:\/\/kpn.com.uy\/web\/wp-json\/wp\/v2\/media\/23327"}],"wp:attachment":[{"href":"https:\/\/kpn.com.uy\/web\/wp-json\/wp\/v2\/media?parent=23319"}],"wp:term":[{"taxonomy":"product_brand","embeddable":true,"href":"https:\/\/kpn.com.uy\/web\/wp-json\/wp\/v2\/product_brand?post=23319"},{"taxonomy":"product_cat","embeddable":true,"href":"https:\/\/kpn.com.uy\/web\/wp-json\/wp\/v2\/product_cat?post=23319"},{"taxonomy":"product_tag","embeddable":true,"href":"https:\/\/kpn.com.uy\/web\/wp-json\/wp\/v2\/product_tag?post=23319"}],"curies":[{"name":"wp","href":"https:\/\/api.w.org\/{rel}","templated":true}]}}