{"id":23331,"date":"2019-11-22T09:10:44","date_gmt":"2019-11-22T12:10:44","guid":{"rendered":"https:\/\/kpn.com.uy\/web\/?post_type=product&#038;p=23331"},"modified":"2019-11-22T09:34:08","modified_gmt":"2019-11-22T12:34:08","slug":"vertex-laser-geo","status":"publish","type":"product","link":"https:\/\/kpn.com.uy\/web\/producto\/vertex-laser-geo\/","title":{"rendered":"Vertex Laser Geo"},"content":{"rendered":"<p>Silvicultores, agrimensores, ingenieros, arquitectos paisajistas, constructores. Presentamos nuevos modelos de instrumentos con una funcionalidad extrema: programables e incluyen GPS y br\u00fajula.<\/p>\n<ul>\n<li dir=\"LTR\">Cuenta con medici\u00f3n de largo alcance con l\u00e1ser de alta precisi\u00f3n y sensores integrados de inclinaci\u00f3n y br\u00fajula para mediciones 3D precisas.\u00a0Los resultados se presentan en una pantalla de visualizaci\u00f3n integrada y una pantalla gr\u00e1fica externa.<\/li>\n<li dir=\"LTR\">El receptor GPS incorporado y un atributo de identificaci\u00f3n num\u00e9rico de 5 posiciones le permiten etiquetar datos importantes con coordenadas con solo presionar una tecla.\u00a0Sus datos se almacenan en una unidad SSD incorporada y est\u00e1n disponibles de inmediato para su posterior procesamiento al conectar una interfaz USB 2.0 est\u00e1ndar a cualquier PC o computadora Apple.\u00a0No se necesitan rutinas de instalaci\u00f3n, software de conversi\u00f3n o controladores especiales.\u00a0Sus datos de campo se pueden abrir directamente en su aplicaci\u00f3n GIS u hoja de c\u00e1lculo favorita.\u00a0Las operaciones complejas como la medici\u00f3n de \u00e1rea, el mapeo 3D de objetivos y el mapeo Trail tienen funciones integradas que tambi\u00e9n est\u00e1n disponibles para usted sin herramientas externas.\u00a0La funci\u00f3n 3D Vector le permite medir objetivos horizontales como el ancho del dosel.<\/li>\n<li dir=\"LTR\">Tecnolog\u00eda de ultrasonido incorporada: excelente si su trabajo se realiza principalmente en el bosque.\u00a0El ultrasonido es superior en comparaci\u00f3n con los m\u00e9todos alternativos, ya que se puede usar en bosques densos y donde la maleza es espesa.\u00a0El sistema Vertex Laser funciona con un transpondedor ultras\u00f3nico.\u00a0\u00daselo en parcelas de muestra circulares para determinar de forma r\u00e1pida y precisa si un \u00e1rbol est\u00e1 dentro o fuera.<\/li>\n<li dir=\"LTR\">Medici\u00f3n de altura directa o de 3 puntos, 2 puntos o 1 punto: elija el m\u00e9todo preferido para trabajar en el sistema de men\u00fa f\u00e1cil de seguir.\u00a0Una vista de punto sin aumento le ayuda a identificar objetivos individuales como copas de \u00e1rboles y l\u00edneas el\u00e9ctricas.<\/li>\n<\/ul>\n<p>&nbsp;<\/p>\n<p><iframe width=\"1136\" height=\"639\" src=\"https:\/\/www.youtube.com\/embed\/CcbR2yQ0vOs?feature=oembed\" frameborder=\"0\" allow=\"accelerometer; autoplay; encrypted-media; gyroscope; picture-in-picture\" allowfullscreen><\/iframe><\/p>\n","protected":false},"excerpt":{"rendered":"<p>Todo lo que necesitas en un tel\u00e9metro-hips\u00f3metro.<\/p>\n","protected":false},"featured_media":23328,"template":"","meta":{"_exactmetrics_skip_tracking":false,"_exactmetrics_sitenote_active":false,"_exactmetrics_sitenote_note":"","_exactmetrics_sitenote_category":0,"_monsterinsights_skip_tracking":false,"_monsterinsights_sitenote_active":false,"_monsterinsights_sitenote_note":"","_monsterinsights_sitenote_category":0},"product_brand":[],"product_cat":[283,252],"product_tag":[],"class_list":{"0":"post-23331","1":"product","2":"type-product","3":"status-publish","4":"has-post-thumbnail","6":"product_cat-haglof","7":"product_cat-telemetros","9":"first","10":"instock","11":"shipping-taxable","12":"product-type-simple","13":"col-xxl","14":"col-xl-4","15":"col-lg-6","16":"col-sm-6"},"_links":{"self":[{"href":"https:\/\/kpn.com.uy\/web\/wp-json\/wp\/v2\/product\/23331","targetHints":{"allow":["GET"]}}],"collection":[{"href":"https:\/\/kpn.com.uy\/web\/wp-json\/wp\/v2\/product"}],"about":[{"href":"https:\/\/kpn.com.uy\/web\/wp-json\/wp\/v2\/types\/product"}],"wp:featuredmedia":[{"embeddable":true,"href":"https:\/\/kpn.com.uy\/web\/wp-json\/wp\/v2\/media\/23328"}],"wp:attachment":[{"href":"https:\/\/kpn.com.uy\/web\/wp-json\/wp\/v2\/media?parent=23331"}],"wp:term":[{"taxonomy":"product_brand","embeddable":true,"href":"https:\/\/kpn.com.uy\/web\/wp-json\/wp\/v2\/product_brand?post=23331"},{"taxonomy":"product_cat","embeddable":true,"href":"https:\/\/kpn.com.uy\/web\/wp-json\/wp\/v2\/product_cat?post=23331"},{"taxonomy":"product_tag","embeddable":true,"href":"https:\/\/kpn.com.uy\/web\/wp-json\/wp\/v2\/product_tag?post=23331"}],"curies":[{"name":"wp","href":"https:\/\/api.w.org\/{rel}","templated":true}]}}