{"id":23334,"date":"2019-11-22T09:27:39","date_gmt":"2019-11-22T12:27:39","guid":{"rendered":"https:\/\/kpn.com.uy\/web\/?post_type=product&#038;p=23334"},"modified":"2019-11-22T09:27:39","modified_gmt":"2019-11-22T12:27:39","slug":"slope-corrector","status":"publish","type":"product","link":"https:\/\/kpn.com.uy\/web\/producto\/slope-corrector\/","title":{"rendered":"Slope Corrector"},"content":{"rendered":"<p>Utilice el exclusivo Sistema de correcci\u00f3n de pendiente con el m\u00f3dulo DP DME y ya no tendr\u00e1 que hacer correcciones de pendiente en terrenos empinados para sus parcelas de muestra.<\/p>\n<p dir=\"LTR\">Con el Sistema de correcci\u00f3n de pendiente, el calibrador DP II, un m\u00f3dulo DP DME H-Dist personalizado y su aplicaci\u00f3n de software adaptada, obtendr\u00e1 lecturas precisas en la distancia del radio de trazado horizontal con una sola operaci\u00f3n de medici\u00f3n. El resultado, calculado y listo, se muestra y registrado por su calibrador DP II.<\/p>\n<p dir=\"LTR\">El sistema DP DME H-Dist Slope Corrector facilita el proceso de medici\u00f3n en terrenos empinados e inclinados, y mejora la precisi\u00f3n general de la medici\u00f3n de campo.<\/p>\n<p><iframe width=\"1136\" height=\"639\" src=\"https:\/\/www.youtube.com\/embed\/aSISVVL5RiQ?feature=oembed\" frameborder=\"0\" allow=\"accelerometer; autoplay; encrypted-media; gyroscope; picture-in-picture\" allowfullscreen><\/iframe><\/p>\n","protected":false},"excerpt":{"rendered":"<p>Nuevo m\u00f3dulo adicional DP DME personalizado y sistema de correcci\u00f3n de pendiente con transpondedores dobles<\/p>\n","protected":false},"featured_media":23336,"template":"","meta":{"_exactmetrics_skip_tracking":false,"_exactmetrics_sitenote_active":false,"_exactmetrics_sitenote_note":"","_exactmetrics_sitenote_category":0,"_monsterinsights_skip_tracking":false,"_monsterinsights_sitenote_active":false,"_monsterinsights_sitenote_note":"","_monsterinsights_sitenote_category":0},"product_brand":[],"product_cat":[283],"product_tag":[],"class_list":{"0":"post-23334","1":"product","2":"type-product","3":"status-publish","4":"has-post-thumbnail","6":"product_cat-haglof","8":"first","9":"instock","10":"shipping-taxable","11":"product-type-simple","12":"col-xxl","13":"col-xl-4","14":"col-lg-6","15":"col-sm-6"},"_links":{"self":[{"href":"https:\/\/kpn.com.uy\/web\/wp-json\/wp\/v2\/product\/23334","targetHints":{"allow":["GET"]}}],"collection":[{"href":"https:\/\/kpn.com.uy\/web\/wp-json\/wp\/v2\/product"}],"about":[{"href":"https:\/\/kpn.com.uy\/web\/wp-json\/wp\/v2\/types\/product"}],"wp:featuredmedia":[{"embeddable":true,"href":"https:\/\/kpn.com.uy\/web\/wp-json\/wp\/v2\/media\/23336"}],"wp:attachment":[{"href":"https:\/\/kpn.com.uy\/web\/wp-json\/wp\/v2\/media?parent=23334"}],"wp:term":[{"taxonomy":"product_brand","embeddable":true,"href":"https:\/\/kpn.com.uy\/web\/wp-json\/wp\/v2\/product_brand?post=23334"},{"taxonomy":"product_cat","embeddable":true,"href":"https:\/\/kpn.com.uy\/web\/wp-json\/wp\/v2\/product_cat?post=23334"},{"taxonomy":"product_tag","embeddable":true,"href":"https:\/\/kpn.com.uy\/web\/wp-json\/wp\/v2\/product_tag?post=23334"}],"curies":[{"name":"wp","href":"https:\/\/api.w.org\/{rel}","templated":true}]}}