{"id":23342,"date":"2019-11-22T09:59:23","date_gmt":"2019-11-22T12:59:23","guid":{"rendered":"https:\/\/kpn.com.uy\/web\/?post_type=product&#038;p=23342"},"modified":"2019-11-22T09:59:23","modified_gmt":"2019-11-22T12:59:23","slug":"ec-ii-d-r","status":"publish","type":"product","link":"https:\/\/kpn.com.uy\/web\/producto\/ec-ii-d-r\/","title":{"rendered":"EC II D-R"},"content":{"rendered":"<p>El EC II DR es un instrumento multifunci\u00f3n de tama\u00f1o peque\u00f1o que se puede utilizar para obtener resultados r\u00e1pidos de las estimaciones de volumen del soporte.\u00a0El EC II DR tiene factores ajustables y ofrece una gran precisi\u00f3n para sus mediciones de altura. La nueva versi\u00f3n EC II DR tambi\u00e9n incluye el c\u00e1lculo de la distancia trigonom\u00e9trica al objeto de medici\u00f3n.\u00a0Para usar, establezca una marca visible a una altura de referencia de 2 metros \/ 6 pies en el objeto a medir.\u00a0Camine una distancia aproximadamente tan lejos como la altura total del objeto.\u00a0Mida el \u00e1ngulo a la base del objeto, seguido del \u00e1ngulo a la marca de altura de referencia.<\/p>\n<p>El instrumento calcula la distancia y el resultado parpadea r\u00e1pidamente en la pantalla.\u00a0El EC II DR ahora est\u00e1 listo para medir la altura total u otra altura sobre el objeto.\u00a0Para el c\u00e1lculo del \u00e1rea basal y el volumen, use el medidor de factor para contar el n\u00famero de tallos y la entrada en el instrumento EC II DR.\u00a0El \u00e1rea basal y una estimaci\u00f3n de volumen del soporte se le presentan en la pantalla del instrumento.<\/p>\n<p>&nbsp;<\/p>\n<p>&nbsp;<\/p>\n","protected":false},"excerpt":{"rendered":"<p>Use el EC II-R con indicador de factor para medir la inclinaci\u00f3n y las alturas.\u00a0El EC II-R incluye funciones para calcular el \u00e1rea basal y el volumen.\u00a0La versi\u00f3n actualizada cuenta con c\u00e1lculo de distancia digital.<\/p>\n","protected":false},"featured_media":23343,"template":"","meta":{"_exactmetrics_skip_tracking":false,"_exactmetrics_sitenote_active":false,"_exactmetrics_sitenote_note":"","_exactmetrics_sitenote_category":0,"_monsterinsights_skip_tracking":false,"_monsterinsights_sitenote_active":false,"_monsterinsights_sitenote_note":"","_monsterinsights_sitenote_category":0},"product_brand":[],"product_cat":[283],"product_tag":[],"class_list":{"0":"post-23342","1":"product","2":"type-product","3":"status-publish","4":"has-post-thumbnail","6":"product_cat-haglof","8":"first","9":"instock","10":"shipping-taxable","11":"product-type-simple","12":"col-xxl","13":"col-xl-4","14":"col-lg-6","15":"col-sm-6"},"_links":{"self":[{"href":"https:\/\/kpn.com.uy\/web\/wp-json\/wp\/v2\/product\/23342","targetHints":{"allow":["GET"]}}],"collection":[{"href":"https:\/\/kpn.com.uy\/web\/wp-json\/wp\/v2\/product"}],"about":[{"href":"https:\/\/kpn.com.uy\/web\/wp-json\/wp\/v2\/types\/product"}],"wp:featuredmedia":[{"embeddable":true,"href":"https:\/\/kpn.com.uy\/web\/wp-json\/wp\/v2\/media\/23343"}],"wp:attachment":[{"href":"https:\/\/kpn.com.uy\/web\/wp-json\/wp\/v2\/media?parent=23342"}],"wp:term":[{"taxonomy":"product_brand","embeddable":true,"href":"https:\/\/kpn.com.uy\/web\/wp-json\/wp\/v2\/product_brand?post=23342"},{"taxonomy":"product_cat","embeddable":true,"href":"https:\/\/kpn.com.uy\/web\/wp-json\/wp\/v2\/product_cat?post=23342"},{"taxonomy":"product_tag","embeddable":true,"href":"https:\/\/kpn.com.uy\/web\/wp-json\/wp\/v2\/product_tag?post=23342"}],"curies":[{"name":"wp","href":"https:\/\/api.w.org\/{rel}","templated":true}]}}