{"id":23351,"date":"2019-11-22T10:21:57","date_gmt":"2019-11-22T13:21:57","guid":{"rendered":"https:\/\/kpn.com.uy\/web\/?post_type=product&#038;p=23351"},"modified":"2019-11-22T10:24:09","modified_gmt":"2019-11-22T13:24:09","slug":"dme","status":"publish","type":"product","link":"https:\/\/kpn.com.uy\/web\/producto\/dme\/","title":{"rendered":"DME"},"content":{"rendered":"<p>El sistema de instrumentos DME de Hagl\u00f6f Sweden ofrece resultados r\u00e1pidos y confiables para medir distancias en el bosque.\u00a0El sistema DME funciona con la t\u00e9cnica de ultrasonido, lo que lo hace especialmente \u00fatil en terrenos densos y donde la maleza es gruesa.\u00a0Las funciones BAF incorporadas son \u00fatiles para el trabajo de muestreo de puntos \/ parcelas.<\/p>\n<p>El sistema DME completo incluye un instrumento de medici\u00f3n DME peque\u00f1o y resistente, un transpondedor T3 y un bastidor \/ monopie con adaptador.\u00a0El monopi\u00e9 con transpondedor se coloca en el centro de la trama, lo que permite al usuario medir y determinar el radio de la trama.<\/p>\n<p>&nbsp;<\/p>\n<p>MIDA EN UN C\u00cdRCULO COMPLETO DE 360 \u200b\u200b\u00b0<\/p>\n<p>El radio exacto de la trama se puede medir desde cualquier direcci\u00f3n hasta el centro de la trama cuando el transpondedor T3 est\u00e1 montado en el monopie y el adaptador personalizado de 360 \u200b\u200b\u00b0.<\/p>\n<p>&nbsp;<\/p>\n<p>FUNCIONES BAF INCORPORADAS<\/p>\n<p>Con la funci\u00f3n del Factor de \u00e1rea basal (BAF), conocer\u00e1 el di\u00e1metro m\u00ednimo de los \u00e1rboles que se contar\u00e1n y se incluir\u00e1n en la parcela.<\/p>\n<p>&nbsp;<\/p>\n<p>DME &#8211; DME<\/p>\n<p>El DME tambi\u00e9n puede funcionar en pareja, con dos instrumentos de medici\u00f3n DME que miden la distancia intermedia.\u00a0Este m\u00e9todo es \u00fatil para mantener el mismo ancho, por ejemplo, en trabajos de construcci\u00f3n de carreteras y al despejar a lo largo de l\u00edneas el\u00e9ctricas.<\/p>\n","protected":false},"excerpt":{"rendered":"<p>El DME es un sistema de medici\u00f3n de ultrasonido cl\u00e1sico y perfecto para usar en parcelas de muestra.<\/p>\n","protected":false},"featured_media":23355,"template":"","meta":{"_exactmetrics_skip_tracking":false,"_exactmetrics_sitenote_active":false,"_exactmetrics_sitenote_note":"","_exactmetrics_sitenote_category":0,"_monsterinsights_skip_tracking":false,"_monsterinsights_sitenote_active":false,"_monsterinsights_sitenote_note":"","_monsterinsights_sitenote_category":0},"product_brand":[],"product_cat":[283],"product_tag":[],"class_list":{"0":"post-23351","1":"product","2":"type-product","3":"status-publish","4":"has-post-thumbnail","6":"product_cat-haglof","8":"first","9":"instock","10":"shipping-taxable","11":"product-type-simple","12":"col-xxl","13":"col-xl-4","14":"col-lg-6","15":"col-sm-6"},"_links":{"self":[{"href":"https:\/\/kpn.com.uy\/web\/wp-json\/wp\/v2\/product\/23351","targetHints":{"allow":["GET"]}}],"collection":[{"href":"https:\/\/kpn.com.uy\/web\/wp-json\/wp\/v2\/product"}],"about":[{"href":"https:\/\/kpn.com.uy\/web\/wp-json\/wp\/v2\/types\/product"}],"wp:featuredmedia":[{"embeddable":true,"href":"https:\/\/kpn.com.uy\/web\/wp-json\/wp\/v2\/media\/23355"}],"wp:attachment":[{"href":"https:\/\/kpn.com.uy\/web\/wp-json\/wp\/v2\/media?parent=23351"}],"wp:term":[{"taxonomy":"product_brand","embeddable":true,"href":"https:\/\/kpn.com.uy\/web\/wp-json\/wp\/v2\/product_brand?post=23351"},{"taxonomy":"product_cat","embeddable":true,"href":"https:\/\/kpn.com.uy\/web\/wp-json\/wp\/v2\/product_cat?post=23351"},{"taxonomy":"product_tag","embeddable":true,"href":"https:\/\/kpn.com.uy\/web\/wp-json\/wp\/v2\/product_tag?post=23351"}],"curies":[{"name":"wp","href":"https:\/\/api.w.org\/{rel}","templated":true}]}}