{"id":23358,"date":"2019-11-22T10:34:21","date_gmt":"2019-11-22T13:34:21","guid":{"rendered":"https:\/\/kpn.com.uy\/web\/?post_type=product&#038;p=23358"},"modified":"2019-11-22T10:34:21","modified_gmt":"2019-11-22T13:34:21","slug":"postex-laser","status":"publish","type":"product","link":"https:\/\/kpn.com.uy\/web\/producto\/postex-laser\/","title":{"rendered":"Postex\u00ae Laser"},"content":{"rendered":"<p>La soluci\u00f3n del instrumento Postex es un sistema vers\u00e1til para el posicionamiento individual en sistemas de coordenadas en parcelas de muestra.\u00a0El sistema Postex a menudo se utiliza en combinaci\u00f3n con los calibradores inform\u00e1ticos Hagl\u00f6f Sweden DP II o Digitech Professional y la aplicaci\u00f3n de software Postax.\u00a0Los datos se pueden exportar como un archivo CSV, que se puede consumir f\u00e1cilmente para su visualizaci\u00f3n y an\u00e1lisis en, por ejemplo, ArcGIS Online.\u00a0Con Postex Laser, puede recopilar m\u00e1s datos de campo en menos tiempo y utilizando tecnolog\u00eda confiable.\u00a0La soluci\u00f3n del instrumento Postex se ha desarrollado en colaboraci\u00f3n con cient\u00edficos l\u00edderes.<\/p>\n<p>El sistema de instrumentos Postex Laser le permite\u00a0seleccionar el m\u00e9todo de medici\u00f3n de altura seg\u00fan el terreno y la situaci\u00f3n.\u00a0Trabaje con l\u00e1ser de alta precisi\u00f3n con funci\u00f3n de filtro, as\u00ed como con tecnolog\u00eda de ultrasonido confiable y probada.<\/p>\n<p>El instrumento l\u00e1ser Postex es resistente y tiene una interfaz f\u00e1cil de usar.\u00a0Los resultados se pueden transferir con Bluetooth o IR a la pinza de la computadora o al dispositivo port\u00e1til.<br \/>\nPara una eficiencia \u00f3ptima, use el instrumento Postex Laser en una soluci\u00f3n de sistema completa que incluye el calibrador de computadora DP II y la aplicaci\u00f3n de software.<\/p>\n<p>Tambi\u00e9n disponible: el\u00a0\u00a0m\u00f3dulo\u00a0DP Postex\u00ae\u00a0, para operadores que prefieren tener un instrumento de medici\u00f3n de altura separado, como el L5 Laser, o para aquellos que no necesitan medir alturas, por ejemplo, para colocar restos antiguos en el campo.\u00a0El m\u00f3dulo DP Postex se utiliza como complemento del calibrador DP y se integra directamente con el calibrador y el software.<\/p>\n<ul>\n<li>Establezca coordenadas X e Y en \u00e1rboles individuales.<\/li>\n<li>Mida distancias largas y cortas con velocidad y precisi\u00f3n.<\/li>\n<li>Seleccione entre diferentes m\u00e9todos de medici\u00f3n de altura.<\/li>\n<li>Use en un sistema Postex completo con calibrador de computadora y software personalizado para la eficiencia y el trabajo sin interrupciones.<\/li>\n<li>Comunicaci\u00f3n Bluetooth e IR.<\/li>\n<\/ul>\n<p>&nbsp;<\/p>\n<p><iframe width=\"1136\" height=\"852\" src=\"https:\/\/www.youtube.com\/embed\/qSALZKYey_Q?feature=oembed\" frameborder=\"0\" allow=\"accelerometer; autoplay; encrypted-media; gyroscope; picture-in-picture\" allowfullscreen><\/iframe><\/p>\n","protected":false},"excerpt":{"rendered":"<p>Use el sistema Postex\u00ae Laser para determinar coordenadas y posicionar \u00e1rboles individuales.<\/p>\n","protected":false},"featured_media":23359,"template":"","meta":{"_exactmetrics_skip_tracking":false,"_exactmetrics_sitenote_active":false,"_exactmetrics_sitenote_note":"","_exactmetrics_sitenote_category":0,"_monsterinsights_skip_tracking":false,"_monsterinsights_sitenote_active":false,"_monsterinsights_sitenote_note":"","_monsterinsights_sitenote_category":0},"product_brand":[],"product_cat":[283],"product_tag":[],"class_list":{"0":"post-23358","1":"product","2":"type-product","3":"status-publish","4":"has-post-thumbnail","6":"product_cat-haglof","8":"first","9":"instock","10":"shipping-taxable","11":"product-type-simple","12":"col-xxl","13":"col-xl-4","14":"col-lg-6","15":"col-sm-6"},"_links":{"self":[{"href":"https:\/\/kpn.com.uy\/web\/wp-json\/wp\/v2\/product\/23358","targetHints":{"allow":["GET"]}}],"collection":[{"href":"https:\/\/kpn.com.uy\/web\/wp-json\/wp\/v2\/product"}],"about":[{"href":"https:\/\/kpn.com.uy\/web\/wp-json\/wp\/v2\/types\/product"}],"wp:featuredmedia":[{"embeddable":true,"href":"https:\/\/kpn.com.uy\/web\/wp-json\/wp\/v2\/media\/23359"}],"wp:attachment":[{"href":"https:\/\/kpn.com.uy\/web\/wp-json\/wp\/v2\/media?parent=23358"}],"wp:term":[{"taxonomy":"product_brand","embeddable":true,"href":"https:\/\/kpn.com.uy\/web\/wp-json\/wp\/v2\/product_brand?post=23358"},{"taxonomy":"product_cat","embeddable":true,"href":"https:\/\/kpn.com.uy\/web\/wp-json\/wp\/v2\/product_cat?post=23358"},{"taxonomy":"product_tag","embeddable":true,"href":"https:\/\/kpn.com.uy\/web\/wp-json\/wp\/v2\/product_tag?post=23358"}],"curies":[{"name":"wp","href":"https:\/\/api.w.org\/{rel}","templated":true}]}}