{"id":23361,"date":"2019-11-22T10:45:46","date_gmt":"2019-11-22T13:45:46","guid":{"rendered":"https:\/\/kpn.com.uy\/web\/?post_type=product&#038;p=23361"},"modified":"2019-11-22T10:45:46","modified_gmt":"2019-11-22T13:45:46","slug":"walktax","status":"publish","type":"product","link":"https:\/\/kpn.com.uy\/web\/producto\/walktax\/","title":{"rendered":"Walktax"},"content":{"rendered":"<p>El medidor de hilo Walktax es un equipo est\u00e1ndar para silvicultores de todo el mundo.\u00a0Este es tambi\u00e9n un instrumento cl\u00e1sico para mediciones de distancia al aire libre confiables y convenientes.\u00a0El Walktax tiene un contador mec\u00e1nico de alta calidad que garantiza resultados de medici\u00f3n confiables.\u00a0Con una construcci\u00f3n simple e inteligente, el Walktax es indispensable para el trabajo en controles de paisaje, construcci\u00f3n de carreteras y cruceros.<\/p>\n<p>&nbsp;<\/p>\n<p>CARACTER\u00cdSTICAS<\/p>\n<ul>\n<li>Clip de cintur\u00f3n para facilitar su transporte.<\/li>\n<li>Restablecimiento del contador externo.<\/li>\n<li>Construcci\u00f3n que le permite cambiar el carrete de hilo en unos segundos, tambi\u00e9n cuando usa guantes.<\/li>\n<li>Carcasa moldeada de pl\u00e1stico y policarbonato resistente.<\/li>\n<li>Hilo de corte externo.<\/li>\n<li>Aplicaci\u00f3n de capacidad de carrete de hilo.\u00a02500 m, vendidos en paquetes de 10 rollos.<\/li>\n<li>La gu\u00eda del hilo est\u00e1 hecha de un pl\u00e1stico compuesto resistente para eliminar el desgaste del hilo.<\/li>\n<\/ul>\n","protected":false},"excerpt":{"rendered":"<p>Walktax es el nombre de nuestro medidor de distancia de hilo cl\u00e1sico.<\/p>\n","protected":false},"featured_media":23363,"template":"","meta":{"_exactmetrics_skip_tracking":false,"_exactmetrics_sitenote_active":false,"_exactmetrics_sitenote_note":"","_exactmetrics_sitenote_category":0,"_monsterinsights_skip_tracking":false,"_monsterinsights_sitenote_active":false,"_monsterinsights_sitenote_note":"","_monsterinsights_sitenote_category":0},"product_brand":[],"product_cat":[283],"product_tag":[],"class_list":{"0":"post-23361","1":"product","2":"type-product","3":"status-publish","4":"has-post-thumbnail","6":"product_cat-haglof","8":"first","9":"instock","10":"shipping-taxable","11":"product-type-simple","12":"col-xxl","13":"col-xl-4","14":"col-lg-6","15":"col-sm-6"},"_links":{"self":[{"href":"https:\/\/kpn.com.uy\/web\/wp-json\/wp\/v2\/product\/23361","targetHints":{"allow":["GET"]}}],"collection":[{"href":"https:\/\/kpn.com.uy\/web\/wp-json\/wp\/v2\/product"}],"about":[{"href":"https:\/\/kpn.com.uy\/web\/wp-json\/wp\/v2\/types\/product"}],"wp:featuredmedia":[{"embeddable":true,"href":"https:\/\/kpn.com.uy\/web\/wp-json\/wp\/v2\/media\/23363"}],"wp:attachment":[{"href":"https:\/\/kpn.com.uy\/web\/wp-json\/wp\/v2\/media?parent=23361"}],"wp:term":[{"taxonomy":"product_brand","embeddable":true,"href":"https:\/\/kpn.com.uy\/web\/wp-json\/wp\/v2\/product_brand?post=23361"},{"taxonomy":"product_cat","embeddable":true,"href":"https:\/\/kpn.com.uy\/web\/wp-json\/wp\/v2\/product_cat?post=23361"},{"taxonomy":"product_tag","embeddable":true,"href":"https:\/\/kpn.com.uy\/web\/wp-json\/wp\/v2\/product_tag?post=23361"}],"curies":[{"name":"wp","href":"https:\/\/api.w.org\/{rel}","templated":true}]}}