{"id":23376,"date":"2019-11-22T11:28:01","date_gmt":"2019-11-22T14:28:01","guid":{"rendered":"https:\/\/kpn.com.uy\/web\/?post_type=product&#038;p=23376"},"modified":"2019-11-22T11:35:58","modified_gmt":"2019-11-22T14:35:58","slug":"trailblazer","status":"publish","type":"product","link":"https:\/\/kpn.com.uy\/web\/producto\/trailblazer\/","title":{"rendered":"TrailBlazer"},"content":{"rendered":"<p>Para obtener el mejor rendimiento, trabaje en pareja: una persona usa el chaleco reflectante y camina en la direcci\u00f3n de punter\u00eda frente al segundo usuario, que lleva y maneja el instrumento TrailBlazer.\u00a0El punto l\u00e1ser tiene un largo alcance y es muy visible, especialmente cuando golpea el punto de objetivo reflectante en la parte posterior del chaleco.\u00a0El TrailBlazer tiene una carcasa equilibrada y resistente de aluminio anodizado con un punto de montaje est\u00e1ndar incorporado de 1\/4 &#8220;para monopie (si es necesario).<\/p>\n<p><iframe width=\"1136\" height=\"639\" src=\"https:\/\/www.youtube.com\/embed\/1-MGbp0hQZw?feature=oembed\" frameborder=\"0\" allow=\"accelerometer; autoplay; encrypted-media; gyroscope; picture-in-picture\" allowfullscreen><\/iframe><\/p>\n","protected":false},"excerpt":{"rendered":"<p>Use Hagl\u00f6f Swedens TrailBlazer\u00ae junto con su br\u00fajula est\u00e1ndar, y encuentre l\u00edmites en el bosque mucho m\u00e1s f\u00e1cil.<\/p>\n","protected":false},"featured_media":23378,"template":"","meta":{"_exactmetrics_skip_tracking":false,"_exactmetrics_sitenote_active":false,"_exactmetrics_sitenote_note":"","_exactmetrics_sitenote_category":0,"_monsterinsights_skip_tracking":false,"_monsterinsights_sitenote_active":false,"_monsterinsights_sitenote_note":"","_monsterinsights_sitenote_category":0},"product_brand":[],"product_cat":[283],"product_tag":[],"class_list":{"0":"post-23376","1":"product","2":"type-product","3":"status-publish","4":"has-post-thumbnail","6":"product_cat-haglof","8":"first","9":"instock","10":"shipping-taxable","11":"product-type-simple","12":"col-xxl","13":"col-xl-4","14":"col-lg-6","15":"col-sm-6"},"_links":{"self":[{"href":"https:\/\/kpn.com.uy\/web\/wp-json\/wp\/v2\/product\/23376","targetHints":{"allow":["GET"]}}],"collection":[{"href":"https:\/\/kpn.com.uy\/web\/wp-json\/wp\/v2\/product"}],"about":[{"href":"https:\/\/kpn.com.uy\/web\/wp-json\/wp\/v2\/types\/product"}],"wp:featuredmedia":[{"embeddable":true,"href":"https:\/\/kpn.com.uy\/web\/wp-json\/wp\/v2\/media\/23378"}],"wp:attachment":[{"href":"https:\/\/kpn.com.uy\/web\/wp-json\/wp\/v2\/media?parent=23376"}],"wp:term":[{"taxonomy":"product_brand","embeddable":true,"href":"https:\/\/kpn.com.uy\/web\/wp-json\/wp\/v2\/product_brand?post=23376"},{"taxonomy":"product_cat","embeddable":true,"href":"https:\/\/kpn.com.uy\/web\/wp-json\/wp\/v2\/product_cat?post=23376"},{"taxonomy":"product_tag","embeddable":true,"href":"https:\/\/kpn.com.uy\/web\/wp-json\/wp\/v2\/product_tag?post=23376"}],"curies":[{"name":"wp","href":"https:\/\/api.w.org\/{rel}","templated":true}]}}