{"id":23381,"date":"2019-11-22T11:34:47","date_gmt":"2019-11-22T14:34:47","guid":{"rendered":"https:\/\/kpn.com.uy\/web\/?post_type=product&#038;p=23381"},"modified":"2019-11-22T11:34:47","modified_gmt":"2019-11-22T14:34:47","slug":"perforadores-incrementales","status":"publish","type":"product","link":"https:\/\/kpn.com.uy\/web\/producto\/perforadores-incrementales\/","title":{"rendered":"Perforadores incrementales"},"content":{"rendered":"<p>Las perforadoras incrementales Hagl\u00f6f est\u00e1n disponibles en una amplia variedad de tama\u00f1os, longitudes, modelos, variantes y di\u00e1metros de n\u00facleo para todo tipo de madera y \u00e1rboles.\u00a0Las perforadoras Hagl\u00f6f se producen con acero de alta calidad con una capa de PTFE en la broca para proteger contra el \u00f3xido y la resina y para reducir la fricci\u00f3n.<\/p>\n<p>La s\u00f3lida broca Hagl\u00f6f con punta en forma de barril asegura un f\u00e1cil arranque y extracci\u00f3n del \u00e1rbol.\u00a0El extractor est\u00e1 hecho con acero inoxidable y perillas de metal.\u00a0Las numerosas opciones de tama\u00f1os y modelos de nuestras perforadoras incrementales Hagl\u00f6f Sweden garantizan la perforaci\u00f3n exacta exacta para cada aplicaci\u00f3n espec\u00edfica.<\/p>\n<p dir=\"LTR\">Hagl\u00f6f Sweden produce la mayor variedad de marcas, modelos y tama\u00f1os de perforadoras incrementales del mundo.\u00a0Las perforadoras incrementales Hagl\u00f6f Sweden tienen manijas azules en material pl\u00e1stico f\u00e1cil de agarrar y una cerradura met\u00e1lica.\u00a0Las brocas est\u00e1n hechas de acero endurecido con revestimiento de PTFE para protecci\u00f3n y fricci\u00f3n reducida.\u00a0Los extractores se producen en acero inoxidable con cabeza met\u00e1lica y dientes especiales para facilitar la extracci\u00f3n del n\u00facleo de la madera.<\/p>\n","protected":false},"excerpt":{"rendered":"<p>El barrenador incremental es un instrumento cl\u00e1sico para obtener resultados r\u00e1pidos y confiables al evaluar la edad, el incremento y la solidez de los \u00e1rboles.\u00a0Barrenadores de incremento tambi\u00e9n se utilizan para el registro de entrada hasta la descomposici\u00f3n, control de la contaminaci\u00f3n, densidad de la madera, el control qu\u00edmico de penetraci\u00f3n etc.<\/p>\n","protected":false},"featured_media":23382,"template":"","meta":{"_exactmetrics_skip_tracking":false,"_exactmetrics_sitenote_active":false,"_exactmetrics_sitenote_note":"","_exactmetrics_sitenote_category":0,"_monsterinsights_skip_tracking":false,"_monsterinsights_sitenote_active":false,"_monsterinsights_sitenote_note":"","_monsterinsights_sitenote_category":0},"product_brand":[],"product_cat":[283],"product_tag":[],"class_list":{"0":"post-23381","1":"product","2":"type-product","3":"status-publish","4":"has-post-thumbnail","6":"product_cat-haglof","8":"first","9":"instock","10":"shipping-taxable","11":"product-type-simple","12":"col-xxl","13":"col-xl-4","14":"col-lg-6","15":"col-sm-6"},"_links":{"self":[{"href":"https:\/\/kpn.com.uy\/web\/wp-json\/wp\/v2\/product\/23381","targetHints":{"allow":["GET"]}}],"collection":[{"href":"https:\/\/kpn.com.uy\/web\/wp-json\/wp\/v2\/product"}],"about":[{"href":"https:\/\/kpn.com.uy\/web\/wp-json\/wp\/v2\/types\/product"}],"wp:featuredmedia":[{"embeddable":true,"href":"https:\/\/kpn.com.uy\/web\/wp-json\/wp\/v2\/media\/23382"}],"wp:attachment":[{"href":"https:\/\/kpn.com.uy\/web\/wp-json\/wp\/v2\/media?parent=23381"}],"wp:term":[{"taxonomy":"product_brand","embeddable":true,"href":"https:\/\/kpn.com.uy\/web\/wp-json\/wp\/v2\/product_brand?post=23381"},{"taxonomy":"product_cat","embeddable":true,"href":"https:\/\/kpn.com.uy\/web\/wp-json\/wp\/v2\/product_cat?post=23381"},{"taxonomy":"product_tag","embeddable":true,"href":"https:\/\/kpn.com.uy\/web\/wp-json\/wp\/v2\/product_tag?post=23381"}],"curies":[{"name":"wp","href":"https:\/\/api.w.org\/{rel}","templated":true}]}}