{"id":23414,"date":"2020-01-30T11:42:42","date_gmt":"2020-01-30T14:42:42","guid":{"rendered":"https:\/\/kpn.com.uy\/web\/?post_type=product&#038;p=23414"},"modified":"2021-06-15T13:13:48","modified_gmt":"2021-06-15T16:13:48","slug":"pix4dfields","status":"publish","type":"product","link":"https:\/\/kpn.com.uy\/web\/producto\/pix4dfields\/","title":{"rendered":"Pix4D Fields"},"content":{"rendered":"<p style=\"text-align: left;\">Pix4Dfields <span style=\"color: #000000;\">permite a los profesionales de la agricultura efectuar an\u00e1lisis de los cultivos a partir de im\u00e1genes para ser capaz de vigilar la salud de los cultivos, maximizar la eficacia y aumentar el rendimiento.<\/span><\/p>\n<p style=\"text-align: left;\"><span style=\"color: #000000;\">Pix4Dfields<span style=\"text-align: left; text-transform: none; text-indent: 0px; letter-spacing: normal; font-family: 'Karla',Helvetica,Arial,sans-serif; font-size: 15px; font-style: normal; font-variant: normal; font-weight: 300; text-decoration: none; word-spacing: 0px; display: inline !important; white-space: normal; orphans: 2; float: none; -webkit-text-stroke-width: 0px; background-color: #ffffff;\">&nbsp;convierte las im\u00e1genes multiespectrales en mapas de reflectancia y mapas de \u00edndices como NDVI, GNDVI, NDRE, LCI, MCARI entre otros, adem\u00e1s de utilizar im\u00e1genes RGB para generar ortomosaicos en alta definici\u00f3n; Todo esto en escasos minutos y sin necesidad de un equipo de procesamiento realmente potente, siendo posible utilizar una computadora personal para realizar toda la tarea.<\/span><\/span><\/p>\n<p>Pix4Dfields esta dise\u00f1ado para dar soluciones r\u00e1pidas en campo para tomar decisiones en el acto, con una interfaz intuitiva para que sea posible exportar los datos en minutos y tomar las medidas correspondientes.<\/p>\n<p>La licencia incluye un dispositivo, procesamiento en la nube para 2500 im\u00e1genes o 20 proyectos al mes.<\/p>\n<p>&nbsp;<\/p>\n<p><span style=\"display: inline !important; float: none; background-color: #ffffff; color: #333333; cursor: text; font-family: Georgia,'Times New Roman','Bitstream Charter',Times,serif; font-size: 16px; font-style: normal; font-variant: normal; font-weight: 400; letter-spacing: normal; line-height: inherit; orphans: 2; text-align: left; text-decoration: none; text-indent: 0px; text-transform: none; -webkit-text-stroke-width: 0px; white-space: normal; word-spacing: 0px;\"><a class=\"maxbutton-2 maxbutton maxbutton-descargararchivo\" target=\"_blank\" rel=\"noopener\" href=\"https:\/\/www.pix4d.com\/es\/producto\/pix4dfields\"><span class='mb-text'>DESCARGAR<\/span><\/a> <\/span><\/p>\n","protected":false},"excerpt":{"rendered":"<p>Software avanzado de mapeo agr\u00edcola para an\u00e1lisis a\u00e9reo de cultivos y agricultura digital.<\/p>\n","protected":false},"featured_media":24171,"template":"","meta":{"_exactmetrics_skip_tracking":false,"_exactmetrics_sitenote_active":false,"_exactmetrics_sitenote_note":"","_exactmetrics_sitenote_category":0,"_monsterinsights_skip_tracking":false,"_monsterinsights_sitenote_active":false,"_monsterinsights_sitenote_note":"","_monsterinsights_sitenote_category":0},"product_brand":[],"product_cat":[108,66,101,380,69],"product_tag":[],"class_list":{"0":"post-23414","1":"product","2":"type-product","3":"status-publish","4":"has-post-thumbnail","6":"product_cat-agricultura","7":"product_cat-controldesiembra","8":"product_cat-pix4d","9":"product_cat-procesamiento-de-imagenes","10":"product_cat-softwareagricultura","12":"first","13":"instock","14":"shipping-taxable","15":"product-type-simple","16":"col-xxl","17":"col-xl-4","18":"col-lg-6","19":"col-sm-6"},"_links":{"self":[{"href":"https:\/\/kpn.com.uy\/web\/wp-json\/wp\/v2\/product\/23414","targetHints":{"allow":["GET"]}}],"collection":[{"href":"https:\/\/kpn.com.uy\/web\/wp-json\/wp\/v2\/product"}],"about":[{"href":"https:\/\/kpn.com.uy\/web\/wp-json\/wp\/v2\/types\/product"}],"wp:featuredmedia":[{"embeddable":true,"href":"https:\/\/kpn.com.uy\/web\/wp-json\/wp\/v2\/media\/24171"}],"wp:attachment":[{"href":"https:\/\/kpn.com.uy\/web\/wp-json\/wp\/v2\/media?parent=23414"}],"wp:term":[{"taxonomy":"product_brand","embeddable":true,"href":"https:\/\/kpn.com.uy\/web\/wp-json\/wp\/v2\/product_brand?post=23414"},{"taxonomy":"product_cat","embeddable":true,"href":"https:\/\/kpn.com.uy\/web\/wp-json\/wp\/v2\/product_cat?post=23414"},{"taxonomy":"product_tag","embeddable":true,"href":"https:\/\/kpn.com.uy\/web\/wp-json\/wp\/v2\/product_tag?post=23414"}],"curies":[{"name":"wp","href":"https:\/\/api.w.org\/{rel}","templated":true}]}}