{"id":23418,"date":"2020-02-03T15:37:48","date_gmt":"2020-02-03T18:37:48","guid":{"rendered":"https:\/\/kpn.com.uy\/web\/?post_type=product&#038;p=23418"},"modified":"2021-06-15T13:10:25","modified_gmt":"2021-06-15T16:10:25","slug":"pix4dreact","status":"publish","type":"product","link":"https:\/\/kpn.com.uy\/web\/producto\/pix4dreact\/","title":{"rendered":"Pix4D React"},"content":{"rendered":"<p>Pix4Dreact crea en minutos mapas en 2D a partir de im\u00e1genes a\u00e9reas. Porque cuando cada segundo cuenta, la informaci\u00f3n actualizada y confiable es de suma importancia para los equipos sobre el terreno.<\/p>\n<p>De uso f\u00e1cil e intuitivo, incluso en situaciones complejas y estresantes. Pix4Dreact es desarrollado con profesionales de seguridad p\u00fablica y ayuda humanitaria para hacer frente a sus desaf\u00edos \u00fanicos.<\/p>\n<p>Suficientemente ligero para trabajar en el campo en una computadora de rango intermedio. El procesamiento de Pix4Dreact no depende de una conexi\u00f3n a Internet ni de la nube.<\/p>\n<p>&nbsp;<\/p>\n<p><span style=\"display: inline !important; float: none; background-color: #ffffff; color: #333333; cursor: text; font-family: Georgia,'Times New Roman','Bitstream Charter',Times,serif; font-size: 16px; font-style: normal; font-variant: normal; font-weight: 400; letter-spacing: normal; line-height: inherit; orphans: 2; text-align: left; text-decoration: none; text-indent: 0px; text-transform: none; -webkit-text-stroke-width: 0px; white-space: normal; word-spacing: 0px;\"><a class=\"maxbutton-2 maxbutton maxbutton-descargararchivo\" target=\"_blank\" rel=\"noopener\" href=\"https:\/\/www.pix4d.com\/es\/producto\/pix4dreact\"><span class='mb-text'>Pix4Dreact<\/span><\/a> <\/span><\/p>\n","protected":false},"excerpt":{"rendered":"<p>Software r\u00e1pido e intuitivo para usos de seguridad publica y respuesta ante situaciones de emergencia.<\/p>\n","protected":false},"featured_media":24170,"template":"","meta":{"_exactmetrics_skip_tracking":false,"_exactmetrics_sitenote_active":false,"_exactmetrics_sitenote_note":"","_exactmetrics_sitenote_category":0,"_monsterinsights_skip_tracking":false,"_monsterinsights_sitenote_active":false,"_monsterinsights_sitenote_note":"","_monsterinsights_sitenote_category":0},"product_brand":[],"product_cat":[268,73,101,380],"product_tag":[],"class_list":{"0":"post-23418","1":"product","2":"type-product","3":"status-publish","4":"has-post-thumbnail","6":"product_cat-cartografia-aerea","7":"product_cat-multiproposito","8":"product_cat-pix4d","9":"product_cat-procesamiento-de-imagenes","11":"first","12":"instock","13":"shipping-taxable","14":"product-type-simple","15":"col-xxl","16":"col-xl-4","17":"col-lg-6","18":"col-sm-6"},"_links":{"self":[{"href":"https:\/\/kpn.com.uy\/web\/wp-json\/wp\/v2\/product\/23418","targetHints":{"allow":["GET"]}}],"collection":[{"href":"https:\/\/kpn.com.uy\/web\/wp-json\/wp\/v2\/product"}],"about":[{"href":"https:\/\/kpn.com.uy\/web\/wp-json\/wp\/v2\/types\/product"}],"wp:featuredmedia":[{"embeddable":true,"href":"https:\/\/kpn.com.uy\/web\/wp-json\/wp\/v2\/media\/24170"}],"wp:attachment":[{"href":"https:\/\/kpn.com.uy\/web\/wp-json\/wp\/v2\/media?parent=23418"}],"wp:term":[{"taxonomy":"product_brand","embeddable":true,"href":"https:\/\/kpn.com.uy\/web\/wp-json\/wp\/v2\/product_brand?post=23418"},{"taxonomy":"product_cat","embeddable":true,"href":"https:\/\/kpn.com.uy\/web\/wp-json\/wp\/v2\/product_cat?post=23418"},{"taxonomy":"product_tag","embeddable":true,"href":"https:\/\/kpn.com.uy\/web\/wp-json\/wp\/v2\/product_tag?post=23418"}],"curies":[{"name":"wp","href":"https:\/\/api.w.org\/{rel}","templated":true}]}}