{"id":23444,"date":"2020-03-18T13:47:25","date_gmt":"2020-03-18T16:47:25","guid":{"rendered":"https:\/\/kpn.com.uy\/web\/?post_type=product&#038;p=23444"},"modified":"2020-03-18T13:47:25","modified_gmt":"2020-03-18T16:47:25","slug":"hydrolite-mb","status":"publish","type":"product","link":"https:\/\/kpn.com.uy\/web\/producto\/hydrolite-mb\/","title":{"rendered":"HydroLite-MB"},"content":{"rendered":"<p>HydroLite-MB es un sistema multihaz integrado, port\u00e1til y escalable para cumplir con los requisitos individuales de rendimiento y presupuesto. Seafloor Systems puede proporcionar una soluci\u00f3n que va desde baja a ultra alta resoluci\u00f3n manteniendo la productividad y el rendimiento.<\/p>\n<p>La configuraci\u00f3n del HydroLite se ajusta r\u00e1pida y f\u00e1cilmente a pr\u00e1cticamente cualquier embarcaci\u00f3n. Con compensaciones fijas y medidas, las instalaciones son constantes, confiables y repetibles, lo que reduce los riesgos de errores humanos.<\/p>\n<p>Componentes predeterminados de Hydrolite-MB:<br \/>\nSonda multihaz<br \/>\nPoste de montaje con placa de imu de posici\u00f3n fija y fija<br \/>\nM\u00e1stil de antena gps<br \/>\nSonda de velocidad del sonido<br \/>\nPerfilador de velocidad de sonido<br \/>\nSoftware de recopilaci\u00f3n y procesamiento de datos multihaz<\/p>\n<a class=\"maxbutton-1 maxbutton maxbutton-descargarpdf\" target=\"_blank\" rel=\"noopener\" href=\"https:\/\/kpn.com.uy\/web\/wp-content\/uploads\/2020\/03\/HydroLiteMBDataSheet-printed.pdf\"><span class='mb-text'>DESCARGAR PDF<\/span><\/a>\n","protected":false},"excerpt":{"rendered":"<p>HydroLite-MB es un sistema multihaz integrado, port\u00e1til y escalable para cumplir con los requisitos individuales de rendimiento y presupuesto. Seafloor Systems puede proporcionar una soluci\u00f3n que va desde<\/p>\n","protected":false},"featured_media":23445,"template":"","meta":{"_exactmetrics_skip_tracking":false,"_exactmetrics_sitenote_active":false,"_exactmetrics_sitenote_note":"","_exactmetrics_sitenote_category":0,"_monsterinsights_skip_tracking":false,"_monsterinsights_sitenote_active":false,"_monsterinsights_sitenote_note":"","_monsterinsights_sitenote_category":0},"product_brand":[],"product_cat":[72,112,246],"product_tag":[],"class_list":{"0":"post-23444","1":"product","2":"type-product","3":"status-publish","4":"has-post-thumbnail","6":"product_cat-ecosondasypesca","7":"product_cat-hidrografia","8":"product_cat-seafloor","10":"first","11":"instock","12":"shipping-taxable","13":"product-type-simple","14":"col-xxl","15":"col-xl-4","16":"col-lg-6","17":"col-sm-6"},"_links":{"self":[{"href":"https:\/\/kpn.com.uy\/web\/wp-json\/wp\/v2\/product\/23444","targetHints":{"allow":["GET"]}}],"collection":[{"href":"https:\/\/kpn.com.uy\/web\/wp-json\/wp\/v2\/product"}],"about":[{"href":"https:\/\/kpn.com.uy\/web\/wp-json\/wp\/v2\/types\/product"}],"wp:featuredmedia":[{"embeddable":true,"href":"https:\/\/kpn.com.uy\/web\/wp-json\/wp\/v2\/media\/23445"}],"wp:attachment":[{"href":"https:\/\/kpn.com.uy\/web\/wp-json\/wp\/v2\/media?parent=23444"}],"wp:term":[{"taxonomy":"product_brand","embeddable":true,"href":"https:\/\/kpn.com.uy\/web\/wp-json\/wp\/v2\/product_brand?post=23444"},{"taxonomy":"product_cat","embeddable":true,"href":"https:\/\/kpn.com.uy\/web\/wp-json\/wp\/v2\/product_cat?post=23444"},{"taxonomy":"product_tag","embeddable":true,"href":"https:\/\/kpn.com.uy\/web\/wp-json\/wp\/v2\/product_tag?post=23444"}],"curies":[{"name":"wp","href":"https:\/\/api.w.org\/{rel}","templated":true}]}}