{"id":23447,"date":"2020-03-18T13:58:55","date_gmt":"2020-03-18T16:58:55","guid":{"rendered":"https:\/\/kpn.com.uy\/web\/?post_type=product&#038;p=23447"},"modified":"2020-03-18T13:58:55","modified_gmt":"2020-03-18T16:58:55","slug":"hyfi","status":"publish","type":"product","link":"https:\/\/kpn.com.uy\/web\/producto\/hyfi\/","title":{"rendered":"HyFi"},"content":{"rendered":"<p>El sistema de telemetr\u00eda hidrogr\u00e1fica de largo alcance HyFi es un paquete de telemetr\u00eda\u00a0 RF, que utiliza el est\u00e1ndar WiFi 802.11g para telemetr\u00eda de largo alcance de datos de levantamiento hidrogr\u00e1fico desde una embarcaci\u00f3n en movimiento a una computadora en tierra.<br \/>\nLa aplicaci\u00f3n t\u00edpica para el sistema HyFi es transmitir datos en serie desde dispositivos como GPS y sensores de ecosonda desde una embarcaci\u00f3n de superficie no tripulada a una PC en tierra para monitoreo en tiempo real y adquisici\u00f3n de datos.<\/p>\n<a class=\"maxbutton-1 maxbutton maxbutton-descargarpdf\" target=\"_blank\" rel=\"noopener\" href=\"https:\/\/kpn.com.uy\/web\/wp-content\/uploads\/2020\/03\/HyFiDataSheet-printed.pdf\"><span class='mb-text'>DESCARGAR PDF<\/span><\/a>\n","protected":false},"excerpt":{"rendered":"<p>El sistema de telemetr\u00eda hidrogr\u00e1fica de largo alcance HyFi es un paquete de telemetr\u00eda\u00a0 RF, que utiliza el est\u00e1ndar WiFi 802.11g para telemetr\u00eda de largo alcance de datos<\/p>\n","protected":false},"featured_media":23449,"template":"","meta":{"_exactmetrics_skip_tracking":false,"_exactmetrics_sitenote_active":false,"_exactmetrics_sitenote_note":"","_exactmetrics_sitenote_category":0,"_monsterinsights_skip_tracking":false,"_monsterinsights_sitenote_active":false,"_monsterinsights_sitenote_note":"","_monsterinsights_sitenote_category":0},"product_brand":[],"product_cat":[72,112,246],"product_tag":[],"class_list":{"0":"post-23447","1":"product","2":"type-product","3":"status-publish","4":"has-post-thumbnail","6":"product_cat-ecosondasypesca","7":"product_cat-hidrografia","8":"product_cat-seafloor","10":"first","11":"instock","12":"shipping-taxable","13":"product-type-simple","14":"col-xxl","15":"col-xl-4","16":"col-lg-6","17":"col-sm-6"},"_links":{"self":[{"href":"https:\/\/kpn.com.uy\/web\/wp-json\/wp\/v2\/product\/23447","targetHints":{"allow":["GET"]}}],"collection":[{"href":"https:\/\/kpn.com.uy\/web\/wp-json\/wp\/v2\/product"}],"about":[{"href":"https:\/\/kpn.com.uy\/web\/wp-json\/wp\/v2\/types\/product"}],"wp:featuredmedia":[{"embeddable":true,"href":"https:\/\/kpn.com.uy\/web\/wp-json\/wp\/v2\/media\/23449"}],"wp:attachment":[{"href":"https:\/\/kpn.com.uy\/web\/wp-json\/wp\/v2\/media?parent=23447"}],"wp:term":[{"taxonomy":"product_brand","embeddable":true,"href":"https:\/\/kpn.com.uy\/web\/wp-json\/wp\/v2\/product_brand?post=23447"},{"taxonomy":"product_cat","embeddable":true,"href":"https:\/\/kpn.com.uy\/web\/wp-json\/wp\/v2\/product_cat?post=23447"},{"taxonomy":"product_tag","embeddable":true,"href":"https:\/\/kpn.com.uy\/web\/wp-json\/wp\/v2\/product_tag?post=23447"}],"curies":[{"name":"wp","href":"https:\/\/api.w.org\/{rel}","templated":true}]}}