{"id":23453,"date":"2020-03-18T15:18:56","date_gmt":"2020-03-18T18:18:56","guid":{"rendered":"https:\/\/kpn.com.uy\/web\/?post_type=product&#038;p=23453"},"modified":"2020-03-18T15:18:56","modified_gmt":"2020-03-18T18:18:56","slug":"picombes","status":"publish","type":"product","link":"https:\/\/kpn.com.uy\/web\/producto\/picombes\/","title":{"rendered":"PicoMBES"},"content":{"rendered":"<p>PicoMBES-120SF es un ecosonda multihaz en miniatura CHIRP FM de bajo costo (MBES) personalizado para caber dentro del pozo del transductor del EchoBoat. El EchoBoat es un veh\u00edculo de superficie aut\u00f3nomo controlado a distancia de 1,68 m que se puede utilizar para realizar levantamientos multihaz en aguas muy poco profundas o en \u00e1reas remotas donde es dif\u00edcil lanzar botes de levantamiento convencionales.<\/p>\n<p>PicoMBES-120SF presenta tranducers robustos, totalmente encapsulados y una parte superior de aluminio con Applanix INS integrado opcional. Todas las formas de haz y el procesamiento de la se\u00f1al digital se realizan dentro de la sonda, lo que permite una conexi\u00f3n directa desde la sonda a una computadora a trav\u00e9s de Ethernet, o un tel\u00e9fono inteligente \/ tableta Android a trav\u00e9s de WiFi. GNSS e IMU se conectan a la sonda: no se requiere hardware montado en bastidor. Las interfaces gr\u00e1ficas de usuario de Android y Windows se proporcionan para la visualizaci\u00f3n y grabaci\u00f3n en tiempo real. La aplicaci\u00f3n de Android presenta una nube de puntos 3D en tiempo real que permite obtener datos batim\u00e9tricos utilizando una tableta o tel\u00e9fono inteligente en un Aquapac.<\/p>\n<p>El PicoMBES-120SF interact\u00faa directamente con la PC industrial a bordo EchoBoats. Desde una computadora port\u00e1til en tierra que utiliza una conexi\u00f3n de escritorio remota, el usuario accede a la PC a bordo a trav\u00e9s de un puente WiFi para controlar la configuraci\u00f3n de la sonda, el registro de datos, as\u00ed como la herramienta de misi\u00f3n aut\u00f3noma EchoBoat-ASVs AutoNav.<\/p>\n<a class=\"maxbutton-1 maxbutton maxbutton-descargarpdf\" target=\"_blank\" rel=\"noopener\" href=\"https:\/\/kpn.com.uy\/web\/wp-content\/uploads\/2020\/03\/PicoMBESDataSheet3-printed.pdf\"><span class='mb-text'>DESCARGAR PDF<\/span><\/a>\n","protected":false},"excerpt":{"rendered":"<p>PicoMBES-120SF es un ecosonda multihaz en miniatura CHIRP FM de bajo costo (MBES) personalizado para caber dentro del pozo del transductor del EchoBoat. El EchoBoat es un veh\u00edculo<\/p>\n","protected":false},"featured_media":23454,"template":"","meta":{"_exactmetrics_skip_tracking":false,"_exactmetrics_sitenote_active":false,"_exactmetrics_sitenote_note":"","_exactmetrics_sitenote_category":0,"_monsterinsights_skip_tracking":false,"_monsterinsights_sitenote_active":false,"_monsterinsights_sitenote_note":"","_monsterinsights_sitenote_category":0},"product_brand":[],"product_cat":[72,112,246],"product_tag":[],"class_list":{"0":"post-23453","1":"product","2":"type-product","3":"status-publish","4":"has-post-thumbnail","6":"product_cat-ecosondasypesca","7":"product_cat-hidrografia","8":"product_cat-seafloor","10":"first","11":"instock","12":"shipping-taxable","13":"product-type-simple","14":"col-xxl","15":"col-xl-4","16":"col-lg-6","17":"col-sm-6"},"_links":{"self":[{"href":"https:\/\/kpn.com.uy\/web\/wp-json\/wp\/v2\/product\/23453","targetHints":{"allow":["GET"]}}],"collection":[{"href":"https:\/\/kpn.com.uy\/web\/wp-json\/wp\/v2\/product"}],"about":[{"href":"https:\/\/kpn.com.uy\/web\/wp-json\/wp\/v2\/types\/product"}],"wp:featuredmedia":[{"embeddable":true,"href":"https:\/\/kpn.com.uy\/web\/wp-json\/wp\/v2\/media\/23454"}],"wp:attachment":[{"href":"https:\/\/kpn.com.uy\/web\/wp-json\/wp\/v2\/media?parent=23453"}],"wp:term":[{"taxonomy":"product_brand","embeddable":true,"href":"https:\/\/kpn.com.uy\/web\/wp-json\/wp\/v2\/product_brand?post=23453"},{"taxonomy":"product_cat","embeddable":true,"href":"https:\/\/kpn.com.uy\/web\/wp-json\/wp\/v2\/product_cat?post=23453"},{"taxonomy":"product_tag","embeddable":true,"href":"https:\/\/kpn.com.uy\/web\/wp-json\/wp\/v2\/product_tag?post=23453"}],"curies":[{"name":"wp","href":"https:\/\/api.w.org\/{rel}","templated":true}]}}