{"id":23493,"date":"2020-07-20T14:49:39","date_gmt":"2020-07-20T17:49:39","guid":{"rendered":"https:\/\/kpn.com.uy\/web\/?post_type=product&#038;p=23493"},"modified":"2021-06-15T13:04:26","modified_gmt":"2021-06-15T16:04:26","slug":"pix4dinspect","status":"publish","type":"product","link":"https:\/\/kpn.com.uy\/web\/producto\/pix4dinspect\/","title":{"rendered":"Pix4D Inspect"},"content":{"rendered":"<h1>Flujo de trabajo<\/h1>\n<p><img decoding=\"async\" class=\"wp-image-23494 alignleft\" src=\"https:\/\/kpn.com.uy\/web\/wp-content\/uploads\/2020\/07\/ILL_INS_Capture.png\" alt=\"\" width=\"220\" height=\"220\" srcset=\"https:\/\/kpn.com.uy\/web\/wp-content\/uploads\/2020\/07\/ILL_INS_Capture.png 600w, https:\/\/kpn.com.uy\/web\/wp-content\/uploads\/2020\/07\/ILL_INS_Capture-100x100.png 100w, https:\/\/kpn.com.uy\/web\/wp-content\/uploads\/2020\/07\/ILL_INS_Capture-500x500.png 500w, https:\/\/kpn.com.uy\/web\/wp-content\/uploads\/2020\/07\/ILL_INS_Capture-401x401.png 401w, https:\/\/kpn.com.uy\/web\/wp-content\/uploads\/2020\/07\/ILL_INS_Capture-480x480.png 480w, https:\/\/kpn.com.uy\/web\/wp-content\/uploads\/2020\/07\/ILL_INS_Capture-92x92.png 92w, https:\/\/kpn.com.uy\/web\/wp-content\/uploads\/2020\/07\/ILL_INS_Capture-200x200.png 200w, https:\/\/kpn.com.uy\/web\/wp-content\/uploads\/2020\/07\/ILL_INS_Capture-300x300.png 300w\" sizes=\"(max-width: 220px) 100vw, 220px\" \/><\/p>\n<p>&nbsp;<\/p>\n<h2>Capture<\/h2>\n<p>Capture im\u00e1genes de sus activos.<br \/>\nSi utiliza un dron, automatice los vuelos y mejore los resultados con la aplicaci\u00f3n <a href=\"https:\/\/www.pix4d.com\/es\/producto\/pix4dscan\">Pix4Dscan<\/a>.<\/p>\n<p>&nbsp;<\/p>\n<p>&nbsp;<\/p>\n<p><img decoding=\"async\" class=\" wp-image-23495 alignleft\" src=\"https:\/\/kpn.com.uy\/web\/wp-content\/uploads\/2020\/07\/ILL_INS_Process.png\" alt=\"\" width=\"219\" height=\"219\" srcset=\"https:\/\/kpn.com.uy\/web\/wp-content\/uploads\/2020\/07\/ILL_INS_Process.png 600w, https:\/\/kpn.com.uy\/web\/wp-content\/uploads\/2020\/07\/ILL_INS_Process-100x100.png 100w, https:\/\/kpn.com.uy\/web\/wp-content\/uploads\/2020\/07\/ILL_INS_Process-500x500.png 500w, https:\/\/kpn.com.uy\/web\/wp-content\/uploads\/2020\/07\/ILL_INS_Process-401x401.png 401w, https:\/\/kpn.com.uy\/web\/wp-content\/uploads\/2020\/07\/ILL_INS_Process-480x480.png 480w, https:\/\/kpn.com.uy\/web\/wp-content\/uploads\/2020\/07\/ILL_INS_Process-92x92.png 92w, https:\/\/kpn.com.uy\/web\/wp-content\/uploads\/2020\/07\/ILL_INS_Process-200x200.png 200w, https:\/\/kpn.com.uy\/web\/wp-content\/uploads\/2020\/07\/ILL_INS_Process-300x300.png 300w\" sizes=\"(max-width: 219px) 100vw, 219px\" \/><\/p>\n<h2>Procese<\/h2>\n<p>Suba sus im\u00e1genes a Pix4Dinspect y transf\u00f3rmelas autom\u00e1ticamente en modelos 3D precisos y listos para la inspecci\u00f3n.<\/p>\n<p>&nbsp;<\/p>\n<p>&nbsp;<\/p>\n<h2><img decoding=\"async\" class=\" wp-image-23496 alignleft\" src=\"https:\/\/kpn.com.uy\/web\/wp-content\/uploads\/2020\/07\/ILL_INS_Inspect.png\" alt=\"\" width=\"204\" height=\"204\" srcset=\"https:\/\/kpn.com.uy\/web\/wp-content\/uploads\/2020\/07\/ILL_INS_Inspect.png 600w, https:\/\/kpn.com.uy\/web\/wp-content\/uploads\/2020\/07\/ILL_INS_Inspect-100x100.png 100w, https:\/\/kpn.com.uy\/web\/wp-content\/uploads\/2020\/07\/ILL_INS_Inspect-500x500.png 500w, https:\/\/kpn.com.uy\/web\/wp-content\/uploads\/2020\/07\/ILL_INS_Inspect-401x401.png 401w, https:\/\/kpn.com.uy\/web\/wp-content\/uploads\/2020\/07\/ILL_INS_Inspect-480x480.png 480w, https:\/\/kpn.com.uy\/web\/wp-content\/uploads\/2020\/07\/ILL_INS_Inspect-92x92.png 92w, https:\/\/kpn.com.uy\/web\/wp-content\/uploads\/2020\/07\/ILL_INS_Inspect-200x200.png 200w, https:\/\/kpn.com.uy\/web\/wp-content\/uploads\/2020\/07\/ILL_INS_Inspect-300x300.png 300w\" sizes=\"(max-width: 204px) 100vw, 204px\" \/><\/h2>\n<h2>Inspeccione<\/h2>\n<p>Inspeccione su activo en contexto y en 3D gracias a las im\u00e1genes originales y a un modelo detallado.<br \/>\nAnote y clasifique, tome medidas precisas, y deje que nuestros algoritmos avanzados de inteligencia artificial le ayude en el proceso.<\/p>\n<p>&nbsp;<\/p>\n<p><img loading=\"lazy\" decoding=\"async\" class=\" wp-image-23497 alignleft\" src=\"https:\/\/kpn.com.uy\/web\/wp-content\/uploads\/2020\/07\/ILL_INS_Report.png\" alt=\"\" width=\"229\" height=\"229\" srcset=\"https:\/\/kpn.com.uy\/web\/wp-content\/uploads\/2020\/07\/ILL_INS_Report.png 600w, https:\/\/kpn.com.uy\/web\/wp-content\/uploads\/2020\/07\/ILL_INS_Report-100x100.png 100w, https:\/\/kpn.com.uy\/web\/wp-content\/uploads\/2020\/07\/ILL_INS_Report-500x500.png 500w, https:\/\/kpn.com.uy\/web\/wp-content\/uploads\/2020\/07\/ILL_INS_Report-401x401.png 401w, https:\/\/kpn.com.uy\/web\/wp-content\/uploads\/2020\/07\/ILL_INS_Report-480x480.png 480w, https:\/\/kpn.com.uy\/web\/wp-content\/uploads\/2020\/07\/ILL_INS_Report-92x92.png 92w, https:\/\/kpn.com.uy\/web\/wp-content\/uploads\/2020\/07\/ILL_INS_Report-200x200.png 200w, https:\/\/kpn.com.uy\/web\/wp-content\/uploads\/2020\/07\/ILL_INS_Report-300x300.png 300w\" sizes=\"(max-width: 229px) 100vw, 229px\" \/><\/p>\n<h2>Informe<\/h2>\n<p>Ahorre tiempo gracias a nuestra herramienta de generaci\u00f3n autom\u00e1tica de informes.<br \/>\nMientras trabaja en el proyecto, Pix4Dinspect registra, compila y formatea sus anotaciones con informaci\u00f3n posicional. Exporte su informe con tan solo un clic.<\/p>\n<p>&nbsp;<\/p>\n<p><img loading=\"lazy\" decoding=\"async\" class=\" wp-image-23498 alignleft\" src=\"https:\/\/kpn.com.uy\/web\/wp-content\/uploads\/2020\/07\/ILL_INS_Store_and_Share.png\" alt=\"\" width=\"212\" height=\"212\" srcset=\"https:\/\/kpn.com.uy\/web\/wp-content\/uploads\/2020\/07\/ILL_INS_Store_and_Share.png 600w, https:\/\/kpn.com.uy\/web\/wp-content\/uploads\/2020\/07\/ILL_INS_Store_and_Share-100x100.png 100w, https:\/\/kpn.com.uy\/web\/wp-content\/uploads\/2020\/07\/ILL_INS_Store_and_Share-500x500.png 500w, https:\/\/kpn.com.uy\/web\/wp-content\/uploads\/2020\/07\/ILL_INS_Store_and_Share-401x401.png 401w, https:\/\/kpn.com.uy\/web\/wp-content\/uploads\/2020\/07\/ILL_INS_Store_and_Share-480x480.png 480w, https:\/\/kpn.com.uy\/web\/wp-content\/uploads\/2020\/07\/ILL_INS_Store_and_Share-92x92.png 92w, https:\/\/kpn.com.uy\/web\/wp-content\/uploads\/2020\/07\/ILL_INS_Store_and_Share-200x200.png 200w, https:\/\/kpn.com.uy\/web\/wp-content\/uploads\/2020\/07\/ILL_INS_Store_and_Share-300x300.png 300w\" sizes=\"(max-width: 212px) 100vw, 212px\" \/><\/p>\n<p>&nbsp;<\/p>\n<h2>Guarde y comparta<\/h2>\n<p>Trabaje con varias partes interesadas y gestione f\u00e1cilmente vol\u00famenes importantes de datos. Pix4Dinspect es una soluci\u00f3n basada en la nube y es siempre escalable.<\/p>\n<p>&nbsp;<\/p>\n<p>&nbsp;<\/p>\n<p><img loading=\"lazy\" decoding=\"async\" class=\" wp-image-23499 alignleft\" src=\"https:\/\/kpn.com.uy\/web\/wp-content\/uploads\/2020\/07\/ILL_INS_Manage.png\" alt=\"\" width=\"219\" height=\"219\" srcset=\"https:\/\/kpn.com.uy\/web\/wp-content\/uploads\/2020\/07\/ILL_INS_Manage.png 600w, https:\/\/kpn.com.uy\/web\/wp-content\/uploads\/2020\/07\/ILL_INS_Manage-100x100.png 100w, https:\/\/kpn.com.uy\/web\/wp-content\/uploads\/2020\/07\/ILL_INS_Manage-500x500.png 500w, https:\/\/kpn.com.uy\/web\/wp-content\/uploads\/2020\/07\/ILL_INS_Manage-401x401.png 401w, https:\/\/kpn.com.uy\/web\/wp-content\/uploads\/2020\/07\/ILL_INS_Manage-480x480.png 480w, https:\/\/kpn.com.uy\/web\/wp-content\/uploads\/2020\/07\/ILL_INS_Manage-92x92.png 92w, https:\/\/kpn.com.uy\/web\/wp-content\/uploads\/2020\/07\/ILL_INS_Manage-200x200.png 200w, https:\/\/kpn.com.uy\/web\/wp-content\/uploads\/2020\/07\/ILL_INS_Manage-300x300.png 300w\" sizes=\"(max-width: 219px) 100vw, 219px\" \/><\/p>\n<p>&nbsp;<\/p>\n<h2>Administre<\/h2>\n<p>Utilice la plataforma de gesti\u00f3n de activos basada en mapas para encontrar f\u00e1cilmente sus activos y los registros de inspecci\u00f3n asociados.<br \/>\nTome el control de toda su cartera y tome mejores decisiones con registros hist\u00f3ricos muy detallados.<\/p>\n<p>&nbsp;<\/p>\n<p style=\"text-align: center;\"><a href=\"https:\/\/www.youtube.com\/watch?v=dFKOC4gO50U\">Demostraci\u00f3n Pix4Dinspect<\/a><\/p>\n","protected":false},"excerpt":{"rendered":"<h6>Software de automatizaci\u00f3n de inspecci\u00f3n industrial<\/h6>\n<h6>Consulte, gestione y comparta los datos de su inspecci\u00f3n mediante una plataforma sencilla<\/h6>\n<h6>Automatice la inspecci\u00f3n industrial y la gesti\u00f3n de activos con im\u00e1genes capturadas desde drones con una plataforma profesional para inspecciones visuales con la que obtiene datos, precisos y f\u00e1ciles de compartir.<\/h6>\n[playlist type=\"video\" ids=\"24166\"]\n","protected":false},"featured_media":24168,"template":"","meta":{"_exactmetrics_skip_tracking":false,"_exactmetrics_sitenote_active":false,"_exactmetrics_sitenote_note":"","_exactmetrics_sitenote_category":0,"_monsterinsights_skip_tracking":false,"_monsterinsights_sitenote_active":false,"_monsterinsights_sitenote_note":"","_monsterinsights_sitenote_category":0},"product_brand":[],"product_cat":[101,380,272],"product_tag":[],"class_list":{"0":"post-23493","1":"product","2":"type-product","3":"status-publish","4":"has-post-thumbnail","6":"product_cat-pix4d","7":"product_cat-procesamiento-de-imagenes","8":"product_cat-software-fotogrametria","10":"first","11":"instock","12":"shipping-taxable","13":"product-type-simple","14":"col-xxl","15":"col-xl-4","16":"col-lg-6","17":"col-sm-6"},"_links":{"self":[{"href":"https:\/\/kpn.com.uy\/web\/wp-json\/wp\/v2\/product\/23493","targetHints":{"allow":["GET"]}}],"collection":[{"href":"https:\/\/kpn.com.uy\/web\/wp-json\/wp\/v2\/product"}],"about":[{"href":"https:\/\/kpn.com.uy\/web\/wp-json\/wp\/v2\/types\/product"}],"wp:featuredmedia":[{"embeddable":true,"href":"https:\/\/kpn.com.uy\/web\/wp-json\/wp\/v2\/media\/24168"}],"wp:attachment":[{"href":"https:\/\/kpn.com.uy\/web\/wp-json\/wp\/v2\/media?parent=23493"}],"wp:term":[{"taxonomy":"product_brand","embeddable":true,"href":"https:\/\/kpn.com.uy\/web\/wp-json\/wp\/v2\/product_brand?post=23493"},{"taxonomy":"product_cat","embeddable":true,"href":"https:\/\/kpn.com.uy\/web\/wp-json\/wp\/v2\/product_cat?post=23493"},{"taxonomy":"product_tag","embeddable":true,"href":"https:\/\/kpn.com.uy\/web\/wp-json\/wp\/v2\/product_tag?post=23493"}],"curies":[{"name":"wp","href":"https:\/\/api.w.org\/{rel}","templated":true}]}}