{"id":23501,"date":"2020-07-20T17:18:44","date_gmt":"2020-07-20T20:18:44","guid":{"rendered":"https:\/\/kpn.com.uy\/web\/?post_type=product&#038;p=23501"},"modified":"2021-06-15T12:57:16","modified_gmt":"2021-06-15T15:57:16","slug":"pix4dsurvey","status":"publish","type":"product","link":"https:\/\/kpn.com.uy\/web\/producto\/pix4dsurvey\/","title":{"rendered":"Pix4D Survey"},"content":{"rendered":"<h2 class=\"feature-title\">Compatible con CAD<\/h2>\n<h2 class=\"feature-text\">Genere archivos de vectores con capas y propiedades que faciliten la transici\u00f3n a programas de CAD o SIG sin ocupar mucho espacio.<\/h2>\n<h1>Flujo de trabajo:<\/h1>\n<p>&nbsp;<\/p>\n<p><img fetchpriority=\"high\" decoding=\"async\" class=\" wp-image-23502 alignleft\" src=\"https:\/\/kpn.com.uy\/web\/wp-content\/uploads\/2020\/07\/ILL_GEO_Survey_Capture_building___powerlines.png\" alt=\"\" width=\"231\" height=\"231\" srcset=\"https:\/\/kpn.com.uy\/web\/wp-content\/uploads\/2020\/07\/ILL_GEO_Survey_Capture_building___powerlines.png 600w, https:\/\/kpn.com.uy\/web\/wp-content\/uploads\/2020\/07\/ILL_GEO_Survey_Capture_building___powerlines-100x100.png 100w, https:\/\/kpn.com.uy\/web\/wp-content\/uploads\/2020\/07\/ILL_GEO_Survey_Capture_building___powerlines-500x500.png 500w, https:\/\/kpn.com.uy\/web\/wp-content\/uploads\/2020\/07\/ILL_GEO_Survey_Capture_building___powerlines-401x401.png 401w, https:\/\/kpn.com.uy\/web\/wp-content\/uploads\/2020\/07\/ILL_GEO_Survey_Capture_building___powerlines-480x480.png 480w, https:\/\/kpn.com.uy\/web\/wp-content\/uploads\/2020\/07\/ILL_GEO_Survey_Capture_building___powerlines-92x92.png 92w, https:\/\/kpn.com.uy\/web\/wp-content\/uploads\/2020\/07\/ILL_GEO_Survey_Capture_building___powerlines-200x200.png 200w, https:\/\/kpn.com.uy\/web\/wp-content\/uploads\/2020\/07\/ILL_GEO_Survey_Capture_building___powerlines-300x300.png 300w\" sizes=\"(max-width: 231px) 100vw, 231px\" \/><\/p>\n<h2><\/h2>\n<h2>Capture<\/h2>\n<p>Capture im\u00e1genes o nubes de puntos con un dron o con cualquier esc\u00e1ner l\u00e1ser. Automatice y optimice los vuelos de su dron gracias a la aplicaci\u00f3n m\u00f3vil gratuita Pix4Dcapture.<\/p>\n<p>&nbsp;<\/p>\n<p>&nbsp;<\/p>\n<p><img decoding=\"async\" class=\" wp-image-23503 alignleft\" src=\"https:\/\/kpn.com.uy\/web\/wp-content\/uploads\/2020\/07\/ILL_GEO_Survey_Model_inside_Pix4Dsurvey.png\" alt=\"\" width=\"232\" height=\"232\" srcset=\"https:\/\/kpn.com.uy\/web\/wp-content\/uploads\/2020\/07\/ILL_GEO_Survey_Model_inside_Pix4Dsurvey.png 600w, https:\/\/kpn.com.uy\/web\/wp-content\/uploads\/2020\/07\/ILL_GEO_Survey_Model_inside_Pix4Dsurvey-100x100.png 100w, https:\/\/kpn.com.uy\/web\/wp-content\/uploads\/2020\/07\/ILL_GEO_Survey_Model_inside_Pix4Dsurvey-500x500.png 500w, https:\/\/kpn.com.uy\/web\/wp-content\/uploads\/2020\/07\/ILL_GEO_Survey_Model_inside_Pix4Dsurvey-401x401.png 401w, https:\/\/kpn.com.uy\/web\/wp-content\/uploads\/2020\/07\/ILL_GEO_Survey_Model_inside_Pix4Dsurvey-480x480.png 480w, https:\/\/kpn.com.uy\/web\/wp-content\/uploads\/2020\/07\/ILL_GEO_Survey_Model_inside_Pix4Dsurvey-92x92.png 92w, https:\/\/kpn.com.uy\/web\/wp-content\/uploads\/2020\/07\/ILL_GEO_Survey_Model_inside_Pix4Dsurvey-200x200.png 200w, https:\/\/kpn.com.uy\/web\/wp-content\/uploads\/2020\/07\/ILL_GEO_Survey_Model_inside_Pix4Dsurvey-300x300.png 300w\" sizes=\"(max-width: 232px) 100vw, 232px\" \/><\/p>\n<p>&nbsp;<\/p>\n<h2>Modele<\/h2>\n<p>Transforme sus im\u00e1genes en nubes de puntos digitales e imp\u00f3rtelas a Pix4Dsurvey. Trabaje directamente con archivos Pix4Dmapper o con cualquier archivo .las o .laz.<\/p>\n<p>&nbsp;<\/p>\n<p>&nbsp;<\/p>\n<p><img decoding=\"async\" class=\" wp-image-23504 alignleft\" src=\"https:\/\/kpn.com.uy\/web\/wp-content\/uploads\/2020\/07\/ILL_GEO_Survey_Vectorize.png\" alt=\"\" width=\"239\" height=\"239\" srcset=\"https:\/\/kpn.com.uy\/web\/wp-content\/uploads\/2020\/07\/ILL_GEO_Survey_Vectorize.png 600w, https:\/\/kpn.com.uy\/web\/wp-content\/uploads\/2020\/07\/ILL_GEO_Survey_Vectorize-100x100.png 100w, https:\/\/kpn.com.uy\/web\/wp-content\/uploads\/2020\/07\/ILL_GEO_Survey_Vectorize-500x500.png 500w, https:\/\/kpn.com.uy\/web\/wp-content\/uploads\/2020\/07\/ILL_GEO_Survey_Vectorize-401x401.png 401w, https:\/\/kpn.com.uy\/web\/wp-content\/uploads\/2020\/07\/ILL_GEO_Survey_Vectorize-480x480.png 480w, https:\/\/kpn.com.uy\/web\/wp-content\/uploads\/2020\/07\/ILL_GEO_Survey_Vectorize-92x92.png 92w, https:\/\/kpn.com.uy\/web\/wp-content\/uploads\/2020\/07\/ILL_GEO_Survey_Vectorize-200x200.png 200w, https:\/\/kpn.com.uy\/web\/wp-content\/uploads\/2020\/07\/ILL_GEO_Survey_Vectorize-300x300.png 300w\" sizes=\"(max-width: 239px) 100vw, 239px\" \/><\/p>\n<p>&nbsp;<\/p>\n<h2>Vectorice<\/h2>\n<p>Cree archivos CAD listos para la ingenier\u00eda a partir de datos de nubes de puntos extrayendo los elementos clave de tu proyecto.<\/p>\n<p>&nbsp;<\/p>\n<p>&nbsp;<\/p>\n<p>&nbsp;<\/p>\n<p><img loading=\"lazy\" decoding=\"async\" class=\" wp-image-23505 alignleft\" src=\"https:\/\/kpn.com.uy\/web\/wp-content\/uploads\/2020\/07\/ILL_Integrate_from_Pix4Dsurvey.png\" alt=\"\" width=\"241\" height=\"241\" srcset=\"https:\/\/kpn.com.uy\/web\/wp-content\/uploads\/2020\/07\/ILL_Integrate_from_Pix4Dsurvey.png 600w, https:\/\/kpn.com.uy\/web\/wp-content\/uploads\/2020\/07\/ILL_Integrate_from_Pix4Dsurvey-100x100.png 100w, https:\/\/kpn.com.uy\/web\/wp-content\/uploads\/2020\/07\/ILL_Integrate_from_Pix4Dsurvey-500x500.png 500w, https:\/\/kpn.com.uy\/web\/wp-content\/uploads\/2020\/07\/ILL_Integrate_from_Pix4Dsurvey-401x401.png 401w, https:\/\/kpn.com.uy\/web\/wp-content\/uploads\/2020\/07\/ILL_Integrate_from_Pix4Dsurvey-480x480.png 480w, https:\/\/kpn.com.uy\/web\/wp-content\/uploads\/2020\/07\/ILL_Integrate_from_Pix4Dsurvey-92x92.png 92w, https:\/\/kpn.com.uy\/web\/wp-content\/uploads\/2020\/07\/ILL_Integrate_from_Pix4Dsurvey-200x200.png 200w, https:\/\/kpn.com.uy\/web\/wp-content\/uploads\/2020\/07\/ILL_Integrate_from_Pix4Dsurvey-300x300.png 300w\" sizes=\"(max-width: 241px) 100vw, 241px\" \/><\/p>\n<p>&nbsp;<\/p>\n<h2>Integre<\/h2>\n<p>Consulte los datos en cualquier programa de CAD o SIG. Disfrute de su simplicidad y precisi\u00f3n y agregue capas y propiedades personalizadas para que se adec\u00faen a su flujo de trabajo existente.<\/p>\n<p>&nbsp;<\/p>\n<p>&nbsp;<\/p>\n<p>&nbsp;<\/p>\n<p>&nbsp;<\/p>\n","protected":false},"excerpt":{"rendered":"<h1>Pix4Dsurvey<\/h1>\n<h4>Aproveche el potencial combinado de las im\u00e1genes y las nubes de puntos para extraer los elementos m\u00e1s importantes de datos obtenidos por fotogrametr\u00eda, escaneado l\u00e1ser o LiDAR. Analice sardineles, planos de edificios, muros y catenarias, entre otros.<\/h4>\n","protected":false},"featured_media":24161,"template":"","meta":{"_exactmetrics_skip_tracking":false,"_exactmetrics_sitenote_active":false,"_exactmetrics_sitenote_note":"","_exactmetrics_sitenote_category":0,"_monsterinsights_skip_tracking":false,"_monsterinsights_sitenote_active":false,"_monsterinsights_sitenote_note":"","_monsterinsights_sitenote_category":0},"product_brand":[],"product_cat":[101,380],"product_tag":[],"class_list":{"0":"post-23501","1":"product","2":"type-product","3":"status-publish","4":"has-post-thumbnail","6":"product_cat-pix4d","7":"product_cat-procesamiento-de-imagenes","9":"first","10":"instock","11":"shipping-taxable","12":"product-type-simple","13":"col-xxl","14":"col-xl-4","15":"col-lg-6","16":"col-sm-6"},"_links":{"self":[{"href":"https:\/\/kpn.com.uy\/web\/wp-json\/wp\/v2\/product\/23501","targetHints":{"allow":["GET"]}}],"collection":[{"href":"https:\/\/kpn.com.uy\/web\/wp-json\/wp\/v2\/product"}],"about":[{"href":"https:\/\/kpn.com.uy\/web\/wp-json\/wp\/v2\/types\/product"}],"wp:featuredmedia":[{"embeddable":true,"href":"https:\/\/kpn.com.uy\/web\/wp-json\/wp\/v2\/media\/24161"}],"wp:attachment":[{"href":"https:\/\/kpn.com.uy\/web\/wp-json\/wp\/v2\/media?parent=23501"}],"wp:term":[{"taxonomy":"product_brand","embeddable":true,"href":"https:\/\/kpn.com.uy\/web\/wp-json\/wp\/v2\/product_brand?post=23501"},{"taxonomy":"product_cat","embeddable":true,"href":"https:\/\/kpn.com.uy\/web\/wp-json\/wp\/v2\/product_cat?post=23501"},{"taxonomy":"product_tag","embeddable":true,"href":"https:\/\/kpn.com.uy\/web\/wp-json\/wp\/v2\/product_tag?post=23501"}],"curies":[{"name":"wp","href":"https:\/\/api.w.org\/{rel}","templated":true}]}}