{"id":23513,"date":"2020-07-31T17:04:41","date_gmt":"2020-07-31T20:04:41","guid":{"rendered":"https:\/\/kpn.com.uy\/web\/?post_type=product&#038;p=23513"},"modified":"2020-08-04T11:37:05","modified_gmt":"2020-08-04T14:37:05","slug":"nivel-laser-gll-2-10-professional","status":"publish","type":"product","link":"https:\/\/kpn.com.uy\/web\/producto\/nivel-laser-gll-2-10-professional\/","title":{"rendered":"Nivel Laser GLL 2-10 Professional"},"content":{"rendered":"<table class=\"table\">\n<tbody>\n<tr>\n<td><b>Alcance*<\/b><\/td>\n<td><b>10<\/b>\u00a0<b>m<\/b><\/td>\n<\/tr>\n<tr>\n<td><b>Precisi\u00f3n*<\/b><\/td>\n<td><b>\u00b1 0,3 mm\/m<\/b><\/td>\n<\/tr>\n<tr>\n<td>Diodo l\u00e1ser<\/td>\n<td>630 \u2013 650 nm, &lt; 1mW<\/td>\n<\/tr>\n<tr>\n<td>Temperatura de servicio<\/td>\n<td>-10 \u2013 50\u00a0\u00b0C<\/td>\n<\/tr>\n<tr>\n<td>Temperatura de almacenamiento<\/td>\n<td>-20 \u2013 70\u00a0\u00b0C<\/td>\n<\/tr>\n<tr>\n<td>Clase de l\u00e1ser<\/td>\n<td>2<\/td>\n<\/tr>\n<tr>\n<td>\u00c1rea de trabajo proyecciones en cruz<\/td>\n<td>10 m<\/td>\n<\/tr>\n<tr>\n<td><b>Intervalo de autonivelaci\u00f3n*<\/b><\/td>\n<td><b>\u00b1 4\u00b0<\/b><\/td>\n<\/tr>\n<tr>\n<td>Tiempo de nivelaci\u00f3n<\/td>\n<td>4\u00a0s<\/td>\n<\/tr>\n<tr>\n<td>Protecci\u00f3n contra polvo y salpicaduras de agua<\/td>\n<td>IP 54<\/td>\n<\/tr>\n<tr>\n<td>Fuente de alimentaci\u00f3n<\/td>\n<td>3 x 1,5 V LR6 (AA)<\/td>\n<\/tr>\n<tr>\n<td>Tiempo de funcionamiento (m\u00e1x.)<\/td>\n<td>9 h en modo de l\u00edneas cruzadas, 17 h en modo de l\u00edneas<\/td>\n<\/tr>\n<tr>\n<td>Rosca del tr\u00edpode<\/td>\n<td>1\/4&#8243;, 5\/8&#8243;<\/td>\n<\/tr>\n<tr>\n<td>Peso, aprox.<\/td>\n<td>0,49\u00a0kg<\/td>\n<\/tr>\n<tr>\n<td>Color de la l\u00ednea l\u00e1ser<\/td>\n<td>rojo<\/td>\n<\/tr>\n<tr>\n<td>Proyecci\u00f3n<\/td>\n<td>2 l\u00edneas<\/td>\n<\/tr>\n<\/tbody>\n<\/table>\n","protected":false},"excerpt":{"rendered":"<h3 class=\"headline hl4\">F\u00e1cil de usar, l\u00e1ser robusto de l\u00ednea cruzada<\/h3>\n<ul class=\"m-product_hightlights__list\">\n<li>L\u00edneas l\u00e1ser horizontales y verticales<\/li>\n<li>Robustez con IP 54<\/li>\n<li>Flexible en su aplicaci\u00f3n gracias al soporte multifunci\u00f3n giratorio RM 1 Professional para alinear las l\u00edneas l\u00e1ser y una amplia gama de posibilidades de fijaci\u00f3n<\/li>\n<\/ul>\n","protected":false},"featured_media":23514,"template":"","meta":{"_exactmetrics_skip_tracking":false,"_exactmetrics_sitenote_active":false,"_exactmetrics_sitenote_note":"","_exactmetrics_sitenote_category":0,"_monsterinsights_skip_tracking":false,"_monsterinsights_sitenote_active":false,"_monsterinsights_sitenote_note":"","_monsterinsights_sitenote_category":0},"product_brand":[],"product_cat":[326,266,84,327],"product_tag":[],"class_list":{"0":"post-23513","1":"product","2":"type-product","3":"status-publish","4":"has-post-thumbnail","6":"product_cat-bosch","7":"product_cat-nivel-laser","8":"product_cat-nivel-laser-ingenieria","9":"product_cat-niveles-laser-bosch","11":"first","12":"instock","13":"shipping-taxable","14":"product-type-simple","15":"col-xxl","16":"col-xl-4","17":"col-lg-6","18":"col-sm-6"},"_links":{"self":[{"href":"https:\/\/kpn.com.uy\/web\/wp-json\/wp\/v2\/product\/23513","targetHints":{"allow":["GET"]}}],"collection":[{"href":"https:\/\/kpn.com.uy\/web\/wp-json\/wp\/v2\/product"}],"about":[{"href":"https:\/\/kpn.com.uy\/web\/wp-json\/wp\/v2\/types\/product"}],"wp:featuredmedia":[{"embeddable":true,"href":"https:\/\/kpn.com.uy\/web\/wp-json\/wp\/v2\/media\/23514"}],"wp:attachment":[{"href":"https:\/\/kpn.com.uy\/web\/wp-json\/wp\/v2\/media?parent=23513"}],"wp:term":[{"taxonomy":"product_brand","embeddable":true,"href":"https:\/\/kpn.com.uy\/web\/wp-json\/wp\/v2\/product_brand?post=23513"},{"taxonomy":"product_cat","embeddable":true,"href":"https:\/\/kpn.com.uy\/web\/wp-json\/wp\/v2\/product_cat?post=23513"},{"taxonomy":"product_tag","embeddable":true,"href":"https:\/\/kpn.com.uy\/web\/wp-json\/wp\/v2\/product_tag?post=23513"}],"curies":[{"name":"wp","href":"https:\/\/api.w.org\/{rel}","templated":true}]}}