{"id":23515,"date":"2020-08-03T10:39:47","date_gmt":"2020-08-03T13:39:47","guid":{"rendered":"https:\/\/kpn.com.uy\/web\/?post_type=product&#038;p=23515"},"modified":"2020-08-04T11:39:43","modified_gmt":"2020-08-04T14:39:43","slug":"nivel-laser-gll-2-12-g-professional","status":"publish","type":"product","link":"https:\/\/kpn.com.uy\/web\/producto\/nivel-laser-gll-2-12-g-professional\/","title":{"rendered":"Nivel Laser GLL 2-12 G Professional"},"content":{"rendered":"<div class=\"col-md-6\">\n<div class=\"m-product_hightlights__content-wrapper\">\n<table class=\"table\">\n<tbody>\n<tr>\n<td><b>Alcance*<\/b><\/td>\n<td><b>12<\/b>\u00a0<b>m<\/b><\/td>\n<\/tr>\n<tr>\n<td><b>Precisi\u00f3n*<\/b><\/td>\n<td><b>\u00b1 0,8 mm\/m<\/b><\/td>\n<\/tr>\n<tr>\n<td>Diodo l\u00e1ser<\/td>\n<td>500\u2013540\u00a0nm, &lt;\u00a05\u00a0mW<\/td>\n<\/tr>\n<tr>\n<td>Clase de l\u00e1ser<\/td>\n<td>2<\/td>\n<\/tr>\n<tr>\n<td><b>Intervalo de autonivelaci\u00f3n*<\/b><\/td>\n<td><b>\u00b1 4\u00b0<\/b><\/td>\n<\/tr>\n<tr>\n<td>Fuente de alimentaci\u00f3n<\/td>\n<td>2 x 1,5 V LR6 (AA)<\/td>\n<\/tr>\n<tr>\n<td>Rosca del tr\u00edpode<\/td>\n<td>1\/4&#8243;<\/td>\n<\/tr>\n<tr>\n<td>Peso, aprox.<\/td>\n<td>0,25\u00a0kg<\/td>\n<\/tr>\n<tr>\n<td>Color de la l\u00ednea l\u00e1ser<\/td>\n<td>verde<\/td>\n<\/tr>\n<\/tbody>\n<\/table>\n<\/div>\n<\/div>\n<div class=\"col-md-6\"><\/div>\n","protected":false},"excerpt":{"rendered":"<h3 class=\"headline hl4\">Sencillo y compacto para un entorno luminoso<\/h3>\n<ul class=\"m-product_hightlights__list\">\n<li>Visibilidad hasta cuatro veces mayor gracias a las l\u00edneas l\u00e1ser verdes en contraste con las l\u00edneas l\u00e1ser rojas<\/li>\n<li>Dise\u00f1o de peque\u00f1as dimensiones gracias a la tecnolog\u00eda T-lens<\/li>\n<li>Sencillo y f\u00e1cil de usar debido a una fase de interruptor deslizante<\/li>\n<\/ul>\n","protected":false},"featured_media":23516,"template":"","meta":{"_exactmetrics_skip_tracking":false,"_exactmetrics_sitenote_active":false,"_exactmetrics_sitenote_note":"","_exactmetrics_sitenote_category":0,"_monsterinsights_skip_tracking":false,"_monsterinsights_sitenote_active":false,"_monsterinsights_sitenote_note":"","_monsterinsights_sitenote_category":0},"product_brand":[],"product_cat":[326,84,266,327],"product_tag":[],"class_list":{"0":"post-23515","1":"product","2":"type-product","3":"status-publish","4":"has-post-thumbnail","6":"product_cat-bosch","7":"product_cat-nivel-laser-ingenieria","8":"product_cat-nivel-laser","9":"product_cat-niveles-laser-bosch","11":"first","12":"instock","13":"shipping-taxable","14":"product-type-simple","15":"col-xxl","16":"col-xl-4","17":"col-lg-6","18":"col-sm-6"},"_links":{"self":[{"href":"https:\/\/kpn.com.uy\/web\/wp-json\/wp\/v2\/product\/23515","targetHints":{"allow":["GET"]}}],"collection":[{"href":"https:\/\/kpn.com.uy\/web\/wp-json\/wp\/v2\/product"}],"about":[{"href":"https:\/\/kpn.com.uy\/web\/wp-json\/wp\/v2\/types\/product"}],"wp:featuredmedia":[{"embeddable":true,"href":"https:\/\/kpn.com.uy\/web\/wp-json\/wp\/v2\/media\/23516"}],"wp:attachment":[{"href":"https:\/\/kpn.com.uy\/web\/wp-json\/wp\/v2\/media?parent=23515"}],"wp:term":[{"taxonomy":"product_brand","embeddable":true,"href":"https:\/\/kpn.com.uy\/web\/wp-json\/wp\/v2\/product_brand?post=23515"},{"taxonomy":"product_cat","embeddable":true,"href":"https:\/\/kpn.com.uy\/web\/wp-json\/wp\/v2\/product_cat?post=23515"},{"taxonomy":"product_tag","embeddable":true,"href":"https:\/\/kpn.com.uy\/web\/wp-json\/wp\/v2\/product_tag?post=23515"}],"curies":[{"name":"wp","href":"https:\/\/api.w.org\/{rel}","templated":true}]}}