{"id":23519,"date":"2020-08-03T10:53:47","date_gmt":"2020-08-03T13:53:47","guid":{"rendered":"https:\/\/kpn.com.uy\/web\/?post_type=product&#038;p=23519"},"modified":"2020-08-04T11:55:52","modified_gmt":"2020-08-04T14:55:52","slug":"medidor-laser-glm-50-c-professional","status":"publish","type":"product","link":"https:\/\/kpn.com.uy\/web\/producto\/medidor-laser-glm-50-c-professional\/","title":{"rendered":"Medidor Laser GLM 50 C Professional"},"content":{"rendered":"<table class=\"table table--fixed\">\n<tbody>\n<tr>\n<td>Diodo l\u00e1ser<\/td>\n<td>635 nm, &lt; 1 mW<\/td>\n<\/tr>\n<tr>\n<td>Margen de medici\u00f3n<\/td>\n<td>0,05 \u2013 50,00 m<\/td>\n<\/tr>\n<tr>\n<td>Clase de l\u00e1ser<\/td>\n<td>2<\/td>\n<\/tr>\n<tr>\n<td>Exactitud de la medici\u00f3n habitual<\/td>\n<td>\u00b1 1,5 mm<\/td>\n<\/tr>\n<tr>\n<td>Margen de medici\u00f3n del inclin\u00f3metro<\/td>\n<td>0 \u2013 360\u00b0 (4 x 90\u00b0)<\/td>\n<\/tr>\n<tr>\n<td>Exactitud de la medici\u00f3n (habitual)<\/td>\n<td>\u00b1 0,2\u00b0<\/td>\n<\/tr>\n<tr>\n<td>Tiempo de medici\u00f3n habitual<\/td>\n<td>&lt; 0,5 s<\/td>\n<\/tr>\n<tr>\n<td>Tiempo m\u00e1x. de la medici\u00f3n<\/td>\n<td>4 s<\/td>\n<\/tr>\n<tr>\n<td>Alimentaci\u00f3n de tensi\u00f3n<\/td>\n<td>2 x 1,5 V LR03 (AAA)<\/td>\n<\/tr>\n<tr>\n<td>Desconexi\u00f3n autom\u00e1tica<\/td>\n<td>5 min<\/td>\n<\/tr>\n<tr>\n<td>Peso, aprox.<\/td>\n<td>0,1 kg<\/td>\n<\/tr>\n<tr>\n<td>Unidades de medida<\/td>\n<td>m\/cm, ft\/in<\/td>\n<\/tr>\n<tr>\n<td>Memoria<\/td>\n<td>30<\/td>\n<\/tr>\n<tr>\n<td>Vida \u00fatil de las bater\u00edas, n\u00famero de mediciones aprox.<\/td>\n<td>10.000<\/td>\n<\/tr>\n<tr>\n<td>Vida \u00fatil de las bater\u00edas, tiempo de servicio aprox.<\/td>\n<td>2,5 H<\/td>\n<\/tr>\n<tr>\n<td>Protecci\u00f3n contra polvo y salpicaduras de agua<\/td>\n<td>IP 54<\/td>\n<\/tr>\n<tr>\n<td>Rosca de tr\u00edpode<\/td>\n<td>1\/4&#8243;<\/td>\n<\/tr>\n<tr>\n<td>Transmisi\u00f3n de datos<\/td>\n<td>Dispositivos Android a partir de Bluetooth\u2122 2.1, Dispositivos iOS con tecnolog\u00eda Bluetooth\u2122 Smart<\/td>\n<\/tr>\n<tr>\n<td>Dispositivos Android compatibles<\/td>\n<td>Smartphone con Android 4.3 o posterior, Tablet con Android 4.3 o posterior<\/td>\n<\/tr>\n<tr>\n<td>Dispositivos iOS compatibles<\/td>\n<td>iPad (a partir de la 3.\u00aa generaci\u00f3n), iPad Air (a partir de la 1.\u00aa generaci\u00f3n), iPad mini (a partir de la 1.\u00aa generaci\u00f3n), a partir de iPhone 4S<\/td>\n<\/tr>\n<\/tbody>\n<\/table>\n","protected":false},"excerpt":{"rendered":"<h3 class=\"headline hl4\">Lo mejor de la medici\u00f3n conectada: la soluci\u00f3n inteligente para la medici\u00f3n y documentaci\u00f3n<\/h3>\n<ul class=\"m-product_hightlights__list\">\n<li>Transferencia de datos y documentaci\u00f3n f\u00e1ciles y eficientes gracias a la conectividad \u00aeBluetooth y a la aplicaci\u00f3n Bosch Measuring Master<\/li>\n<li>Amplia variedad de funciones que incluyen la funci\u00f3n de marcado y el sensor de inclinaci\u00f3n de 360\u00b0<\/li>\n<li>F\u00e1cil manejo con la sencilla interfaz de usuario combinada con una pantalla a color iluminada y orientable<\/li>\n<\/ul>\n","protected":false},"featured_media":23520,"template":"","meta":{"_exactmetrics_skip_tracking":false,"_exactmetrics_sitenote_active":false,"_exactmetrics_sitenote_note":"","_exactmetrics_sitenote_category":0,"_monsterinsights_skip_tracking":false,"_monsterinsights_sitenote_active":false,"_monsterinsights_sitenote_note":"","_monsterinsights_sitenote_category":0},"product_brand":[],"product_cat":[326,262,78,269,328],"product_tag":[],"class_list":{"0":"post-23519","1":"product","2":"type-product","3":"status-publish","4":"has-post-thumbnail","6":"product_cat-bosch","7":"product_cat-distanciometro","8":"product_cat-distanciometros","9":"product_cat-distanciometros-laser","10":"product_cat-medidores-laser","12":"first","13":"instock","14":"shipping-taxable","15":"product-type-simple","16":"col-xxl","17":"col-xl-4","18":"col-lg-6","19":"col-sm-6"},"_links":{"self":[{"href":"https:\/\/kpn.com.uy\/web\/wp-json\/wp\/v2\/product\/23519","targetHints":{"allow":["GET"]}}],"collection":[{"href":"https:\/\/kpn.com.uy\/web\/wp-json\/wp\/v2\/product"}],"about":[{"href":"https:\/\/kpn.com.uy\/web\/wp-json\/wp\/v2\/types\/product"}],"wp:featuredmedia":[{"embeddable":true,"href":"https:\/\/kpn.com.uy\/web\/wp-json\/wp\/v2\/media\/23520"}],"wp:attachment":[{"href":"https:\/\/kpn.com.uy\/web\/wp-json\/wp\/v2\/media?parent=23519"}],"wp:term":[{"taxonomy":"product_brand","embeddable":true,"href":"https:\/\/kpn.com.uy\/web\/wp-json\/wp\/v2\/product_brand?post=23519"},{"taxonomy":"product_cat","embeddable":true,"href":"https:\/\/kpn.com.uy\/web\/wp-json\/wp\/v2\/product_cat?post=23519"},{"taxonomy":"product_tag","embeddable":true,"href":"https:\/\/kpn.com.uy\/web\/wp-json\/wp\/v2\/product_tag?post=23519"}],"curies":[{"name":"wp","href":"https:\/\/api.w.org\/{rel}","templated":true}]}}