{"id":23522,"date":"2020-08-03T11:05:28","date_gmt":"2020-08-03T14:05:28","guid":{"rendered":"https:\/\/kpn.com.uy\/web\/?post_type=product&#038;p=23522"},"modified":"2020-08-04T11:57:11","modified_gmt":"2020-08-04T14:57:11","slug":"medidor-laser-glm-20-professional","status":"publish","type":"product","link":"https:\/\/kpn.com.uy\/web\/producto\/medidor-laser-glm-20-professional\/","title":{"rendered":"Medidor Laser GLM 20 Professional"},"content":{"rendered":"<table class=\"table\">\n<tbody>\n<tr>\n<td><b>Diodo l\u00e1ser*<\/b><\/td>\n<td><b>635 nm, &lt; 1 mW<\/b><\/td>\n<\/tr>\n<tr>\n<td><b>Rango de medici\u00f3n*<\/b><\/td>\n<td><b>0,15 \u2013 20,00<\/b>\u00a0<b>m<\/b><\/td>\n<\/tr>\n<tr>\n<td><b>Peso, aprox.*<\/b><\/td>\n<td><b>0.13<\/b>\u00a0<b>kg<\/b><\/td>\n<\/tr>\n<tr>\n<td>Tiempo de medici\u00f3n, habitual<\/td>\n<td>&lt; 0,5 s<\/td>\n<\/tr>\n<tr>\n<td>Unidades de medici\u00f3n<\/td>\n<td>m\/cm, ft\/in<\/td>\n<\/tr>\n<tr>\n<td>Clase de l\u00e1ser<\/td>\n<td>2<\/td>\n<\/tr>\n<tr>\n<td>Precisi\u00f3n de medici\u00f3n, habitual<\/td>\n<td>\u00b13,0 mm<\/td>\n<\/tr>\n<tr>\n<td>Fuente de alimentaci\u00f3n<\/td>\n<td>2 x 1,5 V LR03 (AAA)<\/td>\n<\/tr>\n<tr>\n<td>Desconexi\u00f3n autom\u00e1tica<\/td>\n<td>5\u00a0m\u00edn.<\/td>\n<\/tr>\n<tr>\n<td>Vida \u00fatil de las bater\u00edas, n\u00famero de mediciones aprox.<\/td>\n<td>5,000<\/td>\n<\/tr>\n<tr>\n<td>Vida \u00fatil de las bater\u00edas, tiempo de servicio aprox.<\/td>\n<td>5\u00a0h<\/td>\n<\/tr>\n<\/tbody>\n<\/table>\n","protected":false},"excerpt":{"rendered":"<h3 class=\"headline hl4\">Medici\u00f3n de longitud: f\u00e1cil, compacto, para profesionales<\/h3>\n<ul class=\"m-product_hightlights__list\">\n<li>Un bot\u00f3n para todo: medici\u00f3n intuitiva y f\u00e1cil<\/li>\n<li>Compacto: se ajusta sin problemas a cada bolsillo<\/li>\n<\/ul>\n","protected":false},"featured_media":23523,"template":"","meta":{"_exactmetrics_skip_tracking":false,"_exactmetrics_sitenote_active":false,"_exactmetrics_sitenote_note":"","_exactmetrics_sitenote_category":0,"_monsterinsights_skip_tracking":false,"_monsterinsights_sitenote_active":false,"_monsterinsights_sitenote_note":"","_monsterinsights_sitenote_category":0},"product_brand":[],"product_cat":[326,262,78,328],"product_tag":[],"class_list":{"0":"post-23522","1":"product","2":"type-product","3":"status-publish","4":"has-post-thumbnail","6":"product_cat-bosch","7":"product_cat-distanciometro","8":"product_cat-distanciometros","9":"product_cat-medidores-laser","11":"first","12":"instock","13":"shipping-taxable","14":"product-type-simple","15":"col-xxl","16":"col-xl-4","17":"col-lg-6","18":"col-sm-6"},"_links":{"self":[{"href":"https:\/\/kpn.com.uy\/web\/wp-json\/wp\/v2\/product\/23522","targetHints":{"allow":["GET"]}}],"collection":[{"href":"https:\/\/kpn.com.uy\/web\/wp-json\/wp\/v2\/product"}],"about":[{"href":"https:\/\/kpn.com.uy\/web\/wp-json\/wp\/v2\/types\/product"}],"wp:featuredmedia":[{"embeddable":true,"href":"https:\/\/kpn.com.uy\/web\/wp-json\/wp\/v2\/media\/23523"}],"wp:attachment":[{"href":"https:\/\/kpn.com.uy\/web\/wp-json\/wp\/v2\/media?parent=23522"}],"wp:term":[{"taxonomy":"product_brand","embeddable":true,"href":"https:\/\/kpn.com.uy\/web\/wp-json\/wp\/v2\/product_brand?post=23522"},{"taxonomy":"product_cat","embeddable":true,"href":"https:\/\/kpn.com.uy\/web\/wp-json\/wp\/v2\/product_cat?post=23522"},{"taxonomy":"product_tag","embeddable":true,"href":"https:\/\/kpn.com.uy\/web\/wp-json\/wp\/v2\/product_tag?post=23522"}],"curies":[{"name":"wp","href":"https:\/\/api.w.org\/{rel}","templated":true}]}}