{"id":23524,"date":"2020-08-03T11:09:09","date_gmt":"2020-08-03T14:09:09","guid":{"rendered":"https:\/\/kpn.com.uy\/web\/?post_type=product&#038;p=23524"},"modified":"2020-08-04T11:59:38","modified_gmt":"2020-08-04T14:59:38","slug":"medidor-laser-glm-40-professional","status":"publish","type":"product","link":"https:\/\/kpn.com.uy\/web\/producto\/medidor-laser-glm-40-professional\/","title":{"rendered":"Medidor Laser GLM 40 Professional"},"content":{"rendered":"<table class=\"table\">\n<tbody>\n<tr>\n<td><b>Diodo l\u00e1ser*<\/b><\/td>\n<td><b>635 nm, &lt; 1 mW<\/b><\/td>\n<\/tr>\n<tr>\n<td><b>Rango de medici\u00f3n*<\/b><\/td>\n<td><b>0,15 \u2013 40,00<\/b>\u00a0<b>m<\/b><\/td>\n<\/tr>\n<tr>\n<td><b>Peso, aprox.*<\/b><\/td>\n<td><b>0,09<\/b>\u00a0<b>kg<\/b><\/td>\n<\/tr>\n<tr>\n<td>Tiempo de medici\u00f3n, habitual<\/td>\n<td>m\u00edn.:0,5 s; m\u00e1x.:4s<\/td>\n<\/tr>\n<tr>\n<td>Clase de l\u00e1ser<\/td>\n<td>2<\/td>\n<\/tr>\n<tr>\n<td>Precisi\u00f3n de medici\u00f3n, habitual<\/td>\n<td>\u00b1 1,5 mm<\/td>\n<\/tr>\n<tr>\n<td>Tiempo de medici\u00f3n m\u00e1x.<\/td>\n<td>4\u00a0s<\/td>\n<\/tr>\n<tr>\n<td>Fuente de alimentaci\u00f3n<\/td>\n<td>2 x 1,5 V LR03 (AAA)<\/td>\n<\/tr>\n<tr>\n<td>Desconexi\u00f3n autom\u00e1tica<\/td>\n<td>5\u00a0m\u00edn.<\/td>\n<\/tr>\n<tr>\n<td>Unidades de medici\u00f3n<\/td>\n<td>m\/cm, ft\/in<\/td>\n<\/tr>\n<tr>\n<td>Capacidad de almacenamiento (valores)<\/td>\n<td>10<\/td>\n<\/tr>\n<tr>\n<td>Protecci\u00f3n contra polvo y salpicaduras de agua<\/td>\n<td>IP 54<\/td>\n<\/tr>\n<\/tbody>\n<\/table>\n","protected":false},"excerpt":{"rendered":"<h3 class=\"headline hl4\">Todas las funciones relevantes en la forma m\u00e1s compacta<\/h3>\n<ul class=\"m-product_hightlights__list\">\n<li>Robusto: Protecci\u00f3n IP 54 contra polvo y salpicaduras de agua<\/li>\n<li>Exactitud de 1,5mm para una mejor medici\u00f3n<\/li>\n<li>La funci\u00f3n de memoria permite un acceso f\u00e1cil a las diez \u00faltimas mediciones<\/li>\n<\/ul>\n","protected":false},"featured_media":23525,"template":"","meta":{"_exactmetrics_skip_tracking":false,"_exactmetrics_sitenote_active":false,"_exactmetrics_sitenote_note":"","_exactmetrics_sitenote_category":0,"_monsterinsights_skip_tracking":false,"_monsterinsights_sitenote_active":false,"_monsterinsights_sitenote_note":"","_monsterinsights_sitenote_category":0},"product_brand":[],"product_cat":[326,262,78,328],"product_tag":[],"class_list":{"0":"post-23524","1":"product","2":"type-product","3":"status-publish","4":"has-post-thumbnail","6":"product_cat-bosch","7":"product_cat-distanciometro","8":"product_cat-distanciometros","9":"product_cat-medidores-laser","11":"first","12":"instock","13":"shipping-taxable","14":"product-type-simple","15":"col-xxl","16":"col-xl-4","17":"col-lg-6","18":"col-sm-6"},"_links":{"self":[{"href":"https:\/\/kpn.com.uy\/web\/wp-json\/wp\/v2\/product\/23524","targetHints":{"allow":["GET"]}}],"collection":[{"href":"https:\/\/kpn.com.uy\/web\/wp-json\/wp\/v2\/product"}],"about":[{"href":"https:\/\/kpn.com.uy\/web\/wp-json\/wp\/v2\/types\/product"}],"wp:featuredmedia":[{"embeddable":true,"href":"https:\/\/kpn.com.uy\/web\/wp-json\/wp\/v2\/media\/23525"}],"wp:attachment":[{"href":"https:\/\/kpn.com.uy\/web\/wp-json\/wp\/v2\/media?parent=23524"}],"wp:term":[{"taxonomy":"product_brand","embeddable":true,"href":"https:\/\/kpn.com.uy\/web\/wp-json\/wp\/v2\/product_brand?post=23524"},{"taxonomy":"product_cat","embeddable":true,"href":"https:\/\/kpn.com.uy\/web\/wp-json\/wp\/v2\/product_cat?post=23524"},{"taxonomy":"product_tag","embeddable":true,"href":"https:\/\/kpn.com.uy\/web\/wp-json\/wp\/v2\/product_tag?post=23524"}],"curies":[{"name":"wp","href":"https:\/\/api.w.org\/{rel}","templated":true}]}}