{"id":23527,"date":"2020-08-03T11:13:02","date_gmt":"2020-08-03T14:13:02","guid":{"rendered":"https:\/\/kpn.com.uy\/web\/?post_type=product&#038;p=23527"},"modified":"2020-08-04T12:01:20","modified_gmt":"2020-08-04T15:01:20","slug":"medidor-laser-glm-120-c-professional","status":"publish","type":"product","link":"https:\/\/kpn.com.uy\/web\/producto\/medidor-laser-glm-120-c-professional\/","title":{"rendered":"Medidor Laser GLM 120 C Professional"},"content":{"rendered":"<table class=\"table\">\n<tbody>\n<tr>\n<td><b>Diodo l\u00e1ser*<\/b><\/td>\n<td><b>650 nm, &lt; 1 mW<\/b><\/td>\n<\/tr>\n<tr>\n<td><b>Rango de medici\u00f3n*<\/b><\/td>\n<td><b>0,08 \u2013 120,00<\/b>\u00a0<b>m<\/b><\/td>\n<\/tr>\n<tr>\n<td><b>Peso, aprox.*<\/b><\/td>\n<td><b>0,21<\/b>\u00a0<b>kg<\/b><\/td>\n<\/tr>\n<tr>\n<td>Tiempo de medici\u00f3n, habitual<\/td>\n<td>&lt; 0,5 s<\/td>\n<\/tr>\n<tr>\n<td>Clase de l\u00e1ser<\/td>\n<td>2<\/td>\n<\/tr>\n<tr>\n<td>Precisi\u00f3n de medici\u00f3n, habitual<\/td>\n<td>\u00b1 1,5\u00a0mm<\/td>\n<\/tr>\n<tr>\n<td>Margen de medici\u00f3n del inclin\u00f3metro<\/td>\n<td>0-360\u00b0 (4 x 90\u00b0)<\/td>\n<\/tr>\n<tr>\n<td>Exactitud de la medici\u00f3n (habitual)<\/td>\n<td>\u00b1 0,2\u00b0<\/td>\n<\/tr>\n<tr>\n<td>Tiempo de medici\u00f3n m\u00e1x.<\/td>\n<td>4\u00a0s<\/td>\n<\/tr>\n<tr>\n<td>Fuente de alimentaci\u00f3n<\/td>\n<td>1 bater\u00eda de 3,6 V de litio (3120 mAh)<\/td>\n<\/tr>\n<tr>\n<td>Desconexi\u00f3n autom\u00e1tica<\/td>\n<td>5\u00a0m\u00edn.<\/td>\n<\/tr>\n<tr>\n<td>Unidades de medici\u00f3n<\/td>\n<td>m\/cm\/mm\/ft\/in\/ft-in<\/td>\n<\/tr>\n<tr>\n<td>Capacidad de almacenamiento (valores)<\/td>\n<td>50<\/td>\n<\/tr>\n<tr>\n<td>Protecci\u00f3n contra polvo y salpicaduras de agua<\/td>\n<td>IP 54<\/td>\n<\/tr>\n<tr>\n<td>Rosca del tr\u00edpode<\/td>\n<td>1\/4&#8243;<\/td>\n<\/tr>\n<tr>\n<td>Mirilla digital<\/td>\n<td>integrada<\/td>\n<\/tr>\n<tr>\n<td>Transmisi\u00f3n de datos<\/td>\n<td>Bluetooth\u2122 Smart<\/td>\n<\/tr>\n<tr>\n<td>Dispositivos Android compatibles<\/td>\n<td>Smartphone con Android 4.3 o posterior, Tablet con Android 4.3 o posterior<\/td>\n<\/tr>\n<tr>\n<td>Dispositivos iOS compatibles<\/td>\n<td>a partir de iPhone 4S, iPad (a partir de la 3.\u00aa generaci\u00f3n), iPad Air (a partir de la 1.\u00aa generaci\u00f3n), iPad mini (a partir de la 1.\u00aa generaci\u00f3n)<\/td>\n<\/tr>\n<\/tbody>\n<\/table>\n","protected":false},"excerpt":{"rendered":"<h3 class=\"headline hl4\">La soluci\u00f3n inteligente para la medici\u00f3n y la documentaci\u00f3n de entornos interiores y exteriores<\/h3>\n<ul class=\"m-product_hightlights__list\">\n<li>La mirilla digital con zoom garantiza la precisi\u00f3n en largas distancias, exteriores y en entornos complejos<\/li>\n<li>Pantalla en color de alto contraste IPS para una legibilidad \u00f3ptima<\/li>\n<li>Mando a distancia para poder realizar mediciones con rapidez, y aplicaci\u00f3n Measuring Master para documentar los resultados de manera sencilla<\/li>\n<\/ul>\n","protected":false},"featured_media":23528,"template":"","meta":{"_exactmetrics_skip_tracking":false,"_exactmetrics_sitenote_active":false,"_exactmetrics_sitenote_note":"","_exactmetrics_sitenote_category":0,"_monsterinsights_skip_tracking":false,"_monsterinsights_sitenote_active":false,"_monsterinsights_sitenote_note":"","_monsterinsights_sitenote_category":0},"product_brand":[],"product_cat":[326,262,269,78,328],"product_tag":[],"class_list":{"0":"post-23527","1":"product","2":"type-product","3":"status-publish","4":"has-post-thumbnail","6":"product_cat-bosch","7":"product_cat-distanciometro","8":"product_cat-distanciometros-laser","9":"product_cat-distanciometros","10":"product_cat-medidores-laser","12":"first","13":"instock","14":"shipping-taxable","15":"product-type-simple","16":"col-xxl","17":"col-xl-4","18":"col-lg-6","19":"col-sm-6"},"_links":{"self":[{"href":"https:\/\/kpn.com.uy\/web\/wp-json\/wp\/v2\/product\/23527","targetHints":{"allow":["GET"]}}],"collection":[{"href":"https:\/\/kpn.com.uy\/web\/wp-json\/wp\/v2\/product"}],"about":[{"href":"https:\/\/kpn.com.uy\/web\/wp-json\/wp\/v2\/types\/product"}],"wp:featuredmedia":[{"embeddable":true,"href":"https:\/\/kpn.com.uy\/web\/wp-json\/wp\/v2\/media\/23528"}],"wp:attachment":[{"href":"https:\/\/kpn.com.uy\/web\/wp-json\/wp\/v2\/media?parent=23527"}],"wp:term":[{"taxonomy":"product_brand","embeddable":true,"href":"https:\/\/kpn.com.uy\/web\/wp-json\/wp\/v2\/product_brand?post=23527"},{"taxonomy":"product_cat","embeddable":true,"href":"https:\/\/kpn.com.uy\/web\/wp-json\/wp\/v2\/product_cat?post=23527"},{"taxonomy":"product_tag","embeddable":true,"href":"https:\/\/kpn.com.uy\/web\/wp-json\/wp\/v2\/product_tag?post=23527"}],"curies":[{"name":"wp","href":"https:\/\/api.w.org\/{rel}","templated":true}]}}