{"id":23535,"date":"2020-08-03T11:56:41","date_gmt":"2020-08-03T14:56:41","guid":{"rendered":"https:\/\/kpn.com.uy\/web\/?post_type=product&#038;p=23535"},"modified":"2020-08-03T11:56:41","modified_gmt":"2020-08-03T14:56:41","slug":"medidor-de-angulos-laser-gam-220-mf-professional","status":"publish","type":"product","link":"https:\/\/kpn.com.uy\/web\/producto\/medidor-de-angulos-laser-gam-220-mf-professional\/","title":{"rendered":"Medidor de \u00e1ngulos Laser GAM 220 MF Professional"},"content":{"rendered":"<p>Margen de medici\u00f3n 0 \u2013 220\u00b0<\/p>\n<p>Exactitud de medida, \u00e1ngulo \u00b1\u20090,1\u00b0<\/p>\n<p>Exactitud de medida, nivel de burbuja \u00b1\u20090,05\u00b0<\/p>\n<p>Precisi\u00f3n de la determinaci\u00f3n de \u00e1ngulos \u00b1\u20090,1\u00b0<\/p>\n<p>Alimentaci\u00f3n de tensi\u00f3n 4 x 1,5 V LR6 (AA)<\/p>\n<p>Potencia de la bater\u00eda, aprox.80 H<\/p>\n<p>Desconexi\u00f3n autom\u00e1tica, aprox.30 min<\/p>\n<p>Longitud de fibra 40 cm<\/p>\n<p>Peso, aprox. 1,2 kg<\/p>\n","protected":false},"excerpt":{"rendered":"<h3 class=\"headline hl4\">C\u00e1lculo r\u00e1pido de los \u00e1ngulos a inglete<\/h3>\n<ul class=\"m-product_hightlights__list\">\n<li>R\u00e1pido c\u00e1lculo y transferencia de \u00e1ngulos gracias a la funci\u00f3n de memoria para medidas de \u00e1ngulo utilizadas con frecuencia<\/li>\n<li>C\u00e1lculo autom\u00e1tico y sencillo de \u00e1ngulos a inglete y bisel sin necesidad de otros accesorios<\/li>\n<\/ul>\n","protected":false},"featured_media":23536,"template":"","meta":{"_exactmetrics_skip_tracking":false,"_exactmetrics_sitenote_active":false,"_exactmetrics_sitenote_note":"","_exactmetrics_sitenote_category":0,"_monsterinsights_skip_tracking":false,"_monsterinsights_sitenote_active":false,"_monsterinsights_sitenote_note":"","_monsterinsights_sitenote_category":0},"product_brand":[],"product_cat":[326,328],"product_tag":[],"class_list":{"0":"post-23535","1":"product","2":"type-product","3":"status-publish","4":"has-post-thumbnail","6":"product_cat-bosch","7":"product_cat-medidores-laser","9":"first","10":"instock","11":"shipping-taxable","12":"product-type-simple","13":"col-xxl","14":"col-xl-4","15":"col-lg-6","16":"col-sm-6"},"_links":{"self":[{"href":"https:\/\/kpn.com.uy\/web\/wp-json\/wp\/v2\/product\/23535","targetHints":{"allow":["GET"]}}],"collection":[{"href":"https:\/\/kpn.com.uy\/web\/wp-json\/wp\/v2\/product"}],"about":[{"href":"https:\/\/kpn.com.uy\/web\/wp-json\/wp\/v2\/types\/product"}],"wp:featuredmedia":[{"embeddable":true,"href":"https:\/\/kpn.com.uy\/web\/wp-json\/wp\/v2\/media\/23536"}],"wp:attachment":[{"href":"https:\/\/kpn.com.uy\/web\/wp-json\/wp\/v2\/media?parent=23535"}],"wp:term":[{"taxonomy":"product_brand","embeddable":true,"href":"https:\/\/kpn.com.uy\/web\/wp-json\/wp\/v2\/product_brand?post=23535"},{"taxonomy":"product_cat","embeddable":true,"href":"https:\/\/kpn.com.uy\/web\/wp-json\/wp\/v2\/product_cat?post=23535"},{"taxonomy":"product_tag","embeddable":true,"href":"https:\/\/kpn.com.uy\/web\/wp-json\/wp\/v2\/product_tag?post=23535"}],"curies":[{"name":"wp","href":"https:\/\/api.w.org\/{rel}","templated":true}]}}