{"id":23542,"date":"2020-08-03T12:20:06","date_gmt":"2020-08-03T15:20:06","guid":{"rendered":"https:\/\/kpn.com.uy\/web\/?post_type=product&#038;p=23542"},"modified":"2020-08-04T11:35:24","modified_gmt":"2020-08-04T14:35:24","slug":"nivel-laser-gll-3-80-professional","status":"publish","type":"product","link":"https:\/\/kpn.com.uy\/web\/producto\/nivel-laser-gll-3-80-professional\/","title":{"rendered":"Nivel Laser GLL 3-80 Professional"},"content":{"rendered":"<table class=\"table\">\n<tbody>\n<tr>\n<td><b>Alcance*<\/b><\/td>\n<td><b>hasta 30<\/b>\u00a0<b>m<\/b><\/td>\n<\/tr>\n<tr>\n<td><b>Alcance con receptor*<\/b><\/td>\n<td><b>hasta 120 m<\/b><\/td>\n<\/tr>\n<tr>\n<td><b>Precisi\u00f3n*<\/b><\/td>\n<td><b>+\/- 0,3\u00a0mm\/m*\/** (*para los cuatro puntos de intersecci\u00f3n horizontal; **m\u00e1s desviaci\u00f3n dependiente del uso)<\/b><\/td>\n<\/tr>\n<tr>\n<td>Diodo l\u00e1ser<\/td>\n<td>L\u00ednea: 630 &#8211; 650 Nm, &lt; 10 mW<\/td>\n<\/tr>\n<tr>\n<td>Temperatura de servicio<\/td>\n<td>-10 \u2013 40\u00a0\u00b0C<\/td>\n<\/tr>\n<tr>\n<td>Temperatura de almacenamiento<\/td>\n<td>-20 \u2013 70\u00a0\u00b0C<\/td>\n<\/tr>\n<tr>\n<td>Clase de l\u00e1ser<\/td>\n<td>2<\/td>\n<\/tr>\n<tr>\n<td>Alcance sin receptor<\/td>\n<td>hasta 30 m<\/td>\n<\/tr>\n<tr>\n<td>Intervalo de autonivelaci\u00f3n<\/td>\n<td>\u00b1 4\u00b0<\/td>\n<\/tr>\n<tr>\n<td>Tiempo de nivelaci\u00f3n<\/td>\n<td>4\u00a0s<\/td>\n<\/tr>\n<tr>\n<td>Protecci\u00f3n contra polvo y salpicaduras de agua<\/td>\n<td>IP 54<\/td>\n<\/tr>\n<tr>\n<td>Fuente de alimentaci\u00f3n<\/td>\n<td>4 x 1,5 V LR6 (AA)<\/td>\n<\/tr>\n<tr>\n<td>Tiempo de funcionamiento (m\u00e1x.)<\/td>\n<td>4 h (en modo de 3 l\u00edneas)<\/td>\n<\/tr>\n<tr>\n<td>Rosca del tr\u00edpode<\/td>\n<td>1\/4&#8243;, 5\/8&#8243;<\/td>\n<\/tr>\n<tr>\n<td>Peso, aprox.<\/td>\n<td>0,82\u00a0kg<\/td>\n<\/tr>\n<tr>\n<td>Color de la l\u00ednea l\u00e1ser<\/td>\n<td>rojo<\/td>\n<\/tr>\n<tr>\n<td>Proyecci\u00f3n<\/td>\n<td>L\u00ednea 3 x 360\u00b0<\/td>\n<\/tr>\n<tr>\n<td>Receptores de l\u00e1ser compatibles<\/td>\n<td>LR 6 + 7<\/td>\n<\/tr>\n<\/tbody>\n<\/table>\n","protected":false},"excerpt":{"rendered":"<h3 class=\"headline hl4\">Visibilidad en un nuevo nivel, con 3 l\u00edneas de proyecci\u00f3n a 360\u00b0<\/h3>\n<ul class=\"m-product_hightlights__list\">\n<li>Alta claridad visual proporcionada por diodos de alta potencia<\/li>\n<li>Las tres l\u00edneas de proyecci\u00f3n a 360\u00b0 permiten nivelar simult\u00e1neamente en horizontal y vertical, para trabajar con la mayor eficiencia<\/li>\n<li>La intuitiva interfaz de usuario permite un manejo sencillo<\/li>\n<\/ul>\n","protected":false},"featured_media":23543,"template":"","meta":{"_exactmetrics_skip_tracking":false,"_exactmetrics_sitenote_active":false,"_exactmetrics_sitenote_note":"","_exactmetrics_sitenote_category":0,"_monsterinsights_skip_tracking":false,"_monsterinsights_sitenote_active":false,"_monsterinsights_sitenote_note":"","_monsterinsights_sitenote_category":0},"product_brand":[],"product_cat":[326,266,84,327],"product_tag":[],"class_list":{"0":"post-23542","1":"product","2":"type-product","3":"status-publish","4":"has-post-thumbnail","6":"product_cat-bosch","7":"product_cat-nivel-laser","8":"product_cat-nivel-laser-ingenieria","9":"product_cat-niveles-laser-bosch","11":"first","12":"instock","13":"shipping-taxable","14":"product-type-simple","15":"col-xxl","16":"col-xl-4","17":"col-lg-6","18":"col-sm-6"},"_links":{"self":[{"href":"https:\/\/kpn.com.uy\/web\/wp-json\/wp\/v2\/product\/23542","targetHints":{"allow":["GET"]}}],"collection":[{"href":"https:\/\/kpn.com.uy\/web\/wp-json\/wp\/v2\/product"}],"about":[{"href":"https:\/\/kpn.com.uy\/web\/wp-json\/wp\/v2\/types\/product"}],"wp:featuredmedia":[{"embeddable":true,"href":"https:\/\/kpn.com.uy\/web\/wp-json\/wp\/v2\/media\/23543"}],"wp:attachment":[{"href":"https:\/\/kpn.com.uy\/web\/wp-json\/wp\/v2\/media?parent=23542"}],"wp:term":[{"taxonomy":"product_brand","embeddable":true,"href":"https:\/\/kpn.com.uy\/web\/wp-json\/wp\/v2\/product_brand?post=23542"},{"taxonomy":"product_cat","embeddable":true,"href":"https:\/\/kpn.com.uy\/web\/wp-json\/wp\/v2\/product_cat?post=23542"},{"taxonomy":"product_tag","embeddable":true,"href":"https:\/\/kpn.com.uy\/web\/wp-json\/wp\/v2\/product_tag?post=23542"}],"curies":[{"name":"wp","href":"https:\/\/api.w.org\/{rel}","templated":true}]}}